{"id":2751,"date":"2023-10-16T19:19:31","date_gmt":"2023-10-16T19:19:31","guid":{"rendered":"https:\/\/webquequen.nuevo.unicen.edu.ar\/?page_id=2751"},"modified":"2025-08-29T15:19:24","modified_gmt":"2025-08-29T15:19:24","slug":"biblioteca","status":"publish","type":"page","link":"https:\/\/www.quequen.unicen.edu.ar\/?page_id=2751","title":{"rendered":"Biblioteca"},"content":{"rendered":"\n<div class=\"wp-block-uagb-container uagb-block-0418704d alignfull uagb-is-root-container\"><div class=\"uagb-container-inner-blocks-wrap\">\n<div class=\"wp-block-uagb-advanced-heading uagb-block-47122f81\"><h3 class=\"uagb-heading-text\"><strong>HORARIO DE ATENCI\u00d3N<\/strong><\/h3><\/div>\n\n\n\n<div class=\"wp-block-uagb-advanced-heading uagb-block-78672c29\"><h6 class=\"uagb-heading-text\"><br><strong>Lunes a viernes de 10.30 a 17.00 Hs.<\/strong><\/h6><\/div>\n\n\n\n<div class=\"wp-block-uagb-advanced-heading uagb-block-bb4015cf\"><h6 class=\"uagb-heading-text\"><strong>Informes y consultas a&nbsp;<em>biblioteca@quequen.unicen.edu.ar<\/em><\/strong><\/h6><\/div>\n\n\n\n<div class=\"wp-block-uagb-separator uagb-block-97d80eb5\"><div class=\"wp-block-uagb-separator__inner\" style=\"--my-background-image:\"><\/div><\/div>\n<\/div><\/div>\n\n\n\n<div class=\"wp-block-uagb-container uagb-block-4ad9cfa5 alignfull uagb-is-root-container\"><div class=\"uagb-container-inner-blocks-wrap\">\n<h3 class=\"wp-block-heading\" id=\"acceso_catalogo\">C\u00f3mo acceder al cat\u00e1logo bibliogr\u00e1fico online<\/h3>\n\n\n\n<p>Para consultar el cat\u00e1logo bibliogr\u00e1fico disponible en el Sistema de Bibliotecas de la UNICEN, no es necesario tener un usuario. Haciendo clic en el enlace&nbsp;<strong><a href=\"https:\/\/opac.biblio.unicen.edu.ar\/cgi-bin\/koha\/opac-main.pl\">OPAC Koha<\/a><\/strong>&nbsp;, es posible consultar el material con el cuentan todas nuestras bibliotecas.<\/p>\n\n\n\n<h3 class=\"wp-block-heading\" id=\"crear_usuario\">C\u00f3mo hacerte usuario de biblioteca<\/h3>\n\n\n\n<p>Podes convertirte en usuario en tres simples pasos:<\/p>\n\n\n\n<ul class=\"wp-block-list\">\n<li>Complet\u00e1 el&nbsp;<strong><a href=\"https:\/\/opac.biblio.unicen.edu.ar\/opacunicen\/pdf\/Usuario_nuevo.pdf\">formulario para usuarios nuevos<\/a><\/strong>.<\/li>\n\n\n\n<li>Envi\u00e1 el mismo junto a tu certificado habilitante (alumno regular, recibo de sueldo etc. seg\u00fan corresponda) y foto del frente del DNI al correo electr\u00f3nico biblioteca@quequen.unicen.edu.ar con el asunto: USUARIO NUEVO.<\/li>\n\n\n\n<li>Recibir\u00e1s tu usuario y clave en tu correo, junto a informaci\u00f3n relevante.<\/li>\n\n\n\n<li>Por ese mismo medio pod\u00e9s solicitar acceso a la biblioteca virtual eLibro.<\/li>\n<\/ul>\n\n\n\n<h3 class=\"wp-block-heading\" id=\"renovar_usuario\">C\u00f3mo renovar tu usuario de biblioteca<\/h3>\n\n\n\n<p>El 30 de abril de cada a\u00f1o vence tu usuario de biblioteca, la renovaci\u00f3n es muy sencilla:<\/p>\n\n\n\n<ul class=\"wp-block-list\">\n<li>Complet\u00e1 el&nbsp;<strong><a href=\"https:\/\/opac.biblio.unicen.edu.ar\/opacunicen\/pdf\/Renovacion_de_usuario.pdf\" target=\"_blank\" rel=\"noreferrer noopener\">formulario para renovar tu usuario<\/a><\/strong><\/li>\n\n\n\n<li>Envi\u00e1 el mismo junto a tu certificado habilitante (alumno regular, recibo de sueldo etc. seg\u00fan corresponda) y foto del frente del DNI al correo electr\u00f3nico biblioteca@quequen.unicen.edu.ar con el asunto: RENOVACI\u00d3N<\/li>\n\n\n\n<li>Recibir\u00e1s la confirmaci\u00f3n de la renovaci\u00f3n en la misma cuenta de correo electr\u00f3nico.<\/li>\n<\/ul>\n\n\n\n<h3 class=\"wp-block-heading\" id=\"devolucion_ejemplar\">Cu\u00e1l es la pol\u00edtica de pr\u00e9stamos de la biblioteca<\/h3>\n\n\n\n<ol class=\"wp-block-list\">\n<li>Cada usuario puede retirar hasta 4 (cuatro) libros en pr\u00e9stamo domiciliario.<\/li>\n\n\n\n<li>Los libros que poseen m\u00e1s de un ejemplar se prestan por 7 (siete) d\u00edas corridos, pudiendo solicitarse su renovaci\u00f3n. Los ejemplares \u00fanicos est\u00e1n disponibles solo en pr\u00e9stamo nocturno o por fin de semana.<\/li>\n\n\n\n<li>No se puede renovar un libro si alguien lo ha solicitado y no hay otros ejemplares disponibles.<\/li>\n\n\n\n<li>Si el usuario devuelve los ejemplares en pr\u00e9stamo con retraso, el sistema inhabilita al usuario por un periodo de tiempo proporcional a los d\u00edas de demora.<\/li>\n\n\n\n<li>La sala de lectura es p\u00fablica por lo tanto cualquier persona interesada en lectura recreativa o en b\u00fasqueda de informaci\u00f3n puede asistir a la biblioteca. S\u00f3lo se le solicitar\u00e1 presentar el DNI para acceder a un pr\u00e9stamo&nbsp;<em>in situ<\/em>.<\/li>\n<\/ol>\n\n\n\n<h3 class=\"wp-block-heading\" id=\"recursos_digitales\">C\u00f3mo acceder a recursos digitales<\/h3>\n\n\n\n<p>A trav\u00e9s del&nbsp;<a href=\"https:\/\/www.biblio.unicen.edu.ar\/?q=node\/150\"><strong>Sistema de Bibliotecas UNICEN<\/strong><\/a>&nbsp;pod\u00e9s conocer el listado completo de recursos digitales.<\/p>\n\n\n\n<ul class=\"wp-block-list\">\n<li>Algunos recursos, como la&nbsp;<strong><a href=\"https:\/\/www.biblioteca.mincyt.gob.ar\/\">Biblioteca Electr\u00f3nica del MinCyT<\/a><\/strong>, est\u00e1n disponibles \u00fanicamente desde las instalaciones de la universidad. Consultar en biblioteca para configurar el proxy en el navegador de tu computadora.<\/li>\n\n\n\n<li><strong><a href=\"https:\/\/elibro.net\/es\/lc\/unicen\/login_usuario\/?next=\/es\/lc\/unicen\/inicio\/\">Biblioteca Digital eLibro<\/a><\/strong>\u00a0\u2013\u00a0<strong>Pod\u00e9s generar tu usuario desde tu cuenta en la plataforma Moodle<\/strong><\/li>\n\n\n\n<li><strong><a href=\"https:\/\/www.bidi.la\/account\/uncentro\/login\">Biblioteca Digital BiDi<\/a><\/strong><\/li>\n\n\n\n<li><strong>RECURSOS DE ACCESO ABIERTO Y GRATUITO<\/strong>\n<ul class=\"wp-block-list\">\n<li><strong><a href=\"https:\/\/portalderevistas.unicen.edu.ar\/\">Portal de revistas UNICEN<\/a><\/strong><\/li>\n\n\n\n<li><strong><a href=\"http:\/\/biblioteca.clacso.edu.ar\/\">CLACSO<\/a><\/strong>&nbsp;\u2013 Red de Bibliotecas Virtuales de Ciencias Sociales<\/li>\n\n\n\n<li><a href=\"http:\/\/beu.extension.unicen.edu.ar\/xmlui\/\"><strong>Biblioteca de Extensi\u00f3n Universitaria<\/strong><\/a><\/li>\n\n\n\n<li><strong><a href=\"https:\/\/repositoriosdigitales.mincyt.gob.ar\/vufind\/\">Sistema Nacional de Repositorios Digitales (SNRD)<\/a><a href=\"http:\/\/ridaa.unicen.edu.ar\/xmlui\/\">Repositorio<\/a><\/strong><\/li>\n\n\n\n<li><strong><a href=\"http:\/\/ridaa.unicen.edu.ar\/xmlui\/\">Institucional Digital de Acceso Abierto (RIDAA)<\/a><\/strong><\/li>\n\n\n\n<li><a href=\"https:\/\/bdu.siu.edu.ar\/\"><strong>SIU BDU<\/strong><\/a>&nbsp;\u2013 Cat\u00e1logo unificado de los recursos (f\u00edsicos y digitales) que poseen las bibliotecas universitarias y centros de investigaci\u00f3n argentinos.<\/li>\n<\/ul>\n<\/li>\n\n\n\n<li><a href=\"https:\/\/www.lareferencia.info\/es\/\"><strong>LA Referencia<\/strong><\/a>&nbsp;\u2013 Red de repositorios de instituciones de educaci\u00f3n superior e investigaci\u00f3n de Am\u00e9rica Latina<\/li>\n\n\n\n<li>\u00edndices de revistas cient\u00edficas y art\u00edculos acad\u00e9micos\n<ul class=\"wp-block-list\">\n<li><a href=\"http:\/\/portal.amelica.org\/\"><strong>AmeliCA<\/strong><\/a><\/li>\n\n\n\n<li><a href=\"https:\/\/www.accesoabierto.net\/dulcinea\/\"><strong>Dulcinea (Espa\u00f1a)<\/strong><\/a><\/li>\n\n\n\n<li><a href=\"https:\/\/latindex.org\/latindex\/\"><strong>Latindex<\/strong><\/a><\/li>\n\n\n\n<li><a href=\"https:\/\/www.redalyc.org\/\"><strong>Redalyc<\/strong><\/a><\/li>\n<\/ul>\n<\/li>\n<\/ul>\n\n\n\n<h3 class=\"wp-block-heading\" id=\"prestamo\">Servicio de Pr\u00e9stamo Interbibliotecario<\/h3>\n\n\n\n<ul class=\"wp-block-list\">\n<li>Pr\u00e9stamos entre bibliotecas del Sistema de Bibliotecas UNICEN. Est\u00e1 dirigido a todos los integrantes de la comunidad universitaria de la UNICEN. Pod\u00e9s buscar el ejemplar en el cat\u00e1logo online&nbsp;<a href=\"https:\/\/opac.biblio.unicen.edu.ar\/cgi-bin\/koha\/opac-main.pl\"><strong>OPAC Koha<\/strong><\/a>&nbsp;y enviar la informaci\u00f3n del ejemplar (ubicaci\u00f3n actual, t\u00edtulo del ejemplar, signatura y c\u00f3digo de barras) que vas a solicitar a biblioteca@quequen.unicen.edu.ar<\/li>\n\n\n\n<li>Pr\u00e9stamos entre&nbsp;<a href=\"https:\/\/biblioteca.mincyt.gob.ar\/instituciones\"><strong>instituciones habilitadas<\/strong><\/a>&nbsp;del territorio nacional. Dirigido a toda la comunidad cient\u00edfica argentina que pertenezca a alguna de esas instituciones.&nbsp;<strong><a href=\"https:\/\/biblioteca.mincyt.gob.ar\/prestamo\">M\u00e1s informaci\u00f3n acerca del SPI<\/a><\/strong><\/li>\n<\/ul>\n<\/div><\/div>\n","protected":false},"excerpt":{"rendered":"<p>HORARIO DE ATENCI\u00d3N Lunes a viernes de 10.30 a 17.00 Hs. Informes y consultas a&nbsp;biblioteca@quequen.unicen.edu.ar C\u00f3mo acceder al cat\u00e1logo bibliogr\u00e1fico online Para consultar el cat\u00e1logo bibliogr\u00e1fico disponible en el Sistema de Bibliotecas de la UNICEN, no es necesario tener un usuario. Haciendo clic en el enlace&nbsp;OPAC Koha&nbsp;, es posible consultar el material con el cuentan &hellip;<\/p>\n<p class=\"read-more\"> <a class=\"\" href=\"https:\/\/www.quequen.unicen.edu.ar\/?page_id=2751\"> <span class=\"screen-reader-text\">Biblioteca<\/span> Leer m\u00e1s &raquo;<\/a><\/p>\n","protected":false},"author":1,"featured_media":0,"parent":0,"menu_order":0,"comment_status":"closed","ping_status":"closed","template":"","meta":{"_uag_custom_page_level_css":"","site-sidebar-layout":"default","site-content-layout":"default","ast-global-header-display":"","ast-banner-title-visibility":"","ast-main-header-display":"","ast-hfb-above-header-display":"","ast-hfb-below-header-display":"","ast-hfb-mobile-header-display":"","site-post-title":"","ast-breadcrumbs-content":"","ast-featured-img":"","footer-sml-layout":"","theme-transparent-header-meta":"","adv-header-id-meta":"","stick-header-meta":"","header-above-stick-meta":"","header-main-stick-meta":"","header-below-stick-meta":"","footnotes":""},"class_list":["post-2751","page","type-page","status-publish","hentry"],"uagb_featured_image_src":{"full":false,"thumbnail":false,"medium":false,"medium_large":false,"large":false,"news_plugin_small":false,"1536x1536":false,"2048x2048":false},"uagb_author_info":{"display_name":"admin","author_link":"https:\/\/www.quequen.unicen.edu.ar\/?author=1"},"uagb_comment_info":0,"uagb_excerpt":"HORARIO DE ATENCI\u00d3N Lunes a viernes de 10.30 a 17.00 Hs. Informes y consultas a&nbsp;biblioteca@quequen.unicen.edu.ar C\u00f3mo acceder al cat\u00e1logo bibliogr\u00e1fico online Para consultar el cat\u00e1logo bibliogr\u00e1fico disponible en el Sistema de Bibliotecas de la UNICEN, no es necesario tener un usuario. Haciendo clic en el enlace&nbsp;OPAC Koha&nbsp;, es posible consultar el material con el cuentan&hellip;","_links":{"self":[{"href":"https:\/\/www.quequen.unicen.edu.ar\/index.php?rest_route=\/wp\/v2\/pages\/2751","targetHints":{"allow":["GET"]}}],"collection":[{"href":"https:\/\/www.quequen.unicen.edu.ar\/index.php?rest_route=\/wp\/v2\/pages"}],"about":[{"href":"https:\/\/www.quequen.unicen.edu.ar\/index.php?rest_route=\/wp\/v2\/types\/page"}],"author":[{"embeddable":true,"href":"https:\/\/www.quequen.unicen.edu.ar\/index.php?rest_route=\/wp\/v2\/users\/1"}],"replies":[{"embeddable":true,"href":"https:\/\/www.quequen.unicen.edu.ar\/index.php?rest_route=%2Fwp%2Fv2%2Fcomments&post=2751"}],"version-history":[{"count":10,"href":"https:\/\/www.quequen.unicen.edu.ar\/index.php?rest_route=\/wp\/v2\/pages\/2751\/revisions"}],"predecessor-version":[{"id":4766,"href":"https:\/\/www.quequen.unicen.edu.ar\/index.php?rest_route=\/wp\/v2\/pages\/2751\/revisions\/4766"}],"wp:attachment":[{"href":"https:\/\/www.quequen.unicen.edu.ar\/index.php?rest_route=%2Fwp%2Fv2%2Fmedia&parent=2751"}],"curies":[{"name":"wp","href":"https:\/\/api.w.org\/{rel}","templated":true}]}}