{"id":2778,"date":"2023-12-08T14:42:07","date_gmt":"2023-12-08T14:42:07","guid":{"rendered":"https:\/\/webquequen.nuevo.unicen.edu.ar\/?page_id=2778"},"modified":"2024-08-05T18:48:46","modified_gmt":"2024-08-05T18:48:46","slug":"solicitud-de-titulo-2","status":"publish","type":"page","link":"https:\/\/www.quequen.unicen.edu.ar\/?page_id=2778","title":{"rendered":"Solicitud de T\u00edtulo"},"content":{"rendered":"\n<div class=\"wp-block-uagb-container uagb-block-d96a94ba alignfull uagb-is-root-container\"><div class=\"uagb-container-inner-blocks-wrap\">\n<p>El tr\u00e1mite de&nbsp;<strong>Solicitud de T\u00edtulo&nbsp;<\/strong>lo debe realizar presencialmente el\/la estudiante\/graduado\/a o quien debidamente lo represente, en la Unidad Acad\u00e9mica.<\/p>\n\n\n\n<p>Los\/las interesados\/as deber\u00e1n presentar la siguiente documentaci\u00f3n:<\/p>\n\n\n\n<p>a) Planilla de Solicitud de T\u00edtulo (<strong><a href=\"https:\/\/www.quequen.unicen.edu.ar\/wp-content\/uploads\/2023\/11\/Solicitud-de-titulo.pdf\" data-type=\"link\" data-id=\"https:\/\/www.quequen.unicen.edu.ar\/wp-content\/uploads\/2023\/11\/Solicitud-de-titulo.pdf\">click aqu\u00ed<\/a><\/strong>).<\/p>\n\n\n\n<p>b) Imagen legible del documento DNI (Ambos lados).<\/p>\n\n\n\n<p>c) Imagen legible de la Partida de Nacimiento o Certificado de Nacimiento.<\/p>\n\n\n\n<p>d) Imagen legible del Certificado de estudios y\/o diploma del t\u00edtulo del nivel secundario y\/o terciario y\/o grado, Resoluci\u00f3n del Rectorado aprobando la admisi\u00f3n para mayores de 25 a\u00f1os sin t\u00edtulo secundario (Ley N\u00ba 24521\/95 art.7 y modificatoria 27204\/2015), seg\u00fan corresponda. La copia original del t\u00edtulo secundario debe estar&nbsp;<em>legalizada<\/em>, y la fotocopia&nbsp;<em>autenticada<\/em>, indicando que se trata de una copia fiel al original. Este \u00faltimo tr\u00e1mite se puede llevar a cabo en Registro P\u00fablico de Necochea (Calle 57 N\u00ba 3027 entre 66 y 68) de forma gratuita.<\/p>\n\n\n\n<p>e) Certificado Anal\u00edtico emitido por el SIU Guaran\u00ed.<\/p>\n\n\n\n<p>f) Solicitud de libre de deuda.&nbsp;<strong>El siguiente procedimiento solamente es requisito para aquellas carreras con trabajo final\/tesis:<\/strong>&nbsp;Completar el formulario de la&nbsp;<a href=\"https:\/\/www.ridaa.unicen.edu.ar\/assets\/pdf\/Autorizacion_RIDAA.pdf\"><strong>Licencia de Distribuci\u00f3n No Exclusiva RIDAA<\/strong><\/a>&nbsp;y seguir las&nbsp;<a href=\"https:\/\/www.quequen.unicen.edu.ar\/wp-content\/uploads\/2023\/11\/Procedimiento-para-publicacion-de-tesis-en-el-RIDAA.pdf\" data-type=\"link\" data-id=\"https:\/\/www.quequen.unicen.edu.ar\/wp-content\/uploads\/2023\/11\/Procedimiento-para-publicacion-de-tesis-en-el-RIDAA.pdf\"><strong>instrucciones detalladas en este enlace<\/strong>.<\/a> El libre de deuda ser\u00e1 emitido cuando se complete el procedimiento.<\/p>\n\n\n\n<p>g) Nota del interesado\/a solicitando la tramitaci\u00f3n del t\u00edtulo.<\/p>\n\n\n\n<p>h) Todo otro documento que considere la Unidad Acad\u00e9mica.<\/p>\n<\/div><\/div>\n","protected":false},"excerpt":{"rendered":"<p>El tr\u00e1mite de&nbsp;Solicitud de T\u00edtulo&nbsp;lo debe realizar presencialmente el\/la estudiante\/graduado\/a o quien debidamente lo represente, en la Unidad Acad\u00e9mica. Los\/las interesados\/as deber\u00e1n presentar la siguiente documentaci\u00f3n: a) Planilla de Solicitud de T\u00edtulo (click aqu\u00ed). b) Imagen legible del documento DNI (Ambos lados). c) Imagen legible de la Partida de Nacimiento o Certificado de Nacimiento. d) &hellip;<\/p>\n<p class=\"read-more\"> <a class=\"\" href=\"https:\/\/www.quequen.unicen.edu.ar\/?page_id=2778\"> <span class=\"screen-reader-text\">Solicitud de T\u00edtulo<\/span> Leer m\u00e1s &raquo;<\/a><\/p>\n","protected":false},"author":1,"featured_media":0,"parent":0,"menu_order":0,"comment_status":"closed","ping_status":"closed","template":"","meta":{"_uag_custom_page_level_css":"","site-sidebar-layout":"default","site-content-layout":"default","ast-global-header-display":"","ast-banner-title-visibility":"","ast-main-header-display":"","ast-hfb-above-header-display":"","ast-hfb-below-header-display":"","ast-hfb-mobile-header-display":"","site-post-title":"","ast-breadcrumbs-content":"","ast-featured-img":"","footer-sml-layout":"","theme-transparent-header-meta":"","adv-header-id-meta":"","stick-header-meta":"","header-above-stick-meta":"","header-main-stick-meta":"","header-below-stick-meta":"","footnotes":""},"class_list":["post-2778","page","type-page","status-publish","hentry"],"uagb_featured_image_src":{"full":false,"thumbnail":false,"medium":false,"medium_large":false,"large":false,"news_plugin_small":false,"1536x1536":false,"2048x2048":false},"uagb_author_info":{"display_name":"admin","author_link":"https:\/\/www.quequen.unicen.edu.ar\/?author=1"},"uagb_comment_info":0,"uagb_excerpt":"El tr\u00e1mite de&nbsp;Solicitud de T\u00edtulo&nbsp;lo debe realizar presencialmente el\/la estudiante\/graduado\/a o quien debidamente lo represente, en la Unidad Acad\u00e9mica. Los\/las interesados\/as deber\u00e1n presentar la siguiente documentaci\u00f3n: a) Planilla de Solicitud de T\u00edtulo (click aqu\u00ed). b) Imagen legible del documento DNI (Ambos lados). c) Imagen legible de la Partida de Nacimiento o Certificado de Nacimiento. d)&hellip;","_links":{"self":[{"href":"https:\/\/www.quequen.unicen.edu.ar\/index.php?rest_route=\/wp\/v2\/pages\/2778","targetHints":{"allow":["GET"]}}],"collection":[{"href":"https:\/\/www.quequen.unicen.edu.ar\/index.php?rest_route=\/wp\/v2\/pages"}],"about":[{"href":"https:\/\/www.quequen.unicen.edu.ar\/index.php?rest_route=\/wp\/v2\/types\/page"}],"author":[{"embeddable":true,"href":"https:\/\/www.quequen.unicen.edu.ar\/index.php?rest_route=\/wp\/v2\/users\/1"}],"replies":[{"embeddable":true,"href":"https:\/\/www.quequen.unicen.edu.ar\/index.php?rest_route=%2Fwp%2Fv2%2Fcomments&post=2778"}],"version-history":[{"count":7,"href":"https:\/\/www.quequen.unicen.edu.ar\/index.php?rest_route=\/wp\/v2\/pages\/2778\/revisions"}],"predecessor-version":[{"id":4053,"href":"https:\/\/www.quequen.unicen.edu.ar\/index.php?rest_route=\/wp\/v2\/pages\/2778\/revisions\/4053"}],"wp:attachment":[{"href":"https:\/\/www.quequen.unicen.edu.ar\/index.php?rest_route=%2Fwp%2Fv2%2Fmedia&parent=2778"}],"curies":[{"name":"wp","href":"https:\/\/api.w.org\/{rel}","templated":true}]}}