{"id":2790,"date":"2023-11-06T19:14:46","date_gmt":"2023-11-06T19:14:46","guid":{"rendered":"https:\/\/webquequen.nuevo.unicen.edu.ar\/?page_id=2790"},"modified":"2025-08-12T13:26:04","modified_gmt":"2025-08-12T13:26:04","slug":"obra-social-del-personal-de-la-uncpba","status":"publish","type":"page","link":"https:\/\/www.quequen.unicen.edu.ar\/?page_id=2790","title":{"rendered":"Obra Social del Personal de la UNCPBA"},"content":{"rendered":"\n<div class=\"wp-block-uagb-container uagb-block-41c57018 alignfull uagb-is-root-container\"><div class=\"uagb-container-inner-blocks-wrap\">\n<p><em>Hip\u00f3lito Irigoyen 662, Tandil (7000) , Buenos Aires.<\/em><\/p>\n\n\n\n<p><em>Tel.\/Fax:<\/em>&nbsp;+54 (02294) 44-31289<br><a href=\"http:\/\/www.ospuncpba.com.ar\/\" target=\"_blank\" rel=\"noreferrer noopener\">Acceder al Sitio Web<\/a>&nbsp;\u2013&nbsp;<a href=\"http:\/\/www.ospuncpba.com.ar\/pre_prestadores.php\" target=\"_blank\" rel=\"noreferrer noopener\">Acceso directo al listado de prestadores<\/a><\/p>\n\n\n\n<div class=\"wp-block-uagb-advanced-heading uagb-block-75584eb8\"><h5 class=\"uagb-heading-text\"><strong>Delegaci\u00f3n Quequ\u00e9n<\/strong><\/h5><\/div>\n\n\n\n<p><em>Responsable:<\/em>&nbsp;Mar\u00eda Teresa Mart\u00edn<br><em>Calle 508 N\u00ba 881 \u2013 Quequ\u00e9n (7631)<\/em><br><em>Tel.:<\/em>&nbsp;+54 (02262) 45-1499<br><em>E-mail:<\/em>&nbsp;administracion@quequen.unicen.edu.ar<br><em>Horario:<\/em>&nbsp;8:00 a 14:00 hs.<\/p>\n\n\n\n<div class=\"wp-block-uagb-advanced-heading uagb-block-ead0118e\"><h5 class=\"uagb-heading-text\"><strong>Descargar listados de Prestadores<\/strong><\/h5><\/div>\n\n\n\n<ul class=\"wp-block-list\">\n<li><a href=\"https:\/\/www.quequen.unicen.edu.ar\/wp-content\/uploads\/2023\/11\/Padron_CMN_2023.pdf\" data-type=\"link\" data-id=\"https:\/\/quequen.unicen.edu.ar\/wp-content\/uploads\/2023\/11\/Padron_CMN_2023.pdf\">Padr\u00f3n C\u00edrculo M\u00e9dico Necochea<\/a><\/li>\n\n\n\n<li><a href=\"https:\/\/www.quequen.unicen.edu.ar\/wp-content\/uploads\/2025\/08\/odontologos-2025-08-12.xls\" data-type=\"link\" data-id=\"https:\/\/quequen.unicen.edu.ar\/wp-content\/uploads\/2023\/11\/OSPUNCBA_odontologos-2017.xls\">Odont\u00f3logos<\/a><\/li>\n\n\n\n<li><a href=\"https:\/\/www.quequen.unicen.edu.ar\/wp-content\/uploads\/2023\/11\/Farmacias.pdf\" data-type=\"link\" data-id=\"https:\/\/quequen.unicen.edu.ar\/wp-content\/uploads\/2023\/11\/Farmacias.pdf\">Farmacias<\/a><\/li>\n\n\n\n<li><a href=\"https:\/\/www.quequen.unicen.edu.ar\/wp-content\/uploads\/2025\/07\/PADRON-OSPUNCPBA-2025.xlsx\" data-type=\"link\" data-id=\"https:\/\/quequen.unicen.edu.ar\/wp-content\/uploads\/2023\/11\/OSPUNCBA-PSICOLOGOS-2021.pdf\">Psic\u00f3logos<\/a><\/li>\n<\/ul>\n<\/div><\/div>\n\n\n\n<p><\/p>\n","protected":false},"excerpt":{"rendered":"<p>Hip\u00f3lito Irigoyen 662, Tandil (7000) , Buenos Aires. Tel.\/Fax:&nbsp;+54 (02294) 44-31289Acceder al Sitio Web&nbsp;\u2013&nbsp;Acceso directo al listado de prestadores Delegaci\u00f3n Quequ\u00e9n Responsable:&nbsp;Mar\u00eda Teresa Mart\u00ednCalle 508 N\u00ba 881 \u2013 Quequ\u00e9n (7631)Tel.:&nbsp;+54 (02262) 45-1499E-mail:&nbsp;administracion@quequen.unicen.edu.arHorario:&nbsp;8:00 a 14:00 hs. Descargar listados de Prestadores<\/p>\n","protected":false},"author":1,"featured_media":0,"parent":0,"menu_order":0,"comment_status":"closed","ping_status":"closed","template":"","meta":{"_uag_custom_page_level_css":"","site-sidebar-layout":"default","site-content-layout":"default","ast-global-header-display":"","ast-banner-title-visibility":"","ast-main-header-display":"","ast-hfb-above-header-display":"","ast-hfb-below-header-display":"","ast-hfb-mobile-header-display":"","site-post-title":"","ast-breadcrumbs-content":"","ast-featured-img":"","footer-sml-layout":"","theme-transparent-header-meta":"","adv-header-id-meta":"","stick-header-meta":"","header-above-stick-meta":"","header-main-stick-meta":"","header-below-stick-meta":"","footnotes":""},"class_list":["post-2790","page","type-page","status-publish","hentry"],"uagb_featured_image_src":{"full":false,"thumbnail":false,"medium":false,"medium_large":false,"large":false,"news_plugin_small":false,"1536x1536":false,"2048x2048":false},"uagb_author_info":{"display_name":"admin","author_link":"https:\/\/www.quequen.unicen.edu.ar\/?author=1"},"uagb_comment_info":0,"uagb_excerpt":"Hip\u00f3lito Irigoyen 662, Tandil (7000) , Buenos Aires. Tel.\/Fax:&nbsp;+54 (02294) 44-31289Acceder al Sitio Web&nbsp;\u2013&nbsp;Acceso directo al listado de prestadores Delegaci\u00f3n Quequ\u00e9n Responsable:&nbsp;Mar\u00eda Teresa Mart\u00ednCalle 508 N\u00ba 881 \u2013 Quequ\u00e9n (7631)Tel.:&nbsp;+54 (02262) 45-1499E-mail:&nbsp;administracion@quequen.unicen.edu.arHorario:&nbsp;8:00 a 14:00 hs. Descargar listados de Prestadores","_links":{"self":[{"href":"https:\/\/www.quequen.unicen.edu.ar\/index.php?rest_route=\/wp\/v2\/pages\/2790","targetHints":{"allow":["GET"]}}],"collection":[{"href":"https:\/\/www.quequen.unicen.edu.ar\/index.php?rest_route=\/wp\/v2\/pages"}],"about":[{"href":"https:\/\/www.quequen.unicen.edu.ar\/index.php?rest_route=\/wp\/v2\/types\/page"}],"author":[{"embeddable":true,"href":"https:\/\/www.quequen.unicen.edu.ar\/index.php?rest_route=\/wp\/v2\/users\/1"}],"replies":[{"embeddable":true,"href":"https:\/\/www.quequen.unicen.edu.ar\/index.php?rest_route=%2Fwp%2Fv2%2Fcomments&post=2790"}],"version-history":[{"count":9,"href":"https:\/\/www.quequen.unicen.edu.ar\/index.php?rest_route=\/wp\/v2\/pages\/2790\/revisions"}],"predecessor-version":[{"id":4718,"href":"https:\/\/www.quequen.unicen.edu.ar\/index.php?rest_route=\/wp\/v2\/pages\/2790\/revisions\/4718"}],"wp:attachment":[{"href":"https:\/\/www.quequen.unicen.edu.ar\/index.php?rest_route=%2Fwp%2Fv2%2Fmedia&parent=2790"}],"curies":[{"name":"wp","href":"https:\/\/api.w.org\/{rel}","templated":true}]}}