{"id":2910,"date":"2024-03-14T16:31:59","date_gmt":"2024-03-14T16:31:59","guid":{"rendered":"https:\/\/webquequen.nuevo.unicen.edu.ar\/?page_id=2910"},"modified":"2025-11-25T00:35:53","modified_gmt":"2025-11-25T00:35:53","slug":"congreso-de-logistica-puertos-y-comercio-exterior","status":"publish","type":"page","link":"https:\/\/www.quequen.unicen.edu.ar\/?page_id=2910","title":{"rendered":"Congreso de Log\u00edstica, Puertos y Comercio Exterior"},"content":{"rendered":"\n<div class=\"wp-block-uagb-container uagb-block-21f25200 alignfull uagb-is-root-container\"><div class=\"uagb-container-inner-blocks-wrap\">\n<div class=\"wp-block-uagb-container uagb-block-06b20f25\">\n<figure class=\"wp-block-image size-full is-resized\"><img loading=\"lazy\" decoding=\"async\" width=\"462\" height=\"462\" src=\"https:\/\/www.quequen.unicen.edu.ar\/wp-content\/uploads\/2025\/09\/logo.jpg\" alt=\"\" class=\"wp-image-4767\" style=\"width:275px;height:auto\" srcset=\"https:\/\/www.quequen.unicen.edu.ar\/wp-content\/uploads\/2025\/09\/logo.jpg 462w, https:\/\/www.quequen.unicen.edu.ar\/wp-content\/uploads\/2025\/09\/logo-300x300.jpg 300w, https:\/\/www.quequen.unicen.edu.ar\/wp-content\/uploads\/2025\/09\/logo-150x150.jpg 150w\" sizes=\"auto, (max-width: 462px) 100vw, 462px\" \/><\/figure>\n<\/div>\n\n\n\n<div class=\"wp-block-uagb-container uagb-block-e61f09a6\">\n<div class=\"wp-block-uagb-advanced-heading uagb-block-1fc9a537\"><h3 class=\"uagb-heading-text\">Necochea Quequ\u00e9n<br>7 de Noviembre 2025<br>Unidad de Ense\u00f1anza <br>Universitaria Quequ\u00e9n<\/h3><\/div>\n<\/div>\n<\/div><\/div>\n\n\n\n<p>La log\u00edstica es intr\u00ednsecamente colaborativa, y el congreso se presenta como un espacio donde los profesionales pueden conectarse, compartir experiencias, establecer colaboraciones estrat\u00e9gicas y construir una red valiosa de contactos en la industria. La diversidad de perspectivas enriquecer\u00e1 las discusiones y promover\u00e1 soluciones inclusivas y globales.<\/p>\n\n\n\n<p>La integraci\u00f3n de tecnolog\u00edas disruptivas, como la inteligencia artificial, el Internet de las cosas (IoT) y la anal\u00edtica de datos, est\u00e1 transformando la forma en que concebimos y ejecutamos las operaciones log\u00edsticas. El congreso ser\u00e1 un escaparate para las \u00faltimas innovaciones y su impacto en la eficiencia y sostenibilidad log\u00edstica.<\/p>\n\n\n\n<p>En conclusi\u00f3n, este congreso de log\u00edstica aspira a ser un catalizador para el intercambio de ideas, la colaboraci\u00f3n y la creaci\u00f3n de soluciones innovadoras. Al unirnos en este evento, no solo fortalecemos la comunidad log\u00edstica, sino que tambi\u00e9n contribuimos al progreso continuo de nuestras industrias y la sociedad en su totalidad<\/p>\n\n\n\n<div class=\"wp-block-uagb-advanced-heading uagb-block-79daa5c5\"><h3 class=\"uagb-heading-text\">El \u00faltimo Congreso<\/h3><\/div>\n\n\n\n<div class=\"wp-block-uagb-container uagb-block-17615720 alignfull uagb-is-root-container\"><div class=\"uagb-container-inner-blocks-wrap\">\n<figure class=\"wp-block-embed is-type-video is-provider-youtube wp-block-embed-youtube wp-embed-aspect-16-9 wp-has-aspect-ratio\" style=\"margin-top:var(--wp--preset--spacing--50);margin-right:0;margin-bottom:var(--wp--preset--spacing--50);margin-left:0\"><div class=\"wp-block-embed__wrapper\">\n<div class=\"ast-oembed-container\" style=\"height: 100%;\"><iframe loading=\"lazy\" title=\"XI Congreso de Logistica, Puertos y Comercio Exterior\" width=\"500\" height=\"281\" src=\"https:\/\/www.youtube.com\/embed\/Rao0knduViM?feature=oembed\" frameborder=\"0\" allow=\"accelerometer; autoplay; clipboard-write; encrypted-media; gyroscope; picture-in-picture; web-share\" referrerpolicy=\"strict-origin-when-cross-origin\" allowfullscreen><\/iframe><\/div>\n<\/div><\/figure>\n<\/div><\/div>\n\n\n\n<div class=\"wp-block-uagb-container uagb-block-96db706c alignfull uagb-is-root-container\"><div class=\"uagb-container-inner-blocks-wrap\">\n<div class=\"wp-block-uagb-separator uagb-block-b862b844\"><div class=\"wp-block-uagb-separator__inner\" style=\"--my-background-image:\"><\/div><\/div>\n<\/div><\/div>\n\n\n\n<div class=\"wp-block-uagb-separator uagb-block-035bd826\"><div class=\"wp-block-uagb-separator__inner\" style=\"--my-background-image:\"><\/div><\/div>\n\n\n\n<h2 class=\"wp-block-heading has-ast-global-color-0-color has-text-color has-link-color wp-elements-1f0d4776f9b44e6af61579b3dc732605\">Reviv\u00ed los congresos anteriores<\/h2>\n\n\n\n<div class=\"wp-block-uagb-tabs uagb-block-62e5ee2f uagb-tabs__wrap uagb-tabs__hstyle3-desktop uagb-tabs__vstyle6-tablet uagb-tabs__stack1-mobile\" data-tab-active=\"0\"><ul class=\"uagb-tabs__panel uagb-tabs__align-left\" role=\"tablist\"><li class=\"uagb-tab uagb-tabs__active\" role=\"none\"><a href=\"#uagb-tabs__tab0\" class=\"uagb-tabs-list uagb-tabs__icon-position-left\" data-tab=\"0\" role=\"tab\"><div>X Congreso de Log\u00edstica,<br> Puertos y Comercio Exterior<\/div><\/a><\/li><li class=\"uagb-tab \" role=\"none\"><a href=\"#uagb-tabs__tab1\" class=\"uagb-tabs-list uagb-tabs__icon-position-left\" data-tab=\"1\" role=\"tab\"><div>IX Congreso de Log\u00edstica,<br> Puertos y Comercio Exterior<\/div><\/a><\/li><li class=\"uagb-tab \" role=\"none\"><a href=\"#uagb-tabs__tab2\" class=\"uagb-tabs-list uagb-tabs__icon-position-left\" data-tab=\"2\" role=\"tab\"><div>VIII Congreso de Log\u00edstica,<br>Puertos y Comercio Exterior<\/div><\/a><\/li><li class=\"uagb-tab \" role=\"none\"><a href=\"#uagb-tabs__tab3\" class=\"uagb-tabs-list uagb-tabs__icon-position-left\" data-tab=\"3\" role=\"tab\"><div>VII Congreso de Log\u00edstica,<br>Puertos y Comercio Exterior<\/div><\/a><\/li><\/ul><div class=\"uagb-tabs__body-wrap\">\n<div class=\"wp-block-uagb-tabs-child uagb-tabs__body-container uagb-inner-tab-0\" aria-labelledby=\"uagb-tabs__tab0\">\n<figure class=\"wp-block-embed is-type-video is-provider-youtube wp-block-embed-youtube wp-embed-aspect-16-9 wp-has-aspect-ratio\"><div class=\"wp-block-embed__wrapper\">\n<div class=\"ast-oembed-container\" style=\"height: 100%;\"><iframe loading=\"lazy\" title=\"10\u00b0 CONGRESO DE LOG\u00cdSTICA, PUERTOS Y COMERCIO EXTERIOR\" width=\"500\" height=\"281\" src=\"https:\/\/www.youtube.com\/embed\/cLC9ov5R9Kw?feature=oembed\" frameborder=\"0\" allow=\"accelerometer; autoplay; clipboard-write; encrypted-media; gyroscope; picture-in-picture; web-share\" referrerpolicy=\"strict-origin-when-cross-origin\" allowfullscreen><\/iframe><\/div>\n<\/div><\/figure>\n<\/div>\n\n\n\n<div class=\"wp-block-uagb-tabs-child uagb-tabs__body-container uagb-inner-tab-1\" aria-labelledby=\"uagb-tabs__tab1\">\n<figure class=\"wp-block-embed is-type-video is-provider-youtube wp-block-embed-youtube wp-embed-aspect-16-9 wp-has-aspect-ratio\"><div class=\"wp-block-embed__wrapper\">\n<div class=\"ast-oembed-container\" style=\"height: 100%;\"><iframe loading=\"lazy\" title=\"IX Congreso de Log\u00ecstica, Puertos y Comercio Exterior\" width=\"500\" height=\"281\" src=\"https:\/\/www.youtube.com\/embed\/CoHlznObmX4?feature=oembed\" frameborder=\"0\" allow=\"accelerometer; autoplay; clipboard-write; encrypted-media; gyroscope; picture-in-picture; web-share\" referrerpolicy=\"strict-origin-when-cross-origin\" allowfullscreen><\/iframe><\/div>\n<\/div><\/figure>\n<\/div>\n\n\n\n<div class=\"wp-block-uagb-tabs-child uagb-tabs__body-container uagb-inner-tab-2\" aria-labelledby=\"uagb-tabs__tab2\">\n<figure class=\"wp-block-embed is-type-video is-provider-youtube wp-block-embed-youtube wp-embed-aspect-16-9 wp-has-aspect-ratio\"><div class=\"wp-block-embed__wrapper\">\n<div class=\"ast-oembed-container\" style=\"height: 100%;\"><iframe loading=\"lazy\" title=\"VIII Congreso de Log\u00ecstica, Puertos y Comercio Exterior\" width=\"500\" height=\"281\" src=\"https:\/\/www.youtube.com\/embed\/d6MKkxMASOI?feature=oembed\" frameborder=\"0\" allow=\"accelerometer; autoplay; clipboard-write; encrypted-media; gyroscope; picture-in-picture; web-share\" referrerpolicy=\"strict-origin-when-cross-origin\" allowfullscreen><\/iframe><\/div>\n<\/div><\/figure>\n<\/div>\n\n\n\n<div class=\"wp-block-uagb-tabs-child uagb-tabs__body-container uagb-inner-tab-3\" aria-labelledby=\"uagb-tabs__tab3\">\n<figure class=\"wp-block-embed is-type-video is-provider-youtube wp-block-embed-youtube wp-embed-aspect-16-9 wp-has-aspect-ratio\"><div class=\"wp-block-embed__wrapper\">\n<div class=\"ast-oembed-container\" style=\"height: 100%;\"><iframe loading=\"lazy\" title=\"VII Congreso de Log\u00edstica, Puertos y Comercio Exterior 2021 - DIA 1\" width=\"500\" height=\"281\" src=\"https:\/\/www.youtube.com\/embed\/DIK4qjDkux8?feature=oembed\" frameborder=\"0\" allow=\"accelerometer; autoplay; clipboard-write; encrypted-media; gyroscope; picture-in-picture; web-share\" referrerpolicy=\"strict-origin-when-cross-origin\" allowfullscreen><\/iframe><\/div>\n<\/div><\/figure>\n\n\n\n<div class=\"wp-block-uagb-separator uagb-block-a9983f52\"><div class=\"wp-block-uagb-separator__inner\" style=\"--my-background-image:\"><\/div><\/div>\n\n\n\n<figure class=\"wp-block-embed is-type-video is-provider-youtube wp-block-embed-youtube wp-embed-aspect-16-9 wp-has-aspect-ratio\"><div class=\"wp-block-embed__wrapper\">\n<div class=\"ast-oembed-container\" style=\"height: 100%;\"><iframe loading=\"lazy\" title=\"VII Congreso de Log\u00edstica, Puertos y Comercio Exterior 2021 - DIA 2\" width=\"500\" height=\"281\" src=\"https:\/\/www.youtube.com\/embed\/MGy1YIRIxA0?feature=oembed\" frameborder=\"0\" allow=\"accelerometer; autoplay; clipboard-write; encrypted-media; gyroscope; picture-in-picture; web-share\" referrerpolicy=\"strict-origin-when-cross-origin\" allowfullscreen><\/iframe><\/div>\n<\/div><\/figure>\n\n\n\n<div class=\"wp-block-uagb-separator uagb-block-f78bc5ab\"><div class=\"wp-block-uagb-separator__inner\" style=\"--my-background-image:\"><\/div><\/div>\n\n\n\n<figure class=\"wp-block-embed is-type-video is-provider-youtube wp-block-embed-youtube wp-embed-aspect-16-9 wp-has-aspect-ratio\"><div class=\"wp-block-embed__wrapper\">\n<div class=\"ast-oembed-container\" style=\"height: 100%;\"><iframe loading=\"lazy\" title=\"VII Congreso de Log\u00edstica, Puertos y Comercio Exterior 2021 - DIA 3\" width=\"500\" height=\"281\" src=\"https:\/\/www.youtube.com\/embed\/6MBDBkHHRCY?feature=oembed\" frameborder=\"0\" allow=\"accelerometer; autoplay; clipboard-write; encrypted-media; gyroscope; picture-in-picture; web-share\" referrerpolicy=\"strict-origin-when-cross-origin\" allowfullscreen><\/iframe><\/div>\n<\/div><\/figure>\n<\/div>\n<\/div><\/div>\n\n\n\n<div class=\"wp-block-uagb-separator uagb-block-8ac00b9f\"><div class=\"wp-block-uagb-separator__inner\" style=\"--my-background-image:\"><\/div><\/div>\n\n\n\n<div class=\"wp-block-uagb-container uagb-block-9f6afd32 default uagb-is-root-container\">\n<div class=\"wp-block-uagb-container uagb-block-18a436b2\">\n<div class=\"wp-block-columns is-layout-flex wp-container-core-columns-is-layout-28f84493 wp-block-columns-is-layout-flex\">\n<div class=\"wp-block-column is-layout-flow wp-block-column-is-layout-flow\">\n<figure class=\"wp-block-image size-full is-resized\"><a href=\"https:\/\/puertoquequen.com\/\" target=\"_blank\" rel=\" noreferrer noopener\"><img loading=\"lazy\" decoding=\"async\" width=\"788\" height=\"245\" src=\"https:\/\/www.quequen.unicen.edu.ar\/wp-content\/uploads\/2024\/09\/puerto.png\" alt=\"\" class=\"wp-image-4226\" style=\"width:466px;height:auto\" srcset=\"https:\/\/www.quequen.unicen.edu.ar\/wp-content\/uploads\/2024\/09\/puerto.png 788w, https:\/\/www.quequen.unicen.edu.ar\/wp-content\/uploads\/2024\/09\/puerto-300x93.png 300w, https:\/\/www.quequen.unicen.edu.ar\/wp-content\/uploads\/2024\/09\/puerto-768x239.png 768w\" sizes=\"auto, (max-width: 788px) 100vw, 788px\" \/><\/a><\/figure>\n<\/div>\n\n\n\n<div class=\"wp-block-column is-vertically-aligned-center is-layout-flow wp-block-column-is-layout-flow\">\n<figure class=\"wp-block-image alignright size-full is-resized\"><a href=\"https:\/\/wp.terminalquequen.com.ar\/\" target=\"_blank\" rel=\" noreferrer noopener\"><img loading=\"lazy\" decoding=\"async\" width=\"300\" height=\"114\" src=\"https:\/\/www.quequen.unicen.edu.ar\/wp-content\/uploads\/2024\/03\/Terminal-qqn-1-300x114-1.png\" alt=\"\" class=\"wp-image-3382\" style=\"width:351px;height:auto\"\/><\/a><\/figure>\n<\/div>\n<\/div>\n\n\n\n<div class=\"wp-block-columns is-layout-flex wp-container-core-columns-is-layout-28f84493 wp-block-columns-is-layout-flex\">\n<div class=\"wp-block-column is-layout-flow wp-block-column-is-layout-flow\">\n<figure class=\"wp-block-image aligncenter size-full is-resized\"><a href=\"https:\/\/www.facebook.com\/p\/Combustibles-Quequ%25C3%25A9n-100063542624762\/?locale=es_LA\" target=\"_blank\" rel=\" noreferrer noopener\"><img loading=\"lazy\" decoding=\"async\" width=\"500\" height=\"300\" src=\"https:\/\/www.quequen.unicen.edu.ar\/wp-content\/uploads\/2025\/11\/Horizontal_negro_Invertido-removebg-preview.png\" alt=\"\" class=\"wp-image-4826\" style=\"width:398px;height:auto\" srcset=\"https:\/\/www.quequen.unicen.edu.ar\/wp-content\/uploads\/2025\/11\/Horizontal_negro_Invertido-removebg-preview.png 500w, https:\/\/www.quequen.unicen.edu.ar\/wp-content\/uploads\/2025\/11\/Horizontal_negro_Invertido-removebg-preview-300x180.png 300w\" sizes=\"auto, (max-width: 500px) 100vw, 500px\" \/><\/a><\/figure>\n<\/div>\n\n\n\n<div class=\"wp-block-column is-vertically-aligned-center is-layout-flow wp-block-column-is-layout-flow\">\n<figure class=\"wp-block-image alignright size-full is-resized\"><a href=\"https:\/\/dln.com.ar\/\" target=\"_blank\" rel=\" noreferrer noopener\"><img loading=\"lazy\" decoding=\"async\" width=\"561\" height=\"445\" src=\"https:\/\/www.quequen.unicen.edu.ar\/wp-content\/uploads\/2025\/11\/Captura_de_pantalla_2025-11-01_a_la_s__10.36.54_a._m.-removebg-preview-1.png\" alt=\"\" class=\"wp-image-4827\" style=\"width:287px;height:auto\" srcset=\"https:\/\/www.quequen.unicen.edu.ar\/wp-content\/uploads\/2025\/11\/Captura_de_pantalla_2025-11-01_a_la_s__10.36.54_a._m.-removebg-preview-1.png 561w, https:\/\/www.quequen.unicen.edu.ar\/wp-content\/uploads\/2025\/11\/Captura_de_pantalla_2025-11-01_a_la_s__10.36.54_a._m.-removebg-preview-1-300x238.png 300w\" sizes=\"auto, (max-width: 561px) 100vw, 561px\" \/><\/a><\/figure>\n<\/div>\n<\/div>\n<\/div>\n\n\n\n<div class=\"wp-block-uagb-container uagb-block-43490304\">\n<div class=\"wp-block-columns is-layout-flex wp-container-core-columns-is-layout-28f84493 wp-block-columns-is-layout-flex\">\n<div class=\"wp-block-column is-layout-flow wp-block-column-is-layout-flow\">\n<figure class=\"wp-block-image aligncenter size-full is-resized\"><a href=\"https:\/\/sitio0dequequen.com\/\" target=\"_blank\" rel=\" noreferrer noopener\"><img loading=\"lazy\" decoding=\"async\" width=\"436\" height=\"376\" src=\"https:\/\/www.quequen.unicen.edu.ar\/wp-content\/uploads\/2024\/09\/sitio-0.png\" alt=\"\" class=\"wp-image-4227\" style=\"width:150px;height:auto\" srcset=\"https:\/\/www.quequen.unicen.edu.ar\/wp-content\/uploads\/2024\/09\/sitio-0.png 436w, https:\/\/www.quequen.unicen.edu.ar\/wp-content\/uploads\/2024\/09\/sitio-0-300x259.png 300w\" sizes=\"auto, (max-width: 436px) 100vw, 436px\" \/><\/a><\/figure>\n<\/div>\n\n\n\n<div class=\"wp-block-column is-vertically-aligned-center is-layout-flow wp-block-column-is-layout-flow\">\n<figure class=\"wp-block-image size-large\"><a href=\"https:\/\/puestolob.com.ar\/\" target=\"_blank\" rel=\" noreferrer noopener\"><img loading=\"lazy\" decoding=\"async\" width=\"1024\" height=\"180\" src=\"https:\/\/www.quequen.unicen.edu.ar\/wp-content\/uploads\/2024\/09\/puesto-lob-1024x180.png\" alt=\"\" class=\"wp-image-4249\" srcset=\"https:\/\/www.quequen.unicen.edu.ar\/wp-content\/uploads\/2024\/09\/puesto-lob-1024x180.png 1024w, https:\/\/www.quequen.unicen.edu.ar\/wp-content\/uploads\/2024\/09\/puesto-lob-300x53.png 300w, https:\/\/www.quequen.unicen.edu.ar\/wp-content\/uploads\/2024\/09\/puesto-lob-768x135.png 768w, https:\/\/www.quequen.unicen.edu.ar\/wp-content\/uploads\/2024\/09\/puesto-lob.png 1477w\" sizes=\"auto, (max-width: 1024px) 100vw, 1024px\" \/><\/a><\/figure>\n<\/div>\n\n\n\n<div class=\"wp-block-column is-vertically-aligned-center is-layout-flow wp-block-column-is-layout-flow\">\n<figure class=\"wp-block-image size-full is-resized\"><a href=\"https:\/\/www.acopiadoresquequen.com.ar\/web\/\" target=\"_blank\" rel=\" noreferrer noopener\"><img loading=\"lazy\" decoding=\"async\" width=\"497\" height=\"168\" src=\"https:\/\/www.quequen.unicen.edu.ar\/wp-content\/uploads\/2024\/09\/centro-de-acopiadores.png\" alt=\"\" class=\"wp-image-4221\" style=\"width:312px;height:auto\" srcset=\"https:\/\/www.quequen.unicen.edu.ar\/wp-content\/uploads\/2024\/09\/centro-de-acopiadores.png 497w, https:\/\/www.quequen.unicen.edu.ar\/wp-content\/uploads\/2024\/09\/centro-de-acopiadores-300x101.png 300w\" sizes=\"auto, (max-width: 497px) 100vw, 497px\" \/><\/a><\/figure>\n<\/div>\n<\/div>\n<\/div>\n\n\n\n<div class=\"wp-block-uagb-container uagb-block-50ad35da\">\n<div class=\"wp-block-columns are-vertically-aligned-center is-layout-flex wp-container-core-columns-is-layout-28f84493 wp-block-columns-is-layout-flex\">\n<div class=\"wp-block-column is-vertically-aligned-center is-layout-flow wp-block-column-is-layout-flow\">\n<figure class=\"wp-block-image size-large\"><img loading=\"lazy\" decoding=\"async\" width=\"1024\" height=\"402\" src=\"https:\/\/www.quequen.unicen.edu.ar\/wp-content\/uploads\/2025\/10\/Profesionales-de-Logistica-blanco-sin-fondo-1024x402.png\" alt=\"\" class=\"wp-image-4808\" srcset=\"https:\/\/www.quequen.unicen.edu.ar\/wp-content\/uploads\/2025\/10\/Profesionales-de-Logistica-blanco-sin-fondo-1024x402.png 1024w, https:\/\/www.quequen.unicen.edu.ar\/wp-content\/uploads\/2025\/10\/Profesionales-de-Logistica-blanco-sin-fondo-300x118.png 300w, https:\/\/www.quequen.unicen.edu.ar\/wp-content\/uploads\/2025\/10\/Profesionales-de-Logistica-blanco-sin-fondo-768x301.png 768w, https:\/\/www.quequen.unicen.edu.ar\/wp-content\/uploads\/2025\/10\/Profesionales-de-Logistica-blanco-sin-fondo-1536x602.png 1536w, https:\/\/www.quequen.unicen.edu.ar\/wp-content\/uploads\/2025\/10\/Profesionales-de-Logistica-blanco-sin-fondo.png 1632w\" sizes=\"auto, (max-width: 1024px) 100vw, 1024px\" \/><\/figure>\n<\/div>\n\n\n\n<div class=\"wp-block-column is-vertically-aligned-center is-layout-flow wp-block-column-is-layout-flow\">\n<figure class=\"wp-block-image size-full\"><a href=\"https:\/\/www.instagram.com\/cameq.ok\/\" target=\"_blank\" rel=\" noreferrer noopener\"><img loading=\"lazy\" decoding=\"async\" width=\"300\" height=\"134\" src=\"https:\/\/www.quequen.unicen.edu.ar\/wp-content\/uploads\/2024\/03\/cameq_logo-1-2-1-300x134-1.png\" alt=\"\" class=\"wp-image-3384\"\/><\/a><\/figure>\n<\/div>\n\n\n\n<div class=\"wp-block-column is-vertically-aligned-center is-layout-flow wp-block-column-is-layout-flow\">\n<figure class=\"wp-block-image aligncenter size-full is-resized\"><a href=\"https:\/\/www.instagram.com\/disenocmyk\/?hl=es\" target=\"_blank\" rel=\" noreferrer noopener\"><img loading=\"lazy\" decoding=\"async\" width=\"301\" height=\"144\" src=\"https:\/\/www.quequen.unicen.edu.ar\/wp-content\/uploads\/2024\/09\/cmyk.png\" alt=\"\" class=\"wp-image-4222\" style=\"width:201px;height:auto\"\/><\/a><\/figure>\n<\/div>\n<\/div>\n<\/div>\n\n\n\n<div class=\"wp-block-uagb-container uagb-block-a9506ba9\">\n<div class=\"wp-block-uagb-container uagb-block-ac702a75\">\n<div class=\"wp-block-columns is-layout-flex wp-container-core-columns-is-layout-28f84493 wp-block-columns-is-layout-flex\">\n<div class=\"wp-block-column is-vertically-aligned-center is-layout-flow wp-block-column-is-layout-flow\">\n<figure class=\"wp-block-image aligncenter size-full is-resized\"><a href=\"http:\/\/taodesarrollos.com.ar\/tao\/\" target=\"_blank\" rel=\" noreferrer noopener\"><img loading=\"lazy\" decoding=\"async\" width=\"743\" height=\"377\" src=\"https:\/\/www.quequen.unicen.edu.ar\/wp-content\/uploads\/2024\/10\/tao.png\" alt=\"\" class=\"wp-image-4259\" style=\"width:196px;height:auto\" srcset=\"https:\/\/www.quequen.unicen.edu.ar\/wp-content\/uploads\/2024\/10\/tao.png 743w, https:\/\/www.quequen.unicen.edu.ar\/wp-content\/uploads\/2024\/10\/tao-300x152.png 300w\" sizes=\"auto, (max-width: 743px) 100vw, 743px\" \/><\/a><\/figure>\n<\/div>\n\n\n\n<div class=\"wp-block-column is-vertically-aligned-center is-layout-flow wp-block-column-is-layout-flow\">\n<figure class=\"wp-block-image aligncenter size-full is-resized\"><a href=\"https:\/\/lagodeloscisnes.ar\/\" target=\"_blank\" rel=\" noreferrer noopener\"><img loading=\"lazy\" decoding=\"async\" width=\"457\" height=\"546\" src=\"https:\/\/www.quequen.unicen.edu.ar\/wp-content\/uploads\/2025\/11\/Captura_de_pantalla_2025-11-03_a_la_s__3.20.15_p._m.-removebg-preview.png\" alt=\"\" class=\"wp-image-4829\" style=\"width:148px;height:auto\" srcset=\"https:\/\/www.quequen.unicen.edu.ar\/wp-content\/uploads\/2025\/11\/Captura_de_pantalla_2025-11-03_a_la_s__3.20.15_p._m.-removebg-preview.png 457w, https:\/\/www.quequen.unicen.edu.ar\/wp-content\/uploads\/2025\/11\/Captura_de_pantalla_2025-11-03_a_la_s__3.20.15_p._m.-removebg-preview-251x300.png 251w\" sizes=\"auto, (max-width: 457px) 100vw, 457px\" \/><\/a><\/figure>\n<\/div>\n<\/div>\n<\/div>\n\n\n\n<div class=\"wp-block-columns are-vertically-aligned-center is-layout-flex wp-container-core-columns-is-layout-28f84493 wp-block-columns-is-layout-flex\">\n<div class=\"wp-block-column is-vertically-aligned-center is-layout-flow wp-block-column-is-layout-flow\"><\/div>\n\n\n\n<div class=\"wp-block-column is-vertically-aligned-center is-layout-flow wp-block-column-is-layout-flow\"><\/div>\n\n\n\n<div class=\"wp-block-column is-vertically-aligned-center is-layout-flow wp-block-column-is-layout-flow\"><\/div>\n\n\n\n<div class=\"wp-block-column is-vertically-aligned-center is-layout-flow wp-block-column-is-layout-flow\"><\/div>\n\n\n\n<div class=\"wp-block-column is-layout-flow wp-block-column-is-layout-flow\"><\/div>\n<\/div>\n<\/div>\n<\/div>\n\n\n\n<p><\/p>\n","protected":false},"excerpt":{"rendered":"<p>Necochea Quequ\u00e9n7 de Noviembre 2025Unidad de Ense\u00f1anza Universitaria Quequ\u00e9n La log\u00edstica es intr\u00ednsecamente colaborativa, y el congreso se presenta como un espacio donde los profesionales pueden conectarse, compartir experiencias, establecer colaboraciones estrat\u00e9gicas y construir una red valiosa de contactos en la industria. La diversidad de perspectivas enriquecer\u00e1 las discusiones y promover\u00e1 soluciones inclusivas y globales. &hellip;<\/p>\n<p class=\"read-more\"> <a class=\"\" href=\"https:\/\/www.quequen.unicen.edu.ar\/?page_id=2910\"> <span class=\"screen-reader-text\">Congreso de Log\u00edstica, Puertos y Comercio Exterior<\/span> Leer m\u00e1s &raquo;<\/a><\/p>\n","protected":false},"author":1,"featured_media":0,"parent":0,"menu_order":0,"comment_status":"closed","ping_status":"closed","template":"","meta":{"_uag_custom_page_level_css":"","site-sidebar-layout":"default","site-content-layout":"default","ast-global-header-display":"","ast-banner-title-visibility":"","ast-main-header-display":"","ast-hfb-above-header-display":"","ast-hfb-below-header-display":"","ast-hfb-mobile-header-display":"","site-post-title":"disabled","ast-breadcrumbs-content":"","ast-featured-img":"","footer-sml-layout":"","theme-transparent-header-meta":"","adv-header-id-meta":"","stick-header-meta":"","header-above-stick-meta":"","header-main-stick-meta":"","header-below-stick-meta":"","footnotes":""},"class_list":["post-2910","page","type-page","status-publish","hentry"],"uagb_featured_image_src":{"full":false,"thumbnail":false,"medium":false,"medium_large":false,"large":false,"news_plugin_small":false,"1536x1536":false,"2048x2048":false},"uagb_author_info":{"display_name":"admin","author_link":"https:\/\/www.quequen.unicen.edu.ar\/?author=1"},"uagb_comment_info":0,"uagb_excerpt":"Necochea Quequ\u00e9n7 de Noviembre 2025Unidad de Ense\u00f1anza Universitaria Quequ\u00e9n La log\u00edstica es intr\u00ednsecamente colaborativa, y el congreso se presenta como un espacio donde los profesionales pueden conectarse, compartir experiencias, establecer colaboraciones estrat\u00e9gicas y construir una red valiosa de contactos en la industria. La diversidad de perspectivas enriquecer\u00e1 las discusiones y promover\u00e1 soluciones inclusivas y globales.&hellip;","_links":{"self":[{"href":"https:\/\/www.quequen.unicen.edu.ar\/index.php?rest_route=\/wp\/v2\/pages\/2910","targetHints":{"allow":["GET"]}}],"collection":[{"href":"https:\/\/www.quequen.unicen.edu.ar\/index.php?rest_route=\/wp\/v2\/pages"}],"about":[{"href":"https:\/\/www.quequen.unicen.edu.ar\/index.php?rest_route=\/wp\/v2\/types\/page"}],"author":[{"embeddable":true,"href":"https:\/\/www.quequen.unicen.edu.ar\/index.php?rest_route=\/wp\/v2\/users\/1"}],"replies":[{"embeddable":true,"href":"https:\/\/www.quequen.unicen.edu.ar\/index.php?rest_route=%2Fwp%2Fv2%2Fcomments&post=2910"}],"version-history":[{"count":100,"href":"https:\/\/www.quequen.unicen.edu.ar\/index.php?rest_route=\/wp\/v2\/pages\/2910\/revisions"}],"predecessor-version":[{"id":4858,"href":"https:\/\/www.quequen.unicen.edu.ar\/index.php?rest_route=\/wp\/v2\/pages\/2910\/revisions\/4858"}],"wp:attachment":[{"href":"https:\/\/www.quequen.unicen.edu.ar\/index.php?rest_route=%2Fwp%2Fv2%2Fmedia&parent=2910"}],"curies":[{"name":"wp","href":"https:\/\/api.w.org\/{rel}","templated":true}]}}