{"id":2952,"date":"2024-03-17T21:46:01","date_gmt":"2024-03-17T21:46:01","guid":{"rendered":"https:\/\/webquequen.nuevo.unicen.edu.ar\/?page_id=2952"},"modified":"2025-06-27T20:55:37","modified_gmt":"2025-06-27T20:55:37","slug":"concurso","status":"publish","type":"page","link":"https:\/\/www.quequen.unicen.edu.ar\/?page_id=2952","title":{"rendered":"Concurso"},"content":{"rendered":"\n<figure class=\"wp-block-image size-large\"><img loading=\"lazy\" decoding=\"async\" width=\"1024\" height=\"157\" src=\"https:\/\/webquequen.nuevo.unicen.edu.ar\/wp-content\/uploads\/2023\/12\/Logo-Concurso-Ciencia-en-Accion-1024x157.png\" alt=\"\" class=\"wp-image-2958\" srcset=\"https:\/\/www.quequen.unicen.edu.ar\/wp-content\/uploads\/2023\/12\/Logo-Concurso-Ciencia-en-Accion-1024x157.png 1024w, https:\/\/www.quequen.unicen.edu.ar\/wp-content\/uploads\/2023\/12\/Logo-Concurso-Ciencia-en-Accion-300x46.png 300w, https:\/\/www.quequen.unicen.edu.ar\/wp-content\/uploads\/2023\/12\/Logo-Concurso-Ciencia-en-Accion-768x118.png 768w, https:\/\/www.quequen.unicen.edu.ar\/wp-content\/uploads\/2023\/12\/Logo-Concurso-Ciencia-en-Accion-1536x235.png 1536w, https:\/\/www.quequen.unicen.edu.ar\/wp-content\/uploads\/2023\/12\/Logo-Concurso-Ciencia-en-Accion-2048x313.png 2048w\" sizes=\"auto, (max-width: 1024px) 100vw, 1024px\" \/><\/figure>\n\n\n\n<p class=\"has-text-align-right\"><strong><em>\u00abNing\u00fan gran descubrimiento fue hecho jam\u00e1s sin una conjetura audaz\u00bb.<\/em><\/strong><br><strong>Isaac Newton<\/strong><\/p>\n\n\n\n<p>La investigaci\u00f3n es la chispa que enciende la llama del conocimiento. A trav\u00e9s de este concurso, buscamos mentes curiosas y apasionadas que deseen explorar, descubrir y transformar.<\/p>\n\n\n\n<p>En este emocionante viaje, te propomemos llevar  a cabo una investigaci\u00f3n innovadora sobre algunos temas relacionados con el medioambiente, la logistica y la tecnolog\u00eda \u00bfPor qu\u00e9 nos importa? Porque creemos que cada pregunta sin respuesta es una oportunidad para desentra\u00f1ar un nuevo misterio, para iluminar un rinc\u00f3n oscuro de nuestro entendimiento colectivo.<\/p>\n\n\n\n<p>La investigaci\u00f3n no solo se trata de datos y resultados; es una traves\u00eda de autodescubrimiento y crecimiento. Al unirte a nosotros, no solo contribuir\u00e1s a la expansi\u00f3n del conocimiento, sino que tambi\u00e9n te sumergir\u00e1s en una experiencia enriquecedora que podr\u00eda cambiar la forma en que vemos el mundo.<\/p>\n\n\n\n<p>La investigaci\u00f3n nos invita a so\u00f1ar, a cuestionar y a avanzar. \u00danete a este concurso y s\u00e9 parte de la historia que estamos escribiendo juntos. Tu perspectiva \u00fanica, tus ideas y tu participaci\u00f3n pueden ser la fuerza motriz que lleve a la evoluci\u00f3n y al descubrimiento.<\/p>\n\n\n\n<p>Si te interesa descubrir cosas nuevas o buscar una soluci\u00f3n a algunos de las problem\u00e1ticas que te afectan a t\u00ed o a personas allegadas o a tu barrio y m\u00e1s, \u00e9sta es una manera de hacerlo. \u00bfQui\u00e9n sabe? Tal vez es la forma de ser escuchado. Trabajar en equipo puede brindarte la oportunidad de hallar soluciones mejores, poder defender tu punto de vista, as\u00ed como comprender el del otro y abordar las cuestiones en forma m\u00e1s compleja.<\/p>\n\n\n\n<p>Cada a\u00f1o se invita a los alumnos del nivel secundario a presentar trabajos de investigaci\u00f3n que pretendan resolver alguna de las problem\u00e1ticas propuestas sobre los siguientes tres ejes tem\u00e1ticos.<\/p>\n\n\n\n<ul class=\"wp-block-list\">\n<li>AMBIENTE\n<ul class=\"wp-block-list\">\n<li>El tratamiento de residuos s\u00f3lidos urbanos<\/li>\n\n\n\n<li>La inclusi\u00f3n de energ\u00eda renovable en la vida cotidiana<\/li>\n<\/ul>\n<\/li>\n\n\n\n<li>LOG\u00cdSTICA\n<ul class=\"wp-block-list\">\n<li>La distribuci\u00f3n urbana de mercanc\u00edas<\/li>\n\n\n\n<li>La siniestralidad vial<\/li>\n<\/ul>\n<\/li>\n\n\n\n<li>TECNOLOG\u00cdA\n<ul class=\"wp-block-list\">\n<li>La automatizaci\u00f3n en entornos peligrosos.<\/li>\n\n\n\n<li>El rol de los datos en la transformaci\u00f3n de la producci\u00f3n.<\/li>\n<\/ul>\n<\/li>\n<\/ul>\n\n\n\n<p>Los trabajos de investigaci\u00f3n deber\u00e1n abordarse desde alguna de las \u00e1reas que se detallan a continuaci\u00f3n.<\/p>\n\n\n\n<ul class=\"wp-block-list\">\n<li>CIENCIAS EXACTAS: Ingenier\u00eda \u2013 Matem\u00e1tica y Estad\u00edstica \u2013 Log\u00edstica \u2013 Otras<\/li>\n\n\n\n<li>CIENCIAS NATURALES: F\u00edsica- Qu\u00edmica \u2013 Biolog\u00eda \u2013 Medioambiente \u2013 Ecolog\u00eda \u2013 Salud \u2013 Otras<\/li>\n\n\n\n<li>CIENCIAS SOCIALES: Historia \u2013 Geograf\u00eda \u2013 Comunicaci\u00f3n- Sociolog\u00eda \u2013 Filosof\u00eda \u2013 Educaci\u00f3n- Globalizaci\u00f3n \u2013 Otras<\/li>\n\n\n\n<li>TECNOLOG\u00cdA: Inform\u00e1tica \u2013 Electr\u00f3nica \u2013 Rob\u00f3tica \u2013 Mec\u00e1nica \u2013 Biotecnolog\u00eda \u2013 Otras<\/li>\n<\/ul>\n\n\n\n<p>Destinatarios: Alumnos de Nivel Secundario<\/p>\n\n\n\n<p><strong>Reglamento<\/strong><\/p>\n\n\n\n<ul class=\"wp-block-list\">\n<li>Fecha importantes:\n<ul class=\"wp-block-list\">\n<li>Presentaci\u00f3n de propuestas FICHA DE INSCRIPCI\u00d3N: hasta 30 de Agosto de 2025<\/li>\n\n\n\n<li>Presentaci\u00f3n de trabajos: hasta 30 de Septiembre de 2025<\/li>\n\n\n\n<li>Evaluaci\u00f3n y Notificaci\u00f3n: 15 de Octubre de 2025<\/li>\n\n\n\n<li>Exposici\u00f3n de trabajos ganadores: Congreso de Log\u00edstica, Puertos y Comercio Exterior<\/li>\n<\/ul>\n<\/li>\n\n\n\n<li>Integrantes: hasta 4 integrantes<\/li>\n\n\n\n<li>Formato de la presentaci\u00f3n: se propone una plantilla (plantilla.doc) con el formato del documento y las recomendaciones respecto de su contenido.<\/li>\n\n\n\n<li>Se solicita que se respete el formato all\u00ed presentado dado que la grilla de evaluaci\u00f3n de trabajos contempla estos \u00edtems, de esta manera se garantiza la calificaci\u00f3n correspondiente en cada punto. Dentro de cada t\u00edtulo hay total libertad de desarrollo y de clasificaciones que se consideren pertinentes al tema, las observaciones de cada t\u00edtulo que se presentan en la plantilla son orientativas.<\/li>\n<\/ul>\n\n\n\n<p>Lugar de presentaci\u00f3n de ficha de inscripci\u00f3n y trabajos: UNICEN \u2013 Sede QUEQU\u00c9N o en forma electr\u00f3nica concursocienciaenaccion@gmail.com<\/p>\n\n\n\n<div class=\"wp-block-uagb-container uagb-block-7111ddc4 default uagb-is-root-container\">\n<div class=\"wp-block-uagb-container uagb-block-ca3c2d01\">\n<div class=\"wp-block-columns is-layout-flex wp-container-core-columns-is-layout-28f84493 wp-block-columns-is-layout-flex\">\n<div class=\"wp-block-column is-vertically-aligned-center is-layout-flow wp-block-column-is-layout-flow\" style=\"flex-basis:100%\">\n<figure class=\"wp-block-image aligncenter size-large is-resized\"><img loading=\"lazy\" decoding=\"async\" width=\"724\" height=\"1024\" src=\"https:\/\/www.quequen.unicen.edu.ar\/wp-content\/uploads\/2025\/06\/CONCURSO-SEMANA-NACIONAL-DE-LAS-CIENCIAS-2025-1-724x1024.png\" alt=\"\" class=\"wp-image-4675\" style=\"width:453px;height:auto\" srcset=\"https:\/\/www.quequen.unicen.edu.ar\/wp-content\/uploads\/2025\/06\/CONCURSO-SEMANA-NACIONAL-DE-LAS-CIENCIAS-2025-1-724x1024.png 724w, https:\/\/www.quequen.unicen.edu.ar\/wp-content\/uploads\/2025\/06\/CONCURSO-SEMANA-NACIONAL-DE-LAS-CIENCIAS-2025-1-212x300.png 212w, https:\/\/www.quequen.unicen.edu.ar\/wp-content\/uploads\/2025\/06\/CONCURSO-SEMANA-NACIONAL-DE-LAS-CIENCIAS-2025-1-768x1086.png 768w, https:\/\/www.quequen.unicen.edu.ar\/wp-content\/uploads\/2025\/06\/CONCURSO-SEMANA-NACIONAL-DE-LAS-CIENCIAS-2025-1-1086x1536.png 1086w, https:\/\/www.quequen.unicen.edu.ar\/wp-content\/uploads\/2025\/06\/CONCURSO-SEMANA-NACIONAL-DE-LAS-CIENCIAS-2025-1-1448x2048.png 1448w, https:\/\/www.quequen.unicen.edu.ar\/wp-content\/uploads\/2025\/06\/CONCURSO-SEMANA-NACIONAL-DE-LAS-CIENCIAS-2025-1-scaled.png 1810w\" sizes=\"auto, (max-width: 724px) 100vw, 724px\" \/><\/figure>\n<\/div>\n<\/div>\n<\/div>\n\n\n\n<div class=\"wp-block-uagb-container uagb-block-2b9c31b2\">\n<p class=\"has-small-font-size\" style=\"padding-top:var(--wp--preset--spacing--40);padding-bottom:var(--wp--preset--spacing--40)\"><strong><a href=\"https:\/\/webquequen.nuevo.unicen.edu.ar\/wp-content\/uploads\/2024\/02\/Bases-y-Condiciones-Concurso-Semana-de-las-Ciencias-y-la-Tecnologia.pdf\" data-type=\"link\" data-id=\"https:\/\/webquequen.nuevo.unicen.edu.ar\/wp-content\/uploads\/2024\/02\/Bases-y-Condiciones-Concurso-Semana-de-las-Ciencias-y-la-Tecnologia.pdf\">BASES Y <\/a><a href=\"https:\/\/www.quequen.unicen.edu.ar\/wp-content\/uploads\/2024\/05\/Bases-y-Condiciones-Concurso-Semana-de-las-Ciencias-y-la-Tecnologia.pdf\" data-type=\"link\" data-id=\"https:\/\/www.quequen.unicen.edu.ar\/wp-content\/uploads\/2024\/05\/Bases-y-Condiciones-Concurso-Semana-de-las-Ciencias-y-la-Tecnologia.pdf\" target=\"_blank\" rel=\"noreferrer noopener\">CONDICIONES<\/a><\/strong><\/p>\n\n\n\n<p class=\"has-small-font-size\" style=\"padding-top:var(--wp--preset--spacing--40);padding-bottom:var(--wp--preset--spacing--40)\"><strong><a href=\"https:\/\/www.quequen.unicen.edu.ar\/wp-content\/uploads\/2024\/04\/Ficha-Inscripcion-Concurso-Semana-de-las-Ciencias-y-la-Tecnologia.pdf\" data-type=\"link\" data-id=\"https:\/\/www.quequen.unicen.edu.ar\/wp-content\/uploads\/2024\/04\/Ficha-Inscripcion-Concurso-Semana-de-las-Ciencias-y-la-Tecnologia.pdf\">FICHA DE INSCRIPCI\u00d3N<\/a><\/strong><\/p>\n\n\n\n<p class=\"has-small-font-size\" style=\"padding-top:var(--wp--preset--spacing--40);padding-bottom:var(--wp--preset--spacing--40)\"><strong><a href=\"https:\/\/www.quequen.unicen.edu.ar\/wp-content\/uploads\/2024\/02\/Formato-presentacion-propuestas-concurso-UNICEN.doc\" data-type=\"link\" data-id=\"https:\/\/www.quequen.unicen.edu.ar\/wp-content\/uploads\/2024\/02\/Formato-presentacion-propuestas-concurso-UNICEN.doc\" target=\"_blank\" rel=\"noreferrer noopener\">PRESENTACI\u00d3N DE LA DOCUMENTACI\u00d3N<\/a><\/strong><\/p>\n<\/div>\n<\/div>\n","protected":false},"excerpt":{"rendered":"<p>\u00abNing\u00fan gran descubrimiento fue hecho jam\u00e1s sin una conjetura audaz\u00bb.Isaac Newton La investigaci\u00f3n es la chispa que enciende la llama del conocimiento. A trav\u00e9s de este concurso, buscamos mentes curiosas y apasionadas que deseen explorar, descubrir y transformar. En este emocionante viaje, te propomemos llevar a cabo una investigaci\u00f3n innovadora sobre algunos temas relacionados con &hellip;<\/p>\n<p class=\"read-more\"> <a class=\"\" href=\"https:\/\/www.quequen.unicen.edu.ar\/?page_id=2952\"> <span class=\"screen-reader-text\">Concurso<\/span> Leer m\u00e1s &raquo;<\/a><\/p>\n","protected":false},"author":1,"featured_media":0,"parent":0,"menu_order":0,"comment_status":"closed","ping_status":"closed","template":"","meta":{"_uag_custom_page_level_css":"","site-sidebar-layout":"default","site-content-layout":"default","ast-global-header-display":"","ast-banner-title-visibility":"","ast-main-header-display":"","ast-hfb-above-header-display":"","ast-hfb-below-header-display":"","ast-hfb-mobile-header-display":"","site-post-title":"","ast-breadcrumbs-content":"","ast-featured-img":"","footer-sml-layout":"","theme-transparent-header-meta":"","adv-header-id-meta":"","stick-header-meta":"","header-above-stick-meta":"","header-main-stick-meta":"","header-below-stick-meta":"","footnotes":""},"class_list":["post-2952","page","type-page","status-publish","hentry"],"uagb_featured_image_src":{"full":false,"thumbnail":false,"medium":false,"medium_large":false,"large":false,"news_plugin_small":false,"1536x1536":false,"2048x2048":false},"uagb_author_info":{"display_name":"admin","author_link":"https:\/\/www.quequen.unicen.edu.ar\/?author=1"},"uagb_comment_info":0,"uagb_excerpt":"\u00abNing\u00fan gran descubrimiento fue hecho jam\u00e1s sin una conjetura audaz\u00bb.Isaac Newton La investigaci\u00f3n es la chispa que enciende la llama del conocimiento. A trav\u00e9s de este concurso, buscamos mentes curiosas y apasionadas que deseen explorar, descubrir y transformar. En este emocionante viaje, te propomemos llevar a cabo una investigaci\u00f3n innovadora sobre algunos temas relacionados con&hellip;","_links":{"self":[{"href":"https:\/\/www.quequen.unicen.edu.ar\/index.php?rest_route=\/wp\/v2\/pages\/2952","targetHints":{"allow":["GET"]}}],"collection":[{"href":"https:\/\/www.quequen.unicen.edu.ar\/index.php?rest_route=\/wp\/v2\/pages"}],"about":[{"href":"https:\/\/www.quequen.unicen.edu.ar\/index.php?rest_route=\/wp\/v2\/types\/page"}],"author":[{"embeddable":true,"href":"https:\/\/www.quequen.unicen.edu.ar\/index.php?rest_route=\/wp\/v2\/users\/1"}],"replies":[{"embeddable":true,"href":"https:\/\/www.quequen.unicen.edu.ar\/index.php?rest_route=%2Fwp%2Fv2%2Fcomments&post=2952"}],"version-history":[{"count":15,"href":"https:\/\/www.quequen.unicen.edu.ar\/index.php?rest_route=\/wp\/v2\/pages\/2952\/revisions"}],"predecessor-version":[{"id":4676,"href":"https:\/\/www.quequen.unicen.edu.ar\/index.php?rest_route=\/wp\/v2\/pages\/2952\/revisions\/4676"}],"wp:attachment":[{"href":"https:\/\/www.quequen.unicen.edu.ar\/index.php?rest_route=%2Fwp%2Fv2%2Fmedia&parent=2952"}],"curies":[{"name":"wp","href":"https:\/\/api.w.org\/{rel}","templated":true}]}}