{"id":3017,"date":"2023-12-19T09:01:11","date_gmt":"2023-12-19T09:01:11","guid":{"rendered":"https:\/\/webquequen.nuevo.unicen.edu.ar\/?page_id=3017"},"modified":"2025-11-25T00:50:49","modified_gmt":"2025-11-25T00:50:49","slug":"inscripcion","status":"publish","type":"page","link":"https:\/\/www.quequen.unicen.edu.ar\/?page_id=3017","title":{"rendered":"Requisitos para Inscripci\u00f3n"},"content":{"rendered":"\n<h5 class=\"wp-block-heading\">Oferta educativa<\/h5>\n\n\n\n<ul class=\"wp-block-list\">\n<li><a href=\"https:\/\/www.quequen.unicen.edu.ar\/?page_id=3070\">Licenciatura en Log\u00edstica Integral<\/a><em>&nbsp;<\/em>(4 a\u00f1os).<\/li>\n\n\n\n<li><a href=\"https:\/\/www.quequen.unicen.edu.ar\/?page_id=3165\">Diplomatura Universitaria en Educaci\u00f3n para la Paz y el Abordaje de la Conflictividad Social (2 a\u00f1os, virtual)<\/a><\/li>\n\n\n\n<li>Curso Idioma Ingl\u00e9s (<a href=\"https:\/\/www.quequen.unicen.edu.ar\/?page_id=3253#uagb-tabs__tab3\" data-type=\"link\" data-id=\"https:\/\/www.quequen.unicen.edu.ar\/?page_id=3253#uagb-tabs__tab3\">ver aqu\u00ed requisitos de inscripci\u00f3n<\/a>)<\/li>\n\n\n\n<li><a href=\"https:\/\/www.quequen.unicen.edu.ar\/?page_id=4293\" data-type=\"page\" data-id=\"4293\">Tecnicatura Universitaria en Equipamiento Agroindustrial<\/a><\/li>\n<\/ul>\n\n\n\n<h5 class=\"wp-block-heading\">Incripciones 2026<\/h5>\n\n\n\n<ul class=\"wp-block-list\">\n<li>Desde el 01 de Diciembre de 2025<\/li>\n<\/ul>\n\n\n\n<p><\/p>\n\n\n\n<h4 class=\"wp-block-heading\">Requisitos de ingreso:<\/h4>\n\n\n\n<p>Tener finalizado el ciclo de educaci\u00f3n secundaria (fecha l\u00edmite aprobaci\u00f3n 31 de mayo).<\/p>\n\n\n\n<p>Para inscribirte ten\u00e9s que presentar (el tr\u00e1mite es personal):<\/p>\n\n\n\n<ul class=\"wp-block-list\">\n<li>Fotocopia autenticada del t\u00edtulo secundario, o constancia de t\u00edtulo en tr\u00e1mite. La copia&nbsp;original del t\u00edtulo secundario debe estar&nbsp;<em>legalizada<\/em>, y la fotocopia&nbsp;<em>autenticada<\/em>, indicando que se trata de una copia fiel al original. Este \u00faltimo tr\u00e1mite se puede llevar a cabo en Registro P\u00fablico de Necochea (Calle 57 N\u00ba 3027 entre 66 y 68) de forma gratuita.<\/li>\n\n\n\n<li>Una (1) fotos carnet<\/li>\n\n\n\n<li>Fotocopia de DNI actualizado.<\/li>\n\n\n\n<li>Un sobre bolsa marr\u00f3n&nbsp;<strong>tama\u00f1o oficio<\/strong><\/li>\n\n\n\n<li>Fotocopia del certificado de nacimiento.<\/li>\n\n\n\n<li>Y una (1) copias del formulario de inscripci\u00f3n impresas en hoja A4 a completar a trav\u00e9s del sistema de inscripci\u00f3n online&nbsp;<a href=\"https:\/\/guarani.unicen.edu.ar\/preinscripcion\/quequen\/\">[CLIC AQU\u00cd PARA ACCEDER AL FORMULARIO DE INSCRIPCI\u00d3N]<\/a>.&nbsp;Para completar el formulario de inscripci\u00f3n mediante el sistema de inscripci\u00f3n online, primero es necesario&nbsp;<em>Registrarse como usuario<\/em>:<\/li>\n<\/ul>\n\n\n\n<figure class=\"wp-block-image size-large\"><img decoding=\"async\" src=\"https:\/\/www.quequen.unicen.edu.ar\/wp-content\/uploads\/2024\/07\/Guarani-NuevoUsuario.png\" alt=\"\"\/><\/figure>\n\n\n\n<p>La documentaci\u00f3n debe ser enviada al mail alumnos@quequen.unicen.edu.ar y, ser\u00e1n contactados posteriormente para presentar los originales en papel al Departamento de Alumnos de la Unidad Acad\u00e9mica.<\/p>\n\n\n\n<ul class=\"wp-block-list\">\n<li><a href=\"http:\/\/internacionales.unicen.edu.ar\/\" data-type=\"link\" data-id=\"http:\/\/internacionales.unicen.edu.ar\/\">Documentaci\u00f3n para extranjeros.<\/a><\/li>\n\n\n\n<li>Mayores de 25 a\u00f1os sin t\u00edtulo secundario&nbsp;<a href=\"https:\/\/www.quequen.unicen.edu.ar\/?page_id=3027\" data-type=\"link\" data-id=\"https:\/\/www.quequen.unicen.edu.ar\/?page_id=3027\" target=\"_blank\" rel=\"noreferrer noopener\">consultar esta secci\u00f3n<\/a>.<\/li>\n<\/ul>\n\n\n\n<h4 class=\"wp-block-heading\"><a href=\"https:\/\/www.quequen.unicen.edu.ar\/?page_id=4602\" data-type=\"link\" data-id=\"https:\/\/www.quequen.unicen.edu.ar\/?page_id=4602\">Informaci\u00f3n sobre Curso Introductorio<\/a><\/h4>\n\n\n\n<p><\/p>\n","protected":false},"excerpt":{"rendered":"<p>Oferta educativa Incripciones 2026 Requisitos de ingreso: Tener finalizado el ciclo de educaci\u00f3n secundaria (fecha l\u00edmite aprobaci\u00f3n 31 de mayo). Para inscribirte ten\u00e9s que presentar (el tr\u00e1mite es personal): La documentaci\u00f3n debe ser enviada al mail alumnos@quequen.unicen.edu.ar y, ser\u00e1n contactados posteriormente para presentar los originales en papel al Departamento de Alumnos de la Unidad Acad\u00e9mica. &hellip;<\/p>\n<p class=\"read-more\"> <a class=\"\" href=\"https:\/\/www.quequen.unicen.edu.ar\/?page_id=3017\"> <span class=\"screen-reader-text\">Requisitos para Inscripci\u00f3n<\/span> Leer m\u00e1s &raquo;<\/a><\/p>\n","protected":false},"author":1,"featured_media":0,"parent":0,"menu_order":0,"comment_status":"closed","ping_status":"closed","template":"","meta":{"_uag_custom_page_level_css":"","site-sidebar-layout":"default","site-content-layout":"default","ast-global-header-display":"","ast-banner-title-visibility":"","ast-main-header-display":"","ast-hfb-above-header-display":"","ast-hfb-below-header-display":"","ast-hfb-mobile-header-display":"","site-post-title":"","ast-breadcrumbs-content":"","ast-featured-img":"","footer-sml-layout":"","theme-transparent-header-meta":"","adv-header-id-meta":"","stick-header-meta":"","header-above-stick-meta":"","header-main-stick-meta":"","header-below-stick-meta":"","footnotes":""},"class_list":["post-3017","page","type-page","status-publish","hentry"],"uagb_featured_image_src":{"full":false,"thumbnail":false,"medium":false,"medium_large":false,"large":false,"news_plugin_small":false,"1536x1536":false,"2048x2048":false},"uagb_author_info":{"display_name":"admin","author_link":"https:\/\/www.quequen.unicen.edu.ar\/?author=1"},"uagb_comment_info":0,"uagb_excerpt":"Oferta educativa Incripciones 2026 Requisitos de ingreso: Tener finalizado el ciclo de educaci\u00f3n secundaria (fecha l\u00edmite aprobaci\u00f3n 31 de mayo). Para inscribirte ten\u00e9s que presentar (el tr\u00e1mite es personal): La documentaci\u00f3n debe ser enviada al mail alumnos@quequen.unicen.edu.ar y, ser\u00e1n contactados posteriormente para presentar los originales en papel al Departamento de Alumnos de la Unidad Acad\u00e9mica.&hellip;","_links":{"self":[{"href":"https:\/\/www.quequen.unicen.edu.ar\/index.php?rest_route=\/wp\/v2\/pages\/3017","targetHints":{"allow":["GET"]}}],"collection":[{"href":"https:\/\/www.quequen.unicen.edu.ar\/index.php?rest_route=\/wp\/v2\/pages"}],"about":[{"href":"https:\/\/www.quequen.unicen.edu.ar\/index.php?rest_route=\/wp\/v2\/types\/page"}],"author":[{"embeddable":true,"href":"https:\/\/www.quequen.unicen.edu.ar\/index.php?rest_route=\/wp\/v2\/users\/1"}],"replies":[{"embeddable":true,"href":"https:\/\/www.quequen.unicen.edu.ar\/index.php?rest_route=%2Fwp%2Fv2%2Fcomments&post=3017"}],"version-history":[{"count":31,"href":"https:\/\/www.quequen.unicen.edu.ar\/index.php?rest_route=\/wp\/v2\/pages\/3017\/revisions"}],"predecessor-version":[{"id":4862,"href":"https:\/\/www.quequen.unicen.edu.ar\/index.php?rest_route=\/wp\/v2\/pages\/3017\/revisions\/4862"}],"wp:attachment":[{"href":"https:\/\/www.quequen.unicen.edu.ar\/index.php?rest_route=%2Fwp%2Fv2%2Fmedia&parent=3017"}],"curies":[{"name":"wp","href":"https:\/\/api.w.org\/{rel}","templated":true}]}}