{"id":3034,"date":"2023-12-19T09:32:59","date_gmt":"2023-12-19T09:32:59","guid":{"rendered":"https:\/\/webquequen.nuevo.unicen.edu.ar\/?page_id=3034"},"modified":"2024-04-14T13:57:59","modified_gmt":"2024-04-14T13:57:59","slug":"preguntas-frecuentes","status":"publish","type":"page","link":"https:\/\/www.quequen.unicen.edu.ar\/?page_id=3034","title":{"rendered":"Preguntas Frecuentes"},"content":{"rendered":"\n<div class=\"wp-block-uagb-container uagb-block-cd46630b default uagb-is-root-container\"><\/div>\n\n\n<form role=\"search\" method=\"get\" action=\"https:\/\/www.quequen.unicen.edu.ar\/\" class=\"wp-block-search__button-outside wp-block-search__text-button wp-block-search\"    ><label class=\"wp-block-search__label screen-reader-text\" for=\"wp-block-search__input-1\" >Buscar<\/label><div class=\"wp-block-search__inside-wrapper\"  style=\"width: 359px\"><input class=\"wp-block-search__input\" id=\"wp-block-search__input-1\" placeholder=\"Escriba aqu\u00ed\" value=\"\" type=\"search\" name=\"s\" required \/><button aria-label=\"Buscar\" class=\"wp-block-search__button wp-element-button\" type=\"submit\" >Buscar<\/button><\/div><\/form>\n\n\n<div class=\"wp-block-uagb-container uagb-block-1e1421f5 alignfull uagb-is-root-container\"><div class=\"uagb-container-inner-blocks-wrap\"><\/div><\/div>\n\n\n\n<p><strong>\u00bfC\u00f3mo hago para ingresar en carreras que se dictan en la Unidad Acad\u00e9mica?<\/strong><br>Es necesario tener aprobado el ciclo de educaci\u00f3n secundaria (fecha l\u00edmite aprobaci\u00f3n 30 de mayo).<\/p>\n\n\n\n<p><strong>\u00bfQu\u00e9 documentaci\u00f3n tengo que presentar para inscribirme en las carreras que se dictan en la Unidad Acad\u00e9mica?<\/strong><\/p>\n\n\n\n<ul class=\"wp-block-list\">\n<li>Fotocopia autenticada del t\u00edtulo secundario, o constancia de t\u00edtulo en tr\u00e1mite.<\/li>\n\n\n\n<li>Tres (3) fotos carnet<\/li>\n\n\n\n<li>DNI original y fotocopia de las dos caras (frente y reverso).<\/li>\n\n\n\n<li>Un sobre bolsa marr\u00f3n tama\u00f1o oficio.<\/li>\n\n\n\n<li>Certificado de salud expedido por hospitales o centros de salud municipales.<\/li>\n\n\n\n<li>Fotocopia del certificado de nacimiento.<\/li>\n\n\n\n<li>Y dos (2) copias del formulario de inscripci\u00f3n completo con sus datos en hoja A4.<\/li>\n<\/ul>\n\n\n\n<p>La inscripci\u00f3n es personal y se realiza en la oficina de Alumnos de la unidad acad\u00e9mica (Calle 508 N\u00ba 881).<\/p>\n\n\n\n<p><strong>\u00bfLas cursadas son a distancia o presenciales?<\/strong><\/p>\n\n\n\n<p>Es presencial pero no se toma asistencia. La regularidad se conserva aprobando los parciales y entregando los trabajos de cada asignatura. Salvo que la c\u00e1tedra determine expresamente lo contrario.<\/p>\n\n\n\n<p><strong>\u00bfC\u00f3mo puedo pedir equivalencia de asignaturas de otras carreras? (de esta universidad o de otras instituciones)<\/strong><br>El tr\u00e1mite se realiza por \u00fanica vez al inscribirse en la carrera. Para solicitar equivalencias de asignaturas aprobadas en otras universidades nacionales o privadas, institutos superiores y de nivel terciario oficiales y privados legalmente reconocidos, deber\u00e1 tramitar en la universidad de origen la siguiente documentaci\u00f3n:<\/p>\n\n\n\n<ul class=\"wp-block-list\">\n<li>Certificado anal\u00edtico donde conste:\n<ul class=\"wp-block-list\">\n<li>Apellidos y nombres completos (seg\u00fan conste en el DNI)<\/li>\n\n\n\n<li>N\u00famero de documento de identidad<\/li>\n\n\n\n<li>N\u00famero de matr\u00edcula, registro o libreta universitaria<\/li>\n\n\n\n<li>N\u00f3mina y detalle de las asignaturas aprobadas con indicaci\u00f3n de fechas, n\u00famero de libro y folio en que se asentara y calificaci\u00f3n obtenida en n\u00fameros y letras.<\/li>\n\n\n\n<li>Indicar si registran aplazos. En caso de no registrarlos dejar constancia de ello.<\/li>\n\n\n\n<li>Las asignaturas desaprobadas deber\u00e1n llevar el mismo detalle de las aprobadas.<\/li>\n\n\n\n<li>Para las asignaturas cursadas: deber\u00e1 consignarse la fecha de aprobaci\u00f3n de dicha cursada.<\/li>\n<\/ul>\n<\/li>\n\n\n\n<li>Plan de estudio de la carrera.<\/li>\n\n\n\n<li>Certificado anal\u00edtico de t\u00edtulo secundario legalizado. &nbsp;Fotocopia autenticada.<\/li>\n\n\n\n<li>Certificaci\u00f3n de la Facultad que informe si el alumno ha sido pasible de sanciones disciplinarias. En caso de no registrar sanciones dejar constancia.<\/li>\n\n\n\n<li>Programas anal\u00edticos de las asignaturas aprobadas y\/o cursadas. Los programas correspondientes a las F\u00edsicas y Qu\u00edmicas deber\u00e1n contener los laboratorios realizados.&nbsp;Los programas deben llevar detalle de la bibliograf\u00eda indicada en la asignatura.<\/li>\n\n\n\n<li>Certificados de las materias reconocidas por equivalencias en la Instituci\u00f3n de la que proviene, indic\u00e1ndose la Instituci\u00f3n de origen en la que las aprob\u00f3 y, de no ser as\u00ed, las veces que fueron rendidas; tambi\u00e9n la fecha de concesi\u00f3n de la equivalencia y n\u00famero de Expediente.<\/li>\n\n\n\n<li>La documentaci\u00f3n, deber\u00e1 estar foliada en el margen inferior derecho.<\/li>\n<\/ul>\n\n\n\n<p>TODA LA DOCUMENTACION, deber\u00e1 llevar la firma del Decano y Secretario Acad\u00e9mico, o la firma de toda persona autorizada con firma reconocida, debiendo aquellas ser LEGALIZADAS por la Universidad correspondiente.<br>SI PROVIENE DE UNIVERSIDAD PRIVADA O PROVINCIAL, e INSTITUTOS SUPERIORES, LA LEGALIZACI\u00d3N DEBE SER VISADA Y AUTORIZADA POR LA DIRECCION NACIONAL DE GESTION UNIVERSITARIA \u2013 Av. Santa Fe 1548 -Piso 12- Capital Federal<br>Todos los certificados deben ser ORIGINALES y deber\u00e1n estar legalizados por las autoridades correspondientes.<\/p>\n\n\n\n<p><strong>\u00bfPuede perderse la condici\u00f3n de alumno regular? &nbsp;\u00bfC\u00f3mo se conserva la regularidad?<\/strong><br>Un alumno regular tiene que ser ingresante o rematricularse todos los a\u00f1os.<\/p>\n\n\n\n<p><strong>\u00bfCu\u00e1l es la vigencia de las cursadas?<\/strong><br>Las cursadas tienen una vigencia de 3 a\u00f1os. Pasado ese plazo deber\u00e1 recursarse la asignatura.<\/p>\n\n\n\n<p><strong>\u00bfCu\u00e1ntos aplazos puedo tener en el examen final de una materia?<\/strong><br>El alumno que resulte aplazado 3 veces en una materia podr\u00e1 rendirla una cuarta vez, siempre que previamente, solicite una entrevista con el profesor a cargo de ella y del director del departamento o secretario acad\u00e9mico, con el prop\u00f3sito de analizar las dificultades de la situaci\u00f3n.<\/p>\n\n\n\n<p><strong>\u00bfCon cu\u00e1nta anticipaci\u00f3n debo inscribirme a un examen final?<\/strong><br>Se pueden inscribir o anular la inscripci\u00f3n por medio del sistema de gesti\u00f3n de alumnos\u00a0<a href=\"https:\/\/guarani.unicen.edu.ar\/autogestion\/quequen\/\" target=\"_blank\" rel=\"noreferrer noopener\">SIU Guaran\u00ed<\/a>, hasta las 18.00 del segundo d\u00eda h\u00e1bil anterior a la fecha del examen.<\/p>\n\n\n\n<p><strong>\u00bfTengo que tener aprobado el primer a\u00f1o para seguir cursando?<\/strong><br>Podr\u00e1 seguir cursando siempre que las correlatividades entre materias lo permitan.<\/p>\n\n\n\n<p><strong>\u00bfQu\u00e9 es el\u00a0<a href=\"https:\/\/guarani.unicen.edu.ar\/autogestion\/quequen\/\" target=\"_blank\" rel=\"noreferrer noopener\">SIU Guaran\u00ed<\/a>?<\/strong><br>Se trata de un sistema inform\u00e1tico de gesti\u00f3n acad\u00e9mica online, que permite al alumno realizar las siguientes gestiones:<\/p>\n\n\n\n<ul class=\"wp-block-list\">\n<li>Inscribirte a materias y ex\u00e1menes.<\/li>\n<\/ul>\n\n\n\n<ul class=\"wp-block-list\">\n<li>Consultar el plan de tu carrera.<\/li>\n<\/ul>\n\n\n\n<ul class=\"wp-block-list\">\n<li>Consultar tu historia acad\u00e9mica.<\/li>\n<\/ul>\n\n\n\n<ul class=\"wp-block-list\">\n<li>Actualizar tus datos personales.<\/li>\n\n\n\n<li>Recibir alertas sobre per\u00edodos de inscripci\u00f3n o vencimiento de ex\u00e1menes finales.<\/li>\n<\/ul>\n\n\n\n<p>Una vez reunidos los requisitos para ingresar y entregado la documentaci\u00f3n correspondiente, la&nbsp;Oficina de Alumnos le generar\u00e1 su legajo electr\u00f3nico incorpor\u00e1ndolo al sistema SIU Guaran\u00ed.<\/p>\n\n\n\n<p>Para m\u00e1s informaci\u00f3n comunicarse con el \u00c1rea de Alumnos de la Unidad Acad\u00e9mica, al 45-1499\/45-3232 interno 30, o a la direcci\u00f3n de correo electr\u00f3nico&nbsp;<a href=\"mailto:alumnos@quequen.unicen.edu.ar\">alumnos@quequen.unicen.edu.ar<\/a><\/p>\n","protected":false},"excerpt":{"rendered":"<p>\u00bfC\u00f3mo hago para ingresar en carreras que se dictan en la Unidad Acad\u00e9mica?Es necesario tener aprobado el ciclo de educaci\u00f3n secundaria (fecha l\u00edmite aprobaci\u00f3n 30 de mayo). \u00bfQu\u00e9 documentaci\u00f3n tengo que presentar para inscribirme en las carreras que se dictan en la Unidad Acad\u00e9mica? La inscripci\u00f3n es personal y se realiza en la oficina de &hellip;<\/p>\n<p class=\"read-more\"> <a class=\"\" href=\"https:\/\/www.quequen.unicen.edu.ar\/?page_id=3034\"> <span class=\"screen-reader-text\">Preguntas Frecuentes<\/span> Leer m\u00e1s &raquo;<\/a><\/p>\n","protected":false},"author":1,"featured_media":0,"parent":0,"menu_order":0,"comment_status":"closed","ping_status":"closed","template":"","meta":{"_uag_custom_page_level_css":"","site-sidebar-layout":"default","site-content-layout":"default","ast-global-header-display":"","ast-banner-title-visibility":"","ast-main-header-display":"","ast-hfb-above-header-display":"","ast-hfb-below-header-display":"","ast-hfb-mobile-header-display":"","site-post-title":"","ast-breadcrumbs-content":"","ast-featured-img":"","footer-sml-layout":"","theme-transparent-header-meta":"","adv-header-id-meta":"","stick-header-meta":"","header-above-stick-meta":"","header-main-stick-meta":"","header-below-stick-meta":"","footnotes":""},"class_list":["post-3034","page","type-page","status-publish","hentry"],"uagb_featured_image_src":{"full":false,"thumbnail":false,"medium":false,"medium_large":false,"large":false,"news_plugin_small":false,"1536x1536":false,"2048x2048":false},"uagb_author_info":{"display_name":"admin","author_link":"https:\/\/www.quequen.unicen.edu.ar\/?author=1"},"uagb_comment_info":0,"uagb_excerpt":"\u00bfC\u00f3mo hago para ingresar en carreras que se dictan en la Unidad Acad\u00e9mica?Es necesario tener aprobado el ciclo de educaci\u00f3n secundaria (fecha l\u00edmite aprobaci\u00f3n 30 de mayo). \u00bfQu\u00e9 documentaci\u00f3n tengo que presentar para inscribirme en las carreras que se dictan en la Unidad Acad\u00e9mica? La inscripci\u00f3n es personal y se realiza en la oficina de&hellip;","_links":{"self":[{"href":"https:\/\/www.quequen.unicen.edu.ar\/index.php?rest_route=\/wp\/v2\/pages\/3034","targetHints":{"allow":["GET"]}}],"collection":[{"href":"https:\/\/www.quequen.unicen.edu.ar\/index.php?rest_route=\/wp\/v2\/pages"}],"about":[{"href":"https:\/\/www.quequen.unicen.edu.ar\/index.php?rest_route=\/wp\/v2\/types\/page"}],"author":[{"embeddable":true,"href":"https:\/\/www.quequen.unicen.edu.ar\/index.php?rest_route=\/wp\/v2\/users\/1"}],"replies":[{"embeddable":true,"href":"https:\/\/www.quequen.unicen.edu.ar\/index.php?rest_route=%2Fwp%2Fv2%2Fcomments&post=3034"}],"version-history":[{"count":6,"href":"https:\/\/www.quequen.unicen.edu.ar\/index.php?rest_route=\/wp\/v2\/pages\/3034\/revisions"}],"predecessor-version":[{"id":3608,"href":"https:\/\/www.quequen.unicen.edu.ar\/index.php?rest_route=\/wp\/v2\/pages\/3034\/revisions\/3608"}],"wp:attachment":[{"href":"https:\/\/www.quequen.unicen.edu.ar\/index.php?rest_route=%2Fwp%2Fv2%2Fmedia&parent=3034"}],"curies":[{"name":"wp","href":"https:\/\/api.w.org\/{rel}","templated":true}]}}