{"id":3168,"date":"2023-12-20T17:48:03","date_gmt":"2023-12-20T17:48:03","guid":{"rendered":"https:\/\/webquequen.nuevo.unicen.edu.ar\/?page_id=3168"},"modified":"2026-02-10T12:21:11","modified_gmt":"2026-02-10T12:21:11","slug":"despacho-aduanero","status":"publish","type":"page","link":"https:\/\/www.quequen.unicen.edu.ar\/?page_id=3168","title":{"rendered":"Diplomatura Universitaria en Despacho Aduanero, Log\u00edstica y Operatoria Internacional"},"content":{"rendered":"\n<div class=\"wp-block-uagb-advanced-heading uagb-block-4b2f8686\"><h4 class=\"uagb-heading-text\">  <a href=\"https:\/\/docs.google.com\/forms\/d\/e\/1FAIpQLSeklPGiATyRlN5me5JC0jb-7BKj7L-VK84Jf0bTrOuSCxFWEg\/viewform?usp=sharing&amp;ouid=112156602928650386354\" data-type=\"link\" data-id=\"https:\/\/docs.google.com\/forms\/d\/e\/1FAIpQLSeklPGiATyRlN5me5JC0jb-7BKj7L-VK84Jf0bTrOuSCxFWEg\/viewform?usp=sharing&amp;ouid=112156602928650386354\">Acceso a  Registro de Interesados<\/a><\/h4><p class=\"uagb-desc-text\">Complet\u00e1 el formulario y seguimos en contacto!!!<\/p><\/div>\n\n\n\n<div class=\"wp-block-uagb-tabs uagb-block-52710ea5 uagb-tabs__wrap uagb-tabs__hstyle1-desktop uagb-tabs__vstyle6-tablet uagb-tabs__stack1-mobile\" data-tab-active=\"0\"><ul class=\"uagb-tabs__panel uagb-tabs__align-left\" role=\"tablist\"><li class=\"uagb-tab uagb-tabs__active\" role=\"none\"><a href=\"#uagb-tabs__tab0\" class=\"uagb-tabs-list uagb-tabs__icon-position-left\" data-tab=\"0\" role=\"tab\"><div>Descripci\u00f3n<\/div><\/a><\/li><li class=\"uagb-tab \" role=\"none\"><a href=\"#uagb-tabs__tab1\" class=\"uagb-tabs-list uagb-tabs__icon-position-left\" data-tab=\"1\" role=\"tab\"><div>Perfil<\/div><\/a><\/li><li class=\"uagb-tab \" role=\"none\"><a href=\"#uagb-tabs__tab2\" class=\"uagb-tabs-list uagb-tabs__icon-position-left\" data-tab=\"2\" role=\"tab\"><div>Admisi\u00f3n<\/div><\/a><\/li><li class=\"uagb-tab \" role=\"none\"><a href=\"#uagb-tabs__tab3\" class=\"uagb-tabs-list uagb-tabs__icon-position-left\" data-tab=\"3\" role=\"tab\"><div>Plan de Estudios<\/div><\/a><\/li><\/ul><div class=\"uagb-tabs__body-wrap\">\n<div class=\"wp-block-uagb-tabs-child uagb-tabs__body-container uagb-inner-tab-0\" aria-labelledby=\"uagb-tabs__tab0\">\n<h4 class=\"wp-block-heading\">Modalidad: Virtual <\/h4>\n\n\n\n<h4 class=\"wp-block-heading\">Arancelada<\/h4>\n\n\n\n<h4 class=\"wp-block-heading\">Duraci\u00f3n: 1 a\u00f1o<\/h4>\n\n\n\n<div class=\"wp-block-uagb-separator uagb-block-f8c0b9fe\"><div class=\"wp-block-uagb-separator__inner\" style=\"--my-background-image:\"><\/div><\/div>\n\n\n\n<p>Esta Diplomatura constituye un trayecto formativo integrador de las aristas principales que tiene el negocio del comercio internacional, con la finalidad de promover la capacitaci\u00f3n, actualizaci\u00f3n y perfeccionamiento de las competencias b\u00e1sicas que requiere la operatoria del comercio exterior. Surge como respuesta a la expresi\u00f3n de una demanda concreta de contar con recursos humanos con formaci\u00f3n espec\u00edfica en el comercio exterior, manifestada por empresas y C\u00e1maras Industriales, Profesionales y Comerciales del hinterland de Puerto Quequ\u00e9n a la sede en Quequ\u00e9n de la UNICEN.<\/p>\n\n\n\n<p>Este trayecto formativo propone aportar s\u00f3lidos contenidos te\u00f3ricos y metodol\u00f3gicos, as\u00ed como actividades pr\u00e1cticas que permitan incorporar naturalmente las herramientas necesarias para contribuir a desempe\u00f1os eficaces en las tareas log\u00edsticas, de despacho aduanero y de operatoria internacional involucradas en el comercio exterior.<\/p>\n\n\n\n<p>En un marco de integraci\u00f3n de saberes provenientes de diversos campos disciplinares se presenta la Diplomatura Universitaria en Despacho Aduanero, Log\u00edstica y Operatoria Internacional (DALOI) de manera conjunta entre la Facultad de Ciencias Humanas, la Facultad de Ciencias Econ\u00f3micas y la Unidad de Ense\u00f1anza Universitaria Quequ\u00e9n.<\/p>\n\n\n\n<p>El programa se estructura en diez m\u00f3dulos, siguiendo la secuencia real que tienen las actividades de internacionalizaci\u00f3n tanto de empresas productivas, industriales, de servicios como organismos p\u00fablicos y privados. Desde el an\u00e1lisis del entorno internacional y el entendimiento de la globalizaci\u00f3n y regionalizaci\u00f3n.<\/p>\n\n\n\n<p>El Programa tiene un valor total de $820.000. Que consta de una matr\u00edcula $100.000 y 10 cuotas de $72.000 mensuales y consecutivas.<\/p>\n\n\n\n<p>El dise\u00f1o prev\u00e9 que el postulante aplicar\u00e1 los conceptos y herramientas requeridos por cada etapa de su proyecto final a medida que avanza cada m\u00f3dulo. En el \u00faltimo m\u00f3dulo, se recuperar\u00e1n e integrar\u00e1n todas esas etapas, a nivel de factibilidad, de este proyecto.<\/p>\n\n\n\n<p>El cuerpo docente que produce la propuesta y llevar\u00e1 adelante cada m\u00f3dulo pertenecen a la actividad internacional con vasta trayectoria en la misma, esto permite que el programa no solo est\u00e9 enfocado en el \u201csaber\u201d de esta disciplina, sino tambi\u00e9n en el \u201csaber hacer\u201d.<\/p>\n\n\n\n<h4 class=\"wp-block-heading\">Objetivos Generales<\/h4>\n\n\n\n<ul class=\"wp-block-list\">\n<li>Brindar los conocimientos necesarios para el desarrollo de la internacionalizaci\u00f3n del mercado y sus actividades espec\u00edficas.<\/li>\n\n\n\n<li>Promover el desarrollo y el fortalecimiento de los saberes acerca de las actividades habituales ante los organismos oficiales que operan en las relaciones internacionales y el comercio exterior.<\/li>\n\n\n\n<li>Propiciar la consolidaci\u00f3n de los conocimientos pertinentes a las transacciones financieras internacionales para la elaboraci\u00f3n y presentaci\u00f3n de la documentaci\u00f3n correcta ante las entidades bancarias locales, nacionales e internacionales seg\u00fan corresponda.<\/li>\n\n\n\n<li>Brindar los conocimientos de marketing que permitan proponer pol\u00edticas de identificaci\u00f3n, an\u00e1lisis y desarrollo de nuevos mercados internacionales.<\/li>\n\n\n\n<li>Aportar los conocimientos sobre log\u00edstica internacional con el prop\u00f3sito de lograr la correspondiente eficiencia de reducci\u00f3n de costos para aprovechar las ventajas que le permitan llegar a destino cumpliendo de la mejor forma posible los t\u00e9rminos del contrato internacional pertinente.<\/li>\n\n\n\n<li>Promover el desarrollo de capacidades para negociar con idoneidad y profesionalismo aplicando las estrategias de negociaci\u00f3n win-win donde ambas partes ganen y la relaci\u00f3n sea perdurable en el tiempo.<\/li>\n\n\n\n<li>Promover la adquisici\u00f3n de los conocimientos b\u00e1sicos para desarrollar tareas relativas a un Asistente Internacional en las empresas y organismos nacionales e internacionales.<\/li>\n\n\n\n<li>Proporcionar los conocimientos sustantivos para poder desempe\u00f1arse de manera id\u00f3nea como Dependiente del Despachante de Aduana.<\/li>\n\n\n\n<li>Proporcionar los conocimientos necesarios para estar en condiciones de rendir el examen de ATA Agente de Transporte Aduanero.<\/li>\n<\/ul>\n\n\n\n<div class=\"wp-block-uagb-container uagb-block-83ec7d7d alignfull uagb-is-root-container\"><div class=\"uagb-container-inner-blocks-wrap\">\n<div class=\"wp-block-columns is-layout-flex wp-container-core-columns-is-layout-4ea1b460 wp-block-columns-is-layout-flex\" style=\"padding-top:0;padding-right:0;padding-bottom:0;padding-left:0\">\n<div class=\"wp-block-column is-layout-flow wp-block-column-is-layout-flow\" style=\"flex-basis:12%\">\n<p class=\"has-text-align-left\">Segu\u00ednos en<\/p>\n<\/div>\n\n\n\n<div class=\"wp-block-column is-layout-flow wp-block-column-is-layout-flow\">\n<ul class=\"wp-block-social-links is-horizontal is-content-justification-left is-layout-flex wp-container-core-social-links-is-layout-1a09bdc8 wp-block-social-links-is-layout-flex\"><li class=\"wp-social-link wp-social-link-instagram  wp-block-social-link\"><a href=\"https:\/\/www.instagram.com\/diplomaturadaloi?igsh=MTZyZnQ1M2s3em51Nw==\" class=\"wp-block-social-link-anchor\"><svg width=\"24\" height=\"24\" viewBox=\"0 0 24 24\" version=\"1.1\" xmlns=\"http:\/\/www.w3.org\/2000\/svg\" aria-hidden=\"true\" focusable=\"false\"><path d=\"M12,4.622c2.403,0,2.688,0.009,3.637,0.052c0.877,0.04,1.354,0.187,1.671,0.31c0.42,0.163,0.72,0.358,1.035,0.673 c0.315,0.315,0.51,0.615,0.673,1.035c0.123,0.317,0.27,0.794,0.31,1.671c0.043,0.949,0.052,1.234,0.052,3.637 s-0.009,2.688-0.052,3.637c-0.04,0.877-0.187,1.354-0.31,1.671c-0.163,0.42-0.358,0.72-0.673,1.035 c-0.315,0.315-0.615,0.51-1.035,0.673c-0.317,0.123-0.794,0.27-1.671,0.31c-0.949,0.043-1.233,0.052-3.637,0.052 s-2.688-0.009-3.637-0.052c-0.877-0.04-1.354-0.187-1.671-0.31c-0.42-0.163-0.72-0.358-1.035-0.673 c-0.315-0.315-0.51-0.615-0.673-1.035c-0.123-0.317-0.27-0.794-0.31-1.671C4.631,14.688,4.622,14.403,4.622,12 s0.009-2.688,0.052-3.637c0.04-0.877,0.187-1.354,0.31-1.671c0.163-0.42,0.358-0.72,0.673-1.035 c0.315-0.315,0.615-0.51,1.035-0.673c0.317-0.123,0.794-0.27,1.671-0.31C9.312,4.631,9.597,4.622,12,4.622 M12,3 C9.556,3,9.249,3.01,8.289,3.054C7.331,3.098,6.677,3.25,6.105,3.472C5.513,3.702,5.011,4.01,4.511,4.511 c-0.5,0.5-0.808,1.002-1.038,1.594C3.25,6.677,3.098,7.331,3.054,8.289C3.01,9.249,3,9.556,3,12c0,2.444,0.01,2.751,0.054,3.711 c0.044,0.958,0.196,1.612,0.418,2.185c0.23,0.592,0.538,1.094,1.038,1.594c0.5,0.5,1.002,0.808,1.594,1.038 c0.572,0.222,1.227,0.375,2.185,0.418C9.249,20.99,9.556,21,12,21s2.751-0.01,3.711-0.054c0.958-0.044,1.612-0.196,2.185-0.418 c0.592-0.23,1.094-0.538,1.594-1.038c0.5-0.5,0.808-1.002,1.038-1.594c0.222-0.572,0.375-1.227,0.418-2.185 C20.99,14.751,21,14.444,21,12s-0.01-2.751-0.054-3.711c-0.044-0.958-0.196-1.612-0.418-2.185c-0.23-0.592-0.538-1.094-1.038-1.594 c-0.5-0.5-1.002-0.808-1.594-1.038c-0.572-0.222-1.227-0.375-2.185-0.418C14.751,3.01,14.444,3,12,3L12,3z M12,7.378 c-2.552,0-4.622,2.069-4.622,4.622S9.448,16.622,12,16.622s4.622-2.069,4.622-4.622S14.552,7.378,12,7.378z M12,15 c-1.657,0-3-1.343-3-3s1.343-3,3-3s3,1.343,3,3S13.657,15,12,15z M16.804,6.116c-0.596,0-1.08,0.484-1.08,1.08 s0.484,1.08,1.08,1.08c0.596,0,1.08-0.484,1.08-1.08S17.401,6.116,16.804,6.116z\"><\/path><\/svg><span class=\"wp-block-social-link-label screen-reader-text\">Instagram<\/span><\/a><\/li><\/ul>\n<\/div>\n<\/div>\n<\/div><\/div>\n<\/div>\n\n\n\n<div class=\"wp-block-uagb-tabs-child uagb-tabs__body-container uagb-inner-tab-1\" aria-labelledby=\"uagb-tabs__tab1\">\n<p>El egresado de la Diplomatura Universitaria en Despacho Aduanero, Log\u00edstica y Operatoria Internacional (DALOI) adquirir\u00e1 una s\u00f3lida formaci\u00f3n en los aspectos operativos y pr\u00e1cticos del comercio exterior as\u00ed como de la normativa que lo regula en todos sus aspectos: legales, aduaneros, financieros, t\u00e9cnicos, comerciales, convenios y convenciones.<br>En ese sentido, desarrollar\u00e1 capacidades para:<\/p>\n\n\n\n<ul class=\"wp-block-list\">\n<li>Ejecutar de manera eficaz tareas administrativas de comercio exterior en empresas, instituciones p\u00fablicas y privadas que lo requieran.<\/li>\n\n\n\n<li>Desempe\u00f1ar tareas compatibles con un perfil de dependiente de un despachante de aduana.<\/li>\n\n\n\n<li>Asistir en la planificaci\u00f3n, gesti\u00f3n y ejecuci\u00f3n de tareas propias del Comercio Exterior en empresas, bancos, compa\u00f1\u00edas de seguros, de log\u00edstica internacional, y otras, como consultor.<\/li>\n\n\n\n<li>Colaborar en la planificaci\u00f3n y ejecuci\u00f3n de tareas de investigaci\u00f3n de mercados internacionales, realizar costeos de exportaci\u00f3n y\/o de importaci\u00f3n, cotizaciones internacionales y determinar el intervalo de negociaci\u00f3n de precios.<\/li>\n\n\n\n<li>Elaborar la correspondiente secuencia de Impo\/ expo .<\/li>\n\n\n\n<li>Ejecutar b\u00fasqueda y seguimiento de la adquisici\u00f3n de productos de plataformas web.<\/li>\n\n\n\n<li>Planificar, organizar y gestionar el seguimiento de embarques de importaciones y exportaciones as\u00ed como gestionar su ingreso \/ egreso del pa\u00eds con destino al exterior.<\/li>\n\n\n\n<li>Adquirir los conocimientos requeridos para rendir el examen de Agente de Transporte Aduanero (ATA).<\/li>\n<\/ul>\n<\/div>\n\n\n\n<div class=\"wp-block-uagb-tabs-child uagb-tabs__body-container uagb-inner-tab-2\" aria-labelledby=\"uagb-tabs__tab2\">\n<p>Ser\u00e1 admitido a la DALOI <strong>quien posea t\u00edtulo secundario expedido por instituciones argentinas o extranjeras, p\u00fablicas o privadas, legalmente reconocidas.<\/strong> En caso de instituciones extranjeras, el t\u00edtulo deber\u00e1 contar con la certificaci\u00f3n de la instituci\u00f3n educativa y del organismo acreditador del pa\u00eds de origen.<br>Aquellos aspirantes que no hayan completado este nivel de formaci\u00f3n deber\u00e1n incluirse en el Programa para Mayores de 25 a\u00f1os sin t\u00edtulo secundario de la Universidad Nacional del Centro.<br>El Comit\u00e9 Acad\u00e9mico se reserva el derecho a realizar entrevistas personales con los postulantes a los fines de profundizar en los antecedentes del mismo.<br>Cualquier caso no contemplado en este punto ser\u00e1 evaluado y resuelto por el Comit\u00e9 Acad\u00e9mico.<\/p>\n\n\n\n<h4 class=\"wp-block-heading\">Requisitos de Inscripci\u00f3n<\/h4>\n\n\n\n<ul class=\"wp-block-list\">\n<li>Fotocopia autenticada del t\u00edtulo secundario, o constancia de t\u00edtulo en tr\u00e1mite. La copia&nbsp;original del t\u00edtulo secundario debe estar&nbsp;<em>legalizada<\/em>, y la fotocopia&nbsp;<em>autenticada<\/em>, indicando que se trata de una copia fiel al original. Este \u00faltimo tr\u00e1mite se puede llevar a cabo en Registro P\u00fablico de Necochea (Calle 57 N\u00ba 3027 entre 66 y 68) de forma gratuita.<\/li>\n\n\n\n<li>Una (1) fotos carnet<\/li>\n\n\n\n<li>Fotocopia de DNI actualizado.<\/li>\n\n\n\n<li>Un sobre bolsa marr\u00f3n&nbsp;<strong>tama\u00f1o oficio<\/strong>.<\/li>\n\n\n\n<li>Fotocopia del certificado de nacimiento.<\/li>\n\n\n\n<li>Y una (1) copias del formulario de inscripci\u00f3n impresas en hoja A4 a completar a trav\u00e9s del sistema de inscripci\u00f3n online&nbsp;<a href=\"https:\/\/guarani.unicen.edu.ar\/preinscripcion\/quequen\/\">[CLICK AQU\u00cd PARA ACCEDER AL FORMULARIO DE INSCRIPCI\u00d3N]<\/a>.&nbsp;Para completar el formulario de inscripci\u00f3n mediante el sistema de inscripci\u00f3n online, primero es necesario&nbsp;<em>Registrarse como usuario<\/em>:<\/li>\n\n\n\n<li>Imprimir y completar una <a href=\"https:\/\/www.quequen.unicen.edu.ar\/wp-content\/uploads\/2023\/12\/Notificacion-de-conformidad.docx\" data-type=\"link\" data-id=\"https:\/\/www.quequen.unicen.edu.ar\/wp-content\/uploads\/2023\/12\/Notificacion-de-conformidad.docx\">Notificaci\u00f3n de Conformidad<\/a> respecto de que dicha actividad no se encamina a la obtenci\u00f3n de un t\u00edtulo de carrera con reconocimiento oficial y validez nacional por parte del Ministerio de Educaci\u00f3n de la Naci\u00f3n.<\/li>\n\n\n\n<li>Una vez recibida y chequeada la documentaci\u00f3n, se les enviar\u00e1 un tal\u00f3n de pago para abonar el importe de la matr\u00edcula y se coordinar\u00e1 para presentar la documentaci\u00f3n de manera f\u00edsica<\/li>\n<\/ul>\n\n\n\n<p><strong>Cualquier consulta al mail daloi@quequen.unicen.edu.ar<\/strong><\/p>\n\n\n\n<ul class=\"wp-block-list\">\n<li><\/li>\n<\/ul>\n<\/div>\n\n\n\n<div class=\"wp-block-uagb-tabs-child uagb-tabs__body-container uagb-inner-tab-3\" aria-labelledby=\"uagb-tabs__tab3\">\n<h3 class=\"wp-block-heading\">Modalidad Virtual 100%<\/h3>\n\n\n\n<p>Cada m\u00f3dulo se desarrollar\u00e1 a lo largo de 2 (dos) encuentros virtuales de 12 horas cada uno a distribuirse entre los d\u00edas viernes y s\u00e1bado.<br>El Ciclo de Seminarios (M\u00f3dulo 9) est\u00e1 conformado por hasta 3 (tres) seminarios optativos, de los cuales el estudiante deber\u00e1 cursar de manera obligatoria s\u00f3lo 1 (uno) de 5 hs. Otra actividad que forma parte de este bloque lo constituye el Panel con Empresarios que ser\u00e1 de asistencia obligatoria. De esta manera, la carga horaria obligatoria total de este m\u00f3dulo ser\u00e1 de 10 hs.<\/p>\n\n\n\n<p>Los m\u00f3dulos no presentan relaci\u00f3n de correlatividad entre s\u00ed, excepto con el M\u00f3dulo 10-Taller de elaboraci\u00f3n del Trabajo Final Integrador, el cual tiene como requisito para acceder a su cursada, tener todos los m\u00f3dulos aprobados.<\/p>\n\n\n\n<p>El trayecto formativo se abrir\u00e1 a ciclo cerrado. La apertura de un nuevo ciclo ser\u00e1 evaluada y decidida por el Comit\u00e9 Acad\u00e9mico.<\/p>\n\n\n\n<h3 class=\"wp-block-heading\">Plan de Estudios y Contenidos M\u00ednimos<\/h3>\n\n\n\n<div class=\"wp-block-file\"><a id=\"wp-block-file--media-7a296d63-61cf-41f3-b2d7-a54af4752078\" href=\"https:\/\/www.quequen.unicen.edu.ar\/wp-content\/uploads\/2023\/12\/DALOI.pdf\"><strong>DALOI<\/strong><\/a><a href=\"https:\/\/www.quequen.unicen.edu.ar\/wp-content\/uploads\/2023\/12\/DALOI.pdf\" class=\"wp-block-file__button wp-element-button\" download aria-describedby=\"wp-block-file--media-7a296d63-61cf-41f3-b2d7-a54af4752078\">Descarga<\/a><\/div>\n<\/div>\n\n\n\n<div class=\"wp-block-uagb-tabs-child uagb-tabs__body-container uagb-inner-tab-4\" aria-labelledby=\"uagb-tabs__tab4\">\n<p>El egresado de la Diplomatura Universitaria en Despacho Aduanero, Log\u00edstica y Operatoria Internacional (DALOI) adquirir\u00e1 una s\u00f3lida formaci\u00f3n en los aspectos operativos y pr\u00e1cticos del comercio exterior as\u00ed como de la normativa que lo regula en todos sus aspectos: legales, aduaneros, financieros, t\u00e9cnicos, comerciales, convenios y convenciones.<br>En ese sentido, desarrollar\u00e1 capacidades para:<\/p>\n\n\n\n<ul class=\"wp-block-list\">\n<li>Ejecutar de manera eficaz tareas administrativas de comercio exterior en empresas, instituciones p\u00fablicas y privadas que lo requieran.<\/li>\n\n\n\n<li>Desempe\u00f1ar tareas compatibles con un perfil de dependiente de un despachante de aduana.<\/li>\n\n\n\n<li>Asistir en la planificaci\u00f3n, gesti\u00f3n y ejecuci\u00f3n de tareas propias del Comercio Exterior en empresas, bancos, compa\u00f1\u00edas de seguros, de log\u00edstica internacional, y otras, como consultor.<\/li>\n\n\n\n<li>Colaborar en la planificaci\u00f3n y ejecuci\u00f3n de tareas de investigaci\u00f3n de mercados internacionales, realizar costeos de exportaci\u00f3n y\/o de importaci\u00f3n, cotizaciones internacionales y determinar el intervalo de negociaci\u00f3n de precios.<\/li>\n\n\n\n<li>Elaborar la correspondiente secuencia de Impo\/ expo .<\/li>\n\n\n\n<li>Ejecutar b\u00fasqueda y seguimiento de la adquisici\u00f3n de productos de plataformas web.<\/li>\n\n\n\n<li>Planificar, organizar y gestionar el seguimiento de embarques de importaciones y exportaciones as\u00ed como gestionar su ingreso \/ egreso del pa\u00eds con destino al exterior.<\/li>\n\n\n\n<li>Adquirir los conocimientos requeridos para rendir el examen de Agente de Transporte Aduanero (ATA).<\/li>\n<\/ul>\n<\/div>\n<\/div><\/div>\n\n\n\n<p><\/p>\n\n\n\n<p><\/p>\n","protected":false},"excerpt":{"rendered":"<p>Acceso a Registro de Interesados Complet\u00e1 el formulario y seguimos en contacto!!!<\/p>\n","protected":false},"author":1,"featured_media":0,"parent":0,"menu_order":0,"comment_status":"closed","ping_status":"closed","template":"","meta":{"_uag_custom_page_level_css":"","site-sidebar-layout":"default","site-content-layout":"default","ast-global-header-display":"","ast-banner-title-visibility":"","ast-main-header-display":"","ast-hfb-above-header-display":"","ast-hfb-below-header-display":"","ast-hfb-mobile-header-display":"","site-post-title":"","ast-breadcrumbs-content":"","ast-featured-img":"","footer-sml-layout":"","theme-transparent-header-meta":"","adv-header-id-meta":"","stick-header-meta":"","header-above-stick-meta":"","header-main-stick-meta":"","header-below-stick-meta":"","footnotes":""},"class_list":["post-3168","page","type-page","status-publish","hentry"],"uagb_featured_image_src":{"full":false,"thumbnail":false,"medium":false,"medium_large":false,"large":false,"news_plugin_small":false,"1536x1536":false,"2048x2048":false},"uagb_author_info":{"display_name":"admin","author_link":"https:\/\/www.quequen.unicen.edu.ar\/?author=1"},"uagb_comment_info":0,"uagb_excerpt":"Acceso a Registro de Interesados Complet\u00e1 el formulario y seguimos en contacto!!!","_links":{"self":[{"href":"https:\/\/www.quequen.unicen.edu.ar\/index.php?rest_route=\/wp\/v2\/pages\/3168","targetHints":{"allow":["GET"]}}],"collection":[{"href":"https:\/\/www.quequen.unicen.edu.ar\/index.php?rest_route=\/wp\/v2\/pages"}],"about":[{"href":"https:\/\/www.quequen.unicen.edu.ar\/index.php?rest_route=\/wp\/v2\/types\/page"}],"author":[{"embeddable":true,"href":"https:\/\/www.quequen.unicen.edu.ar\/index.php?rest_route=\/wp\/v2\/users\/1"}],"replies":[{"embeddable":true,"href":"https:\/\/www.quequen.unicen.edu.ar\/index.php?rest_route=%2Fwp%2Fv2%2Fcomments&post=3168"}],"version-history":[{"count":37,"href":"https:\/\/www.quequen.unicen.edu.ar\/index.php?rest_route=\/wp\/v2\/pages\/3168\/revisions"}],"predecessor-version":[{"id":4951,"href":"https:\/\/www.quequen.unicen.edu.ar\/index.php?rest_route=\/wp\/v2\/pages\/3168\/revisions\/4951"}],"wp:attachment":[{"href":"https:\/\/www.quequen.unicen.edu.ar\/index.php?rest_route=%2Fwp%2Fv2%2Fmedia&parent=3168"}],"curies":[{"name":"wp","href":"https:\/\/api.w.org\/{rel}","templated":true}]}}