{"id":3253,"date":"2023-12-21T14:49:36","date_gmt":"2023-12-21T14:49:36","guid":{"rendered":"https:\/\/webquequen.nuevo.unicen.edu.ar\/?page_id=3253"},"modified":"2026-02-24T14:41:34","modified_gmt":"2026-02-24T14:41:34","slug":"ingles","status":"publish","type":"page","link":"https:\/\/www.quequen.unicen.edu.ar\/?page_id=3253","title":{"rendered":"Ingl\u00e9s"},"content":{"rendered":"\n<div class=\"wp-block-uagb-tabs uagb-block-091f026a uagb-tabs__wrap uagb-tabs__hstyle1-desktop uagb-tabs__vstyle6-tablet uagb-tabs__stack1-mobile\" data-tab-active=\"0\"><ul class=\"uagb-tabs__panel uagb-tabs__align-left\" role=\"tablist\"><li class=\"uagb-tab uagb-tabs__active\" role=\"none\"><a href=\"#uagb-tabs__tab0\" class=\"uagb-tabs-list uagb-tabs__icon-position-left\" data-tab=\"0\" role=\"tab\"><div>Descripci\u00f3n<\/div><\/a><\/li><li class=\"uagb-tab \" role=\"none\"><a href=\"#uagb-tabs__tab1\" class=\"uagb-tabs-list uagb-tabs__icon-position-left\" data-tab=\"1\" role=\"tab\"><div>Niveles<\/div><\/a><\/li><li class=\"uagb-tab \" role=\"none\"><a href=\"#uagb-tabs__tab2\" class=\"uagb-tabs-list uagb-tabs__icon-position-left\" data-tab=\"2\" role=\"tab\"><div>Aranceles<\/div><\/a><\/li><li class=\"uagb-tab \" role=\"none\"><a href=\"#uagb-tabs__tab3\" class=\"uagb-tabs-list uagb-tabs__icon-position-left\" data-tab=\"3\" role=\"tab\"><div>Requisitos<\/div><\/a><\/li><li class=\"uagb-tab \" role=\"none\"><a href=\"#uagb-tabs__tab4\" class=\"uagb-tabs-list uagb-tabs__icon-position-left\" data-tab=\"4\" role=\"tab\"><div>Fechas de ex\u00e1menes<\/div><\/a><\/li><li class=\"uagb-tab \" role=\"none\"><a href=\"#uagb-tabs__tab5\" class=\"uagb-tabs-list uagb-tabs__icon-position-left\" data-tab=\"5\" role=\"tab\"><div>Horarios<\/div><\/a><\/li><\/ul><div class=\"uagb-tabs__body-wrap\">\n<div class=\"wp-block-uagb-tabs-child uagb-tabs__body-container uagb-inner-tab-0\" aria-labelledby=\"uagb-tabs__tab0\">\n<p>El Departamento de Lenguas, que funciona bajo la dependencia de Rectorado a trav\u00e9s de la Secretar\u00eda Acad\u00e9mica, constituye una alternativa para contribuir a solucionar una de las inquietudes m\u00e1s generalizadas en la actualidad como es la de dominar con precisi\u00f3n competencias ling\u00fc\u00edsticas de comunicaci\u00f3n en lengua extranjera.<\/p>\n\n\n\n<p>Consciente de las necesidades del momento y de que los servicios que brinda la Universidad no pueden agotarse en solamente la atenci\u00f3n de sus compromisos curriculares, se ha propuesto desarrollar acciones tendientes a propiciar y hacer extensivo este tipo de conocimiento con miras al incremento de su calidad y desde un encuadre y espacio diferentes.<\/p>\n\n\n\n<p>Actualmente, ofrece este tipo de servicio acad\u00e9mico para:<\/p>\n\n\n\n<h4 class=\"wp-block-heading\">Caracter\u00edsticas de los Cursos<\/h4>\n\n\n\n<p>En el a\u00f1o 2010 el Departamento de Lenguas puso en funcionamiento una renovaci\u00f3n de su oferta educativa cuya principal orientaci\u00f3n es la Internacionalizaci\u00f3n de la ense\u00f1anza de las lenguas. Por tal raz\u00f3n los contenidos de todos los cursos se ajustan al Marco Com\u00fan Europeo de Referencia para las Lenguas.<\/p>\n\n\n\n<p>Cada idioma se dicta en niveles de duraci\u00f3n anual, con una carga horaria de 100 horas, divididas en dos encuentros semanales de una hora y media. (clase+trabajo en plataforma Moodle)<br>Los cursos est\u00e1n destinados a estudiantes universitarios, docentes, Nodocentes y p\u00fablico en general.<\/p>\n<\/div>\n\n\n\n<div class=\"wp-block-uagb-tabs-child uagb-tabs__body-container uagb-inner-tab-1\" aria-labelledby=\"uagb-tabs__tab1\">\n<p><a href=\"https:\/\/www.quequen.unicen.edu.ar\/wp-content\/uploads\/2026\/02\/Curso-de-ingles-on-line-Unicen.-Nivel-Principiante-2026.pdf\" data-type=\"link\" data-id=\"https:\/\/quequen.unicen.edu.ar\/wp-content\/uploads\/2023\/12\/Curso-de-ingles-on-line-Unicen.-Nivel-Principiante-2023.pdf\">Principiante<\/a><\/p>\n\n\n\n<p><a href=\"https:\/\/www.quequen.unicen.edu.ar\/wp-content\/uploads\/2026\/02\/Programa-de-Estudios.-Elementary.2026.pdf\" data-type=\"link\" data-id=\"https:\/\/quequen.unicen.edu.ar\/wp-content\/uploads\/2023\/12\/Curso-de-Ingles-on-line-Unicen.-Nivel-Elemental-2023.pdf\">Elemental<\/a><\/p>\n\n\n\n<p><a href=\"https:\/\/www.quequen.unicen.edu.ar\/wp-content\/uploads\/2026\/02\/Curso-de-Ingles-on-line-Unicen.-Nivel-Preintermedio-2026.pdf\" data-type=\"link\" data-id=\"https:\/\/quequen.unicen.edu.ar\/wp-content\/uploads\/2023\/12\/Curso-de-Ingles-on-line-Unicen.-Nivel-Preintermedio-2023.pdf\">Pre-Intermedio<\/a><\/p>\n\n\n\n<p><a href=\"https:\/\/www.quequen.unicen.edu.ar\/wp-content\/uploads\/2026\/02\/Curso-de-Ingles-on-line-Unicen.-Nivel-Intermedio-I-2026.pdf\" data-type=\"link\" data-id=\"https:\/\/quequen.unicen.edu.ar\/wp-content\/uploads\/2023\/12\/Curso-de-Ingles-on-line-Unicen.-Nivel-Intermedio-I-2023.pdf\">Intermedio 1<\/a><\/p>\n\n\n\n<p><a href=\"https:\/\/www.quequen.unicen.edu.ar\/wp-content\/uploads\/2026\/02\/Curso-de-Ingles-on-line-Unicen.-Nivel-Intermedio-II-2026.pdf\" data-type=\"link\" data-id=\"https:\/\/quequen.unicen.edu.ar\/wp-content\/uploads\/2023\/12\/Curso-de-Ingles-on-line-Unicen.-Nivel-Intermedio-II-2023.pdf\">Intermedio 2<\/a><\/p>\n\n\n\n<p><a href=\"https:\/\/www.quequen.unicen.edu.ar\/wp-content\/uploads\/2026\/02\/Curso-de-Ingles-on-line-Unicen.-Nivel-Int.-Superior-I-2026.pdf\" data-type=\"link\" data-id=\"https:\/\/quequen.unicen.edu.ar\/wp-content\/uploads\/2023\/12\/Curso-de-Ingles-on-line-Unicen.-Nivel-Int.-Superior-I-2023.pdf\">Intermedio Superior 1<\/a><\/p>\n\n\n\n<p><a href=\"https:\/\/www.quequen.unicen.edu.ar\/wp-content\/uploads\/2026\/02\/Curso-de-Ingles-on-line-Unicen.-Nivel-Int.-Superior-II-2026.pdf\" data-type=\"link\" data-id=\"https:\/\/quequen.unicen.edu.ar\/wp-content\/uploads\/2023\/12\/Curso-de-Ingles-on-line-Unicen.-Nivel-Int.-Superior-II-2023.pdf\">Intermedio Superior 2<\/a><\/p>\n<\/div>\n\n\n\n<div class=\"wp-block-uagb-tabs-child uagb-tabs__body-container uagb-inner-tab-2\" aria-labelledby=\"uagb-tabs__tab2\">\n<h4 class=\"wp-block-heading\">Aranceles 2026<\/h4>\n\n\n\n<p>Los alumnos una vez inscriptos, deber\u00e1n abonar matr\u00edcula y cuota del mes para poder comenzar a cursar.<br>Aquellos alumnos que no tuvieran sus cuotas al d\u00eda, no podr\u00e1n presentarse a rendir examen final del nivel que estuvieren cursando. Tampoco recibir\u00e1n la certificaci\u00f3n que acredite que han aprobado la cursada del mismo.<\/p>\n\n\n\n<h6 class=\"wp-block-heading\">FACTURACI\u00d3N ELECTR\u00d3NICA<\/h6>\n\n\n\n<p>Por disposici\u00f3n de la Secretar\u00eda de Administraci\u00f3n de la UNICEN se facturan las cuotas de manera electr\u00f3nica. Los estudiantes recibir\u00e1n mensualmente en sus correos electr\u00f3nicos la factura correspondiente que deber\u00e1 ser abonada por Red Banelco, Red Link o en cualquier sucursal de Pago F\u00e1cil. Aquellos alumnos que dejan de cursar deben dar aviso para no seguir recibiendo las facturas mensuales y generando deuda.&nbsp;<\/p>\n\n\n\n<ul class=\"wp-block-list\">\n<li>Matr\u00edcula: $ 30.000 (anual)<\/li>\n\n\n\n<li>Test de Nivel: &nbsp;$ 30.000<\/li>\n<\/ul>\n\n\n\n<p><strong>Cuota Mensual:<\/strong><\/p>\n\n\n\n<ul class=\"wp-block-list\">\n<li>Comunidad en general: $ 30.000.-<\/li>\n\n\n\n<li>Estudiantes UNICEN: $ 12.000.-<\/li>\n\n\n\n<li>Docente UNICEN: $ 24.000.-<\/li>\n\n\n\n<li>Nodocente UNICEN: $ 24.000.-<\/li>\n<\/ul>\n<\/div>\n\n\n\n<div class=\"wp-block-uagb-tabs-child uagb-tabs__body-container uagb-inner-tab-3\" aria-labelledby=\"uagb-tabs__tab3\">\n<h4 class=\"wp-block-heading\">Cursada 2026<\/h4>\n\n\n\n<p>Las clases ser\u00e1n virtuales (se debe contar con c\u00e1mara y micr\u00f3fono en el dispositivo sin excepci\u00f3n), con una frecuencia de dos veces por semana, de una hora de duraci\u00f3n, m\u00e1s trabajo en plataforma Moodle (obligatorio).<\/p>\n\n\n\n<p>Aquellos nuevos interesados que quieran ingresar deber\u00e1n rendir un test de nivel.<\/p>\n\n\n\n<p>PARA INSCRIBIRSE A LOS CURSOS DEBE COMPLETAR FICHA DE INSCRIPCI\u00d3N (<a href=\"https:\/\/www.quequen.unicen.edu.ar\/wp-content\/uploads\/2025\/12\/FICHA-INSCRIPCION-INGLES-2026.pdf\" data-type=\"link\" data-id=\"https:\/\/quequen.unicen.edu.ar\/wp-content\/uploads\/2024\/04\/FICHA-INSCRIPCION-INGLES-2024.pdf\">ficha<\/a>) Y ENVIAR FOTOCOPIA DE DNI&nbsp; A : alumnos@quequen.unicen.edu.ar<\/p>\n\n\n\n<p>AL MOMENTO DEL EXAMEN DEBER\u00c1 TENER ABONADO EL PAGO DEL TEST (FACTURA ENVIADA A SU E-MAIL)<\/p>\n\n\n\n<h4 class=\"wp-block-heading\">Requisitos de Inscripci\u00f3n<\/h4>\n\n\n\n<ul class=\"wp-block-list\">\n<li>Ser mayor de 16 a\u00f1os<\/li>\n\n\n\n<li>Fotocopia de DNI<\/li>\n<\/ul>\n\n\n\n<h4 class=\"wp-block-heading\">Informes<\/h4>\n\n\n\n<ul class=\"wp-block-list\">\n<li>E-mail: alumnos@quequen.unicen.edu.ar<\/li>\n<\/ul>\n<\/div>\n\n\n\n<div class=\"wp-block-uagb-tabs-child uagb-tabs__body-container uagb-inner-tab-4\" aria-labelledby=\"uagb-tabs__tab4\">\n<p>Fechas de test de nivel (virtual):<\/p>\n\n\n\n<ul class=\"wp-block-list\">\n<li>Mi\u00e9rcoles 18\/2&nbsp; &#8211; 14:00 hs<\/li>\n<\/ul>\n\n\n\n<ul class=\"wp-block-list\">\n<li>Jueves 19\/2 &#8211; 10:00 hs<\/li>\n<\/ul>\n\n\n\n<ul class=\"wp-block-list\">\n<li>Lunes 23\/2 &#8211; 14:00 hs<\/li>\n<\/ul>\n\n\n\n<ul class=\"wp-block-list\">\n<li>Martes 24\/2 &#8211; 10:00 hs<\/li>\n<\/ul>\n\n\n\n<ul class=\"wp-block-list\">\n<li>Lunes 2\/3 14:00 hs<\/li>\n<\/ul>\n\n\n\n<ul class=\"wp-block-list\">\n<li>Martes 3\/3 10:00 hs<\/li>\n<\/ul>\n\n\n\n<ul class=\"wp-block-list\">\n<li>Jueves 12\/3 10:00 hs<\/li>\n<\/ul>\n\n\n\n<ul class=\"wp-block-list\">\n<li>Viernes 13\/3 14:00 hs<\/li>\n<\/ul>\n\n\n\n<p>Finales marzo<\/p>\n\n\n\n<ul class=\"wp-block-list\">\n<li>Mi\u00e9rcoles 4\/3 &#8211; 17:00 hs (escrito)<\/li>\n<\/ul>\n\n\n\n<ul class=\"wp-block-list\">\n<li>Viernes 6\/3&nbsp; &#8211; 17:00 hs (oral)<\/li>\n<\/ul>\n<\/div>\n\n\n\n<div class=\"wp-block-uagb-tabs-child uagb-tabs__body-container uagb-inner-tab-5\" aria-labelledby=\"uagb-tabs__tab5\">\n<div data-wp-interactive=\"core\/file\" class=\"wp-block-file\"><object data-wp-bind--hidden=\"!state.hasPdfPreview\" hidden class=\"wp-block-file__embed\" data=\"https:\/\/www.quequen.unicen.edu.ar\/wp-content\/uploads\/2026\/02\/INGLES-CURSADAS-2026-1.pdf\" type=\"application\/pdf\" style=\"width:100%;height:600px\" aria-label=\"Incrustado de INGLES CURSADAS 2026.\"><\/object><a id=\"wp-block-file--media-52ffe4b5-cbb1-4672-8919-4f4156558549\" href=\"https:\/\/www.quequen.unicen.edu.ar\/wp-content\/uploads\/2026\/02\/INGLES-CURSADAS-2026-1.pdf\">INGLES CURSADAS 2026<\/a><a href=\"https:\/\/www.quequen.unicen.edu.ar\/wp-content\/uploads\/2026\/02\/INGLES-CURSADAS-2026-1.pdf\" class=\"wp-block-file__button wp-element-button\" download aria-describedby=\"wp-block-file--media-52ffe4b5-cbb1-4672-8919-4f4156558549\">Descarga<\/a><\/div>\n<\/div>\n<\/div><\/div>\n\n\n\n<p><\/p>\n","protected":false},"excerpt":{"rendered":"","protected":false},"author":1,"featured_media":0,"parent":0,"menu_order":0,"comment_status":"closed","ping_status":"closed","template":"","meta":{"_uag_custom_page_level_css":"","site-sidebar-layout":"default","site-content-layout":"default","ast-global-header-display":"","ast-banner-title-visibility":"","ast-main-header-display":"","ast-hfb-above-header-display":"","ast-hfb-below-header-display":"","ast-hfb-mobile-header-display":"","site-post-title":"","ast-breadcrumbs-content":"","ast-featured-img":"","footer-sml-layout":"","theme-transparent-header-meta":"","adv-header-id-meta":"","stick-header-meta":"","header-above-stick-meta":"","header-main-stick-meta":"","header-below-stick-meta":"","footnotes":""},"class_list":["post-3253","page","type-page","status-publish","hentry"],"uagb_featured_image_src":{"full":false,"thumbnail":false,"medium":false,"medium_large":false,"large":false,"news_plugin_small":false,"1536x1536":false,"2048x2048":false},"uagb_author_info":{"display_name":"admin","author_link":"https:\/\/www.quequen.unicen.edu.ar\/?author=1"},"uagb_comment_info":0,"uagb_excerpt":null,"_links":{"self":[{"href":"https:\/\/www.quequen.unicen.edu.ar\/index.php?rest_route=\/wp\/v2\/pages\/3253","targetHints":{"allow":["GET"]}}],"collection":[{"href":"https:\/\/www.quequen.unicen.edu.ar\/index.php?rest_route=\/wp\/v2\/pages"}],"about":[{"href":"https:\/\/www.quequen.unicen.edu.ar\/index.php?rest_route=\/wp\/v2\/types\/page"}],"author":[{"embeddable":true,"href":"https:\/\/www.quequen.unicen.edu.ar\/index.php?rest_route=\/wp\/v2\/users\/1"}],"replies":[{"embeddable":true,"href":"https:\/\/www.quequen.unicen.edu.ar\/index.php?rest_route=%2Fwp%2Fv2%2Fcomments&post=3253"}],"version-history":[{"count":51,"href":"https:\/\/www.quequen.unicen.edu.ar\/index.php?rest_route=\/wp\/v2\/pages\/3253\/revisions"}],"predecessor-version":[{"id":5020,"href":"https:\/\/www.quequen.unicen.edu.ar\/index.php?rest_route=\/wp\/v2\/pages\/3253\/revisions\/5020"}],"wp:attachment":[{"href":"https:\/\/www.quequen.unicen.edu.ar\/index.php?rest_route=%2Fwp%2Fv2%2Fmedia&parent=3253"}],"curies":[{"name":"wp","href":"https:\/\/api.w.org\/{rel}","templated":true}]}}