{"id":3421,"date":"2024-03-17T23:14:26","date_gmt":"2024-03-17T23:14:26","guid":{"rendered":"https:\/\/webquequen.nuevo.unicen.edu.ar\/?page_id=3421"},"modified":"2024-04-09T19:11:54","modified_gmt":"2024-04-09T19:11:54","slug":"consejo-de-gestion","status":"publish","type":"page","link":"https:\/\/www.quequen.unicen.edu.ar\/?page_id=3421","title":{"rendered":"Consejo de Gesti\u00f3n"},"content":{"rendered":"\n<p>La Unidad de Ense\u00f1anza Universitaria Quequ\u00e9n depende directamente de&nbsp;Consejo Superior de la&nbsp;<a href=\"http:\/\/unicen.edu.ar\/\" target=\"_blank\" rel=\"noreferrer noopener\">UNICEN<\/a>, quien reconoce como \u00f3rgano de consulta&nbsp;al Consejo de Gesti\u00f3n de la Unidad y como \u00f3rgano ejecutivo, al Secretario de&nbsp;la Unidad.<\/p>\n\n\n\n<p class=\"has-ast-global-color-0-color has-text-color has-link-color has-medium-font-size wp-elements-6f11b364f0cd6b06931cb7feab6684bb\"><strong>El Consejo de Gesti\u00f3n de la Unidad esta integrado por:<\/strong><\/p>\n\n\n\n<ul class=\"wp-block-list\">\n<li>En representaci\u00f3n del Rectorado, la secretaria acad\u00e9mica de la Universidad, Mg. Natalia Giamberardino quien se desempe\u00f1a como Secretaria Ejecutiva de la Unidad.<\/li>\n\n\n\n<li>En representaci\u00f3n de la Fac. de Ingenier\u00eda, Ing. Isabel Riccobene.<\/li>\n\n\n\n<li>En representaci\u00f3n de la\u00a0Fac. de Ciencias Humanas.<\/li>\n\n\n\n<li>En representaci\u00f3n de la&nbsp;Fac. de Ciencias Sociales, Lic. Gabriela Loustaunau<\/li>\n\n\n\n<li>En representaci\u00f3n de la Unidad de Ense\u00f1anza Universitaria Quequ\u00e9n, Mg. Marcela Mastrocola<\/li>\n\n\n\n<li>En representaci\u00f3n del claustro alumnos.<\/li>\n\n\n\n<li>En representaci\u00f3n del claustro docente.<\/li>\n<\/ul>\n\n\n\n<p class=\"has-ast-global-color-0-color has-text-color has-link-color has-medium-font-size wp-elements-f6c38e8a910e014cca77c82ab3afa952\"><strong>Son funciones del Consejo de Gesti\u00f3n de la Unidad:<\/strong><\/p>\n\n\n\n<ul class=\"wp-block-list\">\n<li>Designar el Secretario Ejecutivo de la Unidad.<\/li>\n<\/ul>\n\n\n\n<ul class=\"wp-block-list\">\n<li>Proponer al Consejo Superior de la UNCPBA reglamentaciones referidas&nbsp;al orden y disciplina de los alumnos de la Unidad.<\/li>\n<\/ul>\n\n\n\n<ul class=\"wp-block-list\">\n<li>Abordar toda cuesti\u00f3n atinente al ingreso, ense\u00f1anza, promoci\u00f3n y&nbsp;ex\u00e1menes, dentro de la normativa aprobada por el Consejo Superior y que&nbsp;responda a las caracter\u00edsticas y necesidades espec\u00edficas de la Unidad.<\/li>\n\n\n\n<li>Promover la extensi\u00f3n universitaria y la difusi\u00f3n cultural.<\/li>\n<\/ul>\n","protected":false},"excerpt":{"rendered":"<p>La Unidad de Ense\u00f1anza Universitaria Quequ\u00e9n depende directamente de&nbsp;Consejo Superior de la&nbsp;UNICEN, quien reconoce como \u00f3rgano de consulta&nbsp;al Consejo de Gesti\u00f3n de la Unidad y como \u00f3rgano ejecutivo, al Secretario de&nbsp;la Unidad. El Consejo de Gesti\u00f3n de la Unidad esta integrado por: Son funciones del Consejo de Gesti\u00f3n de la Unidad:<\/p>\n","protected":false},"author":1,"featured_media":0,"parent":0,"menu_order":0,"comment_status":"closed","ping_status":"closed","template":"","meta":{"_uag_custom_page_level_css":"","site-sidebar-layout":"default","site-content-layout":"default","ast-global-header-display":"","ast-banner-title-visibility":"","ast-main-header-display":"","ast-hfb-above-header-display":"","ast-hfb-below-header-display":"","ast-hfb-mobile-header-display":"","site-post-title":"","ast-breadcrumbs-content":"","ast-featured-img":"","footer-sml-layout":"","theme-transparent-header-meta":"","adv-header-id-meta":"","stick-header-meta":"","header-above-stick-meta":"","header-main-stick-meta":"","header-below-stick-meta":"","footnotes":""},"class_list":["post-3421","page","type-page","status-publish","hentry"],"uagb_featured_image_src":{"full":false,"thumbnail":false,"medium":false,"medium_large":false,"large":false,"news_plugin_small":false,"1536x1536":false,"2048x2048":false},"uagb_author_info":{"display_name":"admin","author_link":"https:\/\/www.quequen.unicen.edu.ar\/?author=1"},"uagb_comment_info":0,"uagb_excerpt":"La Unidad de Ense\u00f1anza Universitaria Quequ\u00e9n depende directamente de&nbsp;Consejo Superior de la&nbsp;UNICEN, quien reconoce como \u00f3rgano de consulta&nbsp;al Consejo de Gesti\u00f3n de la Unidad y como \u00f3rgano ejecutivo, al Secretario de&nbsp;la Unidad. El Consejo de Gesti\u00f3n de la Unidad esta integrado por: Son funciones del Consejo de Gesti\u00f3n de la Unidad:","_links":{"self":[{"href":"https:\/\/www.quequen.unicen.edu.ar\/index.php?rest_route=\/wp\/v2\/pages\/3421","targetHints":{"allow":["GET"]}}],"collection":[{"href":"https:\/\/www.quequen.unicen.edu.ar\/index.php?rest_route=\/wp\/v2\/pages"}],"about":[{"href":"https:\/\/www.quequen.unicen.edu.ar\/index.php?rest_route=\/wp\/v2\/types\/page"}],"author":[{"embeddable":true,"href":"https:\/\/www.quequen.unicen.edu.ar\/index.php?rest_route=\/wp\/v2\/users\/1"}],"replies":[{"embeddable":true,"href":"https:\/\/www.quequen.unicen.edu.ar\/index.php?rest_route=%2Fwp%2Fv2%2Fcomments&post=3421"}],"version-history":[{"count":2,"href":"https:\/\/www.quequen.unicen.edu.ar\/index.php?rest_route=\/wp\/v2\/pages\/3421\/revisions"}],"predecessor-version":[{"id":3556,"href":"https:\/\/www.quequen.unicen.edu.ar\/index.php?rest_route=\/wp\/v2\/pages\/3421\/revisions\/3556"}],"wp:attachment":[{"href":"https:\/\/www.quequen.unicen.edu.ar\/index.php?rest_route=%2Fwp%2Fv2%2Fmedia&parent=3421"}],"curies":[{"name":"wp","href":"https:\/\/api.w.org\/{rel}","templated":true}]}}