{"id":3509,"date":"2024-04-08T12:09:07","date_gmt":"2024-04-08T12:09:07","guid":{"rendered":"https:\/\/webquequen.nuevo.unicen.edu.ar\/?page_id=3509"},"modified":"2024-07-08T23:12:14","modified_gmt":"2024-07-08T23:12:14","slug":"semana-argentina-de-la-ciencia-y-la-tecnologia","status":"publish","type":"page","link":"https:\/\/www.quequen.unicen.edu.ar\/?page_id=3509","title":{"rendered":"SEMANA ARGENTINA DE LA CIENCIA Y LA TECNOLOG\u00cdA"},"content":{"rendered":"\n<figure class=\"wp-block-image alignright size-full is-resized\"><img loading=\"lazy\" decoding=\"async\" width=\"299\" height=\"168\" src=\"https:\/\/www.quequen.unicen.edu.ar\/wp-content\/uploads\/2024\/07\/Semana-de-la-Ciencia.png\" alt=\"\" class=\"wp-image-4002\" style=\"width:361px;height:auto\"\/><\/figure>\n\n\n\n<p>En el mes de octubre de cada a\u00f1o realizaremos en la Sede Quequ\u00e9n la Semana de la Ciencia. En cada edici\u00f3n, invitamos a los colegios de nivel secundario a participar y brindamos una serie de charlas, talleres, muestras relacionadas a las actividades que llevamos a cabo en la carrera de log\u00edstica, ingenier\u00eda, laboratorio de CONICET, etc.<\/p>\n\n\n\n<p>El cronograma de actividades lo publicaremos pr\u00f3xima a la fecha del evento y cada instituci\u00f3n podr\u00e1 acceder a un formulario de inscripci\u00f3n.<\/p>\n\n\n\n<p><a href=\"https:\/\/www.semanadelaciencia.mincyt.gob.ar\/\" data-type=\"link\" data-id=\"https:\/\/www.semanadelaciencia.mincyt.gob.ar\/\">Para m\u00e1s info &#8230;<\/a><\/p>\n\n\n\n<p class=\"has-ast-global-color-0-color has-text-color has-link-color wp-elements-fe2ab2d9942a60ccf0d5802edd8d3c27\">Adem\u00e1s, si sos alumno de nivel secundario podes hacer Ciencia, te podes inscribir en el concurso <strong>Ciencia en Acci\u00f3n<\/strong>. <a href=\"https:\/\/www.quequen.unicen.edu.ar\/?page_id=2952\" data-type=\"link\" data-id=\"https:\/\/www.quequen.unicen.edu.ar\/?page_id=2952\">Accede a m\u00e1s informaci\u00f3n.<\/a><\/p>\n","protected":false},"excerpt":{"rendered":"<p>En el mes de octubre de cada a\u00f1o realizaremos en la Sede Quequ\u00e9n la Semana de la Ciencia. En cada edici\u00f3n, invitamos a los colegios de nivel secundario a participar y brindamos una serie de charlas, talleres, muestras relacionadas a las actividades que llevamos a cabo en la carrera de log\u00edstica, ingenier\u00eda, laboratorio de CONICET, &hellip;<\/p>\n<p class=\"read-more\"> <a class=\"\" href=\"https:\/\/www.quequen.unicen.edu.ar\/?page_id=3509\"> <span class=\"screen-reader-text\">SEMANA ARGENTINA DE LA CIENCIA Y LA TECNOLOG\u00cdA<\/span> Leer m\u00e1s &raquo;<\/a><\/p>\n","protected":false},"author":1,"featured_media":0,"parent":0,"menu_order":0,"comment_status":"closed","ping_status":"closed","template":"","meta":{"_uag_custom_page_level_css":"","site-sidebar-layout":"default","site-content-layout":"default","ast-global-header-display":"","ast-banner-title-visibility":"","ast-main-header-display":"","ast-hfb-above-header-display":"","ast-hfb-below-header-display":"","ast-hfb-mobile-header-display":"","site-post-title":"","ast-breadcrumbs-content":"","ast-featured-img":"","footer-sml-layout":"","theme-transparent-header-meta":"","adv-header-id-meta":"","stick-header-meta":"","header-above-stick-meta":"","header-main-stick-meta":"","header-below-stick-meta":"","footnotes":""},"class_list":["post-3509","page","type-page","status-publish","hentry"],"uagb_featured_image_src":{"full":false,"thumbnail":false,"medium":false,"medium_large":false,"large":false,"news_plugin_small":false,"1536x1536":false,"2048x2048":false},"uagb_author_info":{"display_name":"admin","author_link":"https:\/\/www.quequen.unicen.edu.ar\/?author=1"},"uagb_comment_info":0,"uagb_excerpt":"En el mes de octubre de cada a\u00f1o realizaremos en la Sede Quequ\u00e9n la Semana de la Ciencia. En cada edici\u00f3n, invitamos a los colegios de nivel secundario a participar y brindamos una serie de charlas, talleres, muestras relacionadas a las actividades que llevamos a cabo en la carrera de log\u00edstica, ingenier\u00eda, laboratorio de CONICET,&hellip;","_links":{"self":[{"href":"https:\/\/www.quequen.unicen.edu.ar\/index.php?rest_route=\/wp\/v2\/pages\/3509","targetHints":{"allow":["GET"]}}],"collection":[{"href":"https:\/\/www.quequen.unicen.edu.ar\/index.php?rest_route=\/wp\/v2\/pages"}],"about":[{"href":"https:\/\/www.quequen.unicen.edu.ar\/index.php?rest_route=\/wp\/v2\/types\/page"}],"author":[{"embeddable":true,"href":"https:\/\/www.quequen.unicen.edu.ar\/index.php?rest_route=\/wp\/v2\/users\/1"}],"replies":[{"embeddable":true,"href":"https:\/\/www.quequen.unicen.edu.ar\/index.php?rest_route=%2Fwp%2Fv2%2Fcomments&post=3509"}],"version-history":[{"count":7,"href":"https:\/\/www.quequen.unicen.edu.ar\/index.php?rest_route=\/wp\/v2\/pages\/3509\/revisions"}],"predecessor-version":[{"id":4003,"href":"https:\/\/www.quequen.unicen.edu.ar\/index.php?rest_route=\/wp\/v2\/pages\/3509\/revisions\/4003"}],"wp:attachment":[{"href":"https:\/\/www.quequen.unicen.edu.ar\/index.php?rest_route=%2Fwp%2Fv2%2Fmedia&parent=3509"}],"curies":[{"name":"wp","href":"https:\/\/api.w.org\/{rel}","templated":true}]}}