{"id":3514,"date":"2024-04-09T13:34:55","date_gmt":"2024-04-09T13:34:55","guid":{"rendered":"https:\/\/webquequen.nuevo.unicen.edu.ar\/?page_id=3514"},"modified":"2024-07-08T23:00:37","modified_gmt":"2024-07-08T23:00:37","slug":"practicas-socioeducativas","status":"publish","type":"page","link":"https:\/\/www.quequen.unicen.edu.ar\/?page_id=3514","title":{"rendered":"Pr\u00e1cticas Socioeducativas"},"content":{"rendered":"\n<h1 class=\"wp-block-heading has-large-font-size\">Comisi\u00f3n de Evaluaci\u00f3n y Seguimiento PSE<\/h1>\n\n\n\n<p><em>En el mes de julio 2023 fue aprobado por\u00a0<a href=\"https:\/\/www.quequen.unicen.edu.ar\/wp-content\/uploads\/2024\/04\/RR125823.pdf\" data-type=\"link\" data-id=\"https:\/\/webquequen.nuevo.unicen.edu.ar\/wp-content\/uploads\/2024\/04\/RR125823.pdf\"><strong>Resoluci\u00f3n de Rectorado 1258\/23<\/strong><\/a>\u00a0el reglamento de Pr\u00e1cticas Socio Educativas (PSE) de la UEUQ que establece que los\/as estudiantes deber\u00e1n acreditar 64 horas de pr\u00e1ctica a lo largo de su carrera.<br><br>Es responsabilidad de todos y todas colaborar en el surgimiento de estos espacios de pr\u00e1ctica y el fortalecimiento de los v\u00ednculos con la comunidad.<\/em><\/p>\n\n\n\n<p><strong>Contacto: comisionpsequequen@gmail.com<\/strong><\/p>\n\n\n\n<h2 class=\"wp-block-heading has-large-font-size\">Funciones<\/h2>\n\n\n\n<p>Esta Comisi\u00f3n tiene la tarea de llevar a cabo la evaluaci\u00f3n continua del proceso de implementaci\u00f3n de las Pr\u00e1cticas Socio Educativas en la UEUQ.<\/p>\n\n\n\n<p>Ser\u00e1n funciones de esta Comisi\u00f3n:<br>a) Participar activamente en la definici\u00f3n, seguimiento y revisi\u00f3n peri\u00f3dica de cuestiones estrat\u00e9gicas del proceso de implementaci\u00f3n de las PSE.<br>b) Definir los proyectos estrat\u00e9gicos que ser\u00e1n marco de las PSE.<br>c) Dictaminar sobre las actividades curriculares desarrolladas.<br>d) Proponer, regular y validar, los mecanismos necesarios para la evaluaci\u00f3n y seguimiento de las PSE.<br>e) Dictaminar sobre distintas cuestiones planteadas por los alumnos en aspectos inherentes a las PSE, pedidos de excepci\u00f3n, modalidades de evaluaci\u00f3n, y en general toda controversia planteada en el \u00e1mbito de las PSE.<br>f) Realizar una pre-evaluaci\u00f3n de las propuestas antes de su presentaci\u00f3n.<br>g) Realizar una revisi\u00f3n peri\u00f3dica de la reglamentaci\u00f3n de las PSE.<br>h) Promover el di\u00e1logo interdisciplinario a partir del compromiso social.<br>i) Supervisar el proceso de sistematizaci\u00f3n de las PSE<br>j) Colaborar asesoramiento a los coordinadores de los equipos de trabajo.<br>k) Realizar peri\u00f3dicamente un diagn\u00f3stico de pertinencia, relevancia social y sentido formativo de las PSE.<\/p>\n\n\n\n<h2 class=\"wp-block-heading has-large-font-size\">Integrantes<\/h2>\n\n\n\n<ul class=\"wp-block-list\">\n<li>Coordinadora: Mariana Grosso<\/li>\n\n\n\n<li>Representantes claustro estudiantes\n<ul class=\"wp-block-list\">\n<li>Titular: Julieta C\u00e1ceres<\/li>\n\n\n\n<li>Suplente: Maria Jos\u00e9 Acien<\/li>\n<\/ul>\n<\/li>\n\n\n\n<li>Representantes claustro graduados\n<ul class=\"wp-block-list\">\n<li>Titular:<\/li>\n\n\n\n<li>Suplente:<\/li>\n<\/ul>\n<\/li>\n\n\n\n<li>Representantes claustro Nodocentes\n<ul class=\"wp-block-list\">\n<li>Titular: Maria Jos\u00e9 Arena<\/li>\n\n\n\n<li>Suplente: Fernando Mohamed<\/li>\n<\/ul>\n<\/li>\n\n\n\n<li>Representantes claustro docentes\n<ul class=\"wp-block-list\">\n<li>Titular: Georgina Gil<\/li>\n\n\n\n<li>Suplente: Gustavo Garijo<\/li>\n<\/ul>\n<\/li>\n\n\n\n<li>Representante gesti\u00f3n UEUQ: Prosecretaria Marcela Mastrocola<\/li>\n<\/ul>\n\n\n\n<h2 class=\"wp-block-heading has-large-font-size\">Antecedentes<\/h2>\n\n\n\n<ul class=\"wp-block-list\">\n<li><a href=\"https:\/\/www.quequen.unicen.edu.ar\/?page_id=3522\" data-type=\"link\" data-id=\"https:\/\/www.quequen.unicen.edu.ar\/?page_id=3522\">Investigaci\u00f3n Aplicada en Cooperativismo y Econom\u00eda Social (2015)<\/a><\/li>\n\n\n\n<li><a href=\"https:\/\/www.quequen.unicen.edu.ar\/?page_id=3527\" data-type=\"link\" data-id=\"https:\/\/webquequen.nuevo.unicen.edu.ar\/?page_id=3527\">Banco de Alimentos (2015)<\/a><\/li>\n\n\n\n<li><a href=\"https:\/\/www.quequen.unicen.edu.ar\/?page_id=3529\" data-type=\"link\" data-id=\"https:\/\/webquequen.nuevo.unicen.edu.ar\/?page_id=3529\">Modelo del transporte de cargas en el puerto de Quequ\u00e9n<\/a><\/li>\n\n\n\n<li><a href=\"https:\/\/www.quequen.unicen.edu.ar\/?page_id=3536\" data-type=\"link\" data-id=\"https:\/\/webquequen.nuevo.unicen.edu.ar\/?page_id=3536\">Vivero Escolar Comunitario. Mejora de los procesos log\u00edsticos (2018)<\/a><\/li>\n<\/ul>\n","protected":false},"excerpt":{"rendered":"<p>Comisi\u00f3n de Evaluaci\u00f3n y Seguimiento PSE En el mes de julio 2023 fue aprobado por\u00a0Resoluci\u00f3n de Rectorado 1258\/23\u00a0el reglamento de Pr\u00e1cticas Socio Educativas (PSE) de la UEUQ que establece que los\/as estudiantes deber\u00e1n acreditar 64 horas de pr\u00e1ctica a lo largo de su carrera. Es responsabilidad de todos y todas colaborar en el surgimiento de &hellip;<\/p>\n<p class=\"read-more\"> <a class=\"\" href=\"https:\/\/www.quequen.unicen.edu.ar\/?page_id=3514\"> <span class=\"screen-reader-text\">Pr\u00e1cticas Socioeducativas<\/span> Leer m\u00e1s &raquo;<\/a><\/p>\n","protected":false},"author":1,"featured_media":0,"parent":0,"menu_order":0,"comment_status":"closed","ping_status":"closed","template":"","meta":{"_uag_custom_page_level_css":"","site-sidebar-layout":"default","site-content-layout":"default","ast-global-header-display":"","ast-banner-title-visibility":"","ast-main-header-display":"","ast-hfb-above-header-display":"","ast-hfb-below-header-display":"","ast-hfb-mobile-header-display":"","site-post-title":"","ast-breadcrumbs-content":"","ast-featured-img":"","footer-sml-layout":"","theme-transparent-header-meta":"","adv-header-id-meta":"","stick-header-meta":"","header-above-stick-meta":"","header-main-stick-meta":"","header-below-stick-meta":"","footnotes":""},"class_list":["post-3514","page","type-page","status-publish","hentry"],"uagb_featured_image_src":{"full":false,"thumbnail":false,"medium":false,"medium_large":false,"large":false,"news_plugin_small":false,"1536x1536":false,"2048x2048":false},"uagb_author_info":{"display_name":"admin","author_link":"https:\/\/www.quequen.unicen.edu.ar\/?author=1"},"uagb_comment_info":0,"uagb_excerpt":"Comisi\u00f3n de Evaluaci\u00f3n y Seguimiento PSE En el mes de julio 2023 fue aprobado por\u00a0Resoluci\u00f3n de Rectorado 1258\/23\u00a0el reglamento de Pr\u00e1cticas Socio Educativas (PSE) de la UEUQ que establece que los\/as estudiantes deber\u00e1n acreditar 64 horas de pr\u00e1ctica a lo largo de su carrera. Es responsabilidad de todos y todas colaborar en el surgimiento de&hellip;","_links":{"self":[{"href":"https:\/\/www.quequen.unicen.edu.ar\/index.php?rest_route=\/wp\/v2\/pages\/3514","targetHints":{"allow":["GET"]}}],"collection":[{"href":"https:\/\/www.quequen.unicen.edu.ar\/index.php?rest_route=\/wp\/v2\/pages"}],"about":[{"href":"https:\/\/www.quequen.unicen.edu.ar\/index.php?rest_route=\/wp\/v2\/types\/page"}],"author":[{"embeddable":true,"href":"https:\/\/www.quequen.unicen.edu.ar\/index.php?rest_route=\/wp\/v2\/users\/1"}],"replies":[{"embeddable":true,"href":"https:\/\/www.quequen.unicen.edu.ar\/index.php?rest_route=%2Fwp%2Fv2%2Fcomments&post=3514"}],"version-history":[{"count":9,"href":"https:\/\/www.quequen.unicen.edu.ar\/index.php?rest_route=\/wp\/v2\/pages\/3514\/revisions"}],"predecessor-version":[{"id":3998,"href":"https:\/\/www.quequen.unicen.edu.ar\/index.php?rest_route=\/wp\/v2\/pages\/3514\/revisions\/3998"}],"wp:attachment":[{"href":"https:\/\/www.quequen.unicen.edu.ar\/index.php?rest_route=%2Fwp%2Fv2%2Fmedia&parent=3514"}],"curies":[{"name":"wp","href":"https:\/\/api.w.org\/{rel}","templated":true}]}}