{"id":3522,"date":"2024-04-09T13:35:21","date_gmt":"2024-04-09T13:35:21","guid":{"rendered":"https:\/\/webquequen.nuevo.unicen.edu.ar\/?page_id=3522"},"modified":"2024-07-08T22:33:45","modified_gmt":"2024-07-08T22:33:45","slug":"investigacion-aplicada-en-cooperativismo-y-economia-social-2015","status":"publish","type":"page","link":"https:\/\/www.quequen.unicen.edu.ar\/?page_id=3522","title":{"rendered":"Investigaci\u00f3n Aplicada en Cooperativismo y Econom\u00eda Social (2015)"},"content":{"rendered":"\n<p><strong>Estado del Proyecto de Extensi\u00f3n:<\/strong>&nbsp;EN CURSO<\/p>\n\n\n\n<p>Durante el a\u00f1o 2015, la&nbsp;<a href=\"http:\/\/www.unicen.edu.ar\/\">Universidad Nacional del Centro de la Provincia de Buenos Aires<\/a>&nbsp;estar\u00e1 impulsando en la regi\u00f3n un proyecto de investigaci\u00f3n aplicada sobre cooperativismo y econom\u00eda social y solidaria.<br>El proyecto fue presentado y aprobado en la primera convocatoria nacional a proyectos de investigaci\u00f3n y constituci\u00f3n de redes lanzada en 2014, en el marco del recientemente creado&nbsp;<a href=\"http:\/\/portales.educacion.gov.ar\/spu\/noticias\/programa-de-educacion-en-cooperativismo-y-economia-social-en-la-universidad\/\">Programa de Educaci\u00f3n en Cooperativismo y Econom\u00eda Social<\/a>&nbsp;de la&nbsp;<a href=\"http:\/\/portales.educacion.gov.ar\/spu\/\">Secretar\u00eda de Pol\u00edticas Universitarias<\/a>&nbsp;(SPU) del&nbsp;<a href=\"http:\/\/portal.educacion.gov.ar\/\">Ministerio de Educaci\u00f3n de la Naci\u00f3n<\/a>.<br>De este modo, bajo el nombre<em>&nbsp;\u00abCooperativismo y econom\u00eda social y solidaria en la regi\u00f3n centro de la provincia de Buenos Aires: marcos normativos y estrategias de comercializaci\u00f3n\u00bb<\/em>, el proyecto tiene por objetivo abordar, en conjunto con los protagonistas de experiencias cooperativas, asociativas y productivas que se enmarcan dentro de los valores cooperativos en clave de Econom\u00eda Social y Solidaria, las tem\u00e1ticas o problem\u00e1ticas de mayor relevancia para este sector en la regi\u00f3n de influencia de la UNICEN, poniendo especial atenci\u00f3n en lo referente a marcos normativos y estrategias de gesti\u00f3n y comercializaci\u00f3n.<br>El mencionado proyecto es dirigido y coordinado por la Mg. Rosana Sosa y la Secretar\u00eda de Extensi\u00f3n de la Universidad e involucra a docentes, investigadores y estudiantes de las facultades de ciencias sociales, exactas, humanas, econ\u00f3micas, agronom\u00eda y a la&nbsp;sede Quequ\u00e9n de la UNICEN. Asimismo, tambi\u00e9n forman parte de esta iniciativa, de forma copart\u00edcipe, gran cantidad de organizaciones e instituciones de la econom\u00eda social de la regi\u00f3n.<br>En este marco, la primera etapa del proyecto estar\u00e1 destinada a la realizaci\u00f3n de un relevamiento regional de los actores y pr\u00e1cticas del cooperativismo y la econom\u00eda social. El mismo se llevar\u00e1 a cabo en las ciudades de Tandil, Azul, Olavarr\u00eda y Quequ\u00e9n y tiene por horizonte construir, de forma participativa, un diagn\u00f3stico del sector de car\u00e1cter regional que identifique a todas las iniciativas productivas y de servicios que se desarrollan en clave de Econom\u00eda Social, qu\u00e9 pr\u00e1cticas sostienen, cu\u00e1les son sus principales problemas y qu\u00e9 aporte est\u00e1n realizando en cada comunidad.<br>De esta manera, en los primeros pasos del proyecto, se realizar\u00e1n encuentros de lanzamiento en las cuatro localidades. Estas actividades son abiertas y se invita a participar especialmente a docentes, investigadores, estudiantes y organizaciones del sector que hasta ahora no se hayan sumado. En las mismas se compartir\u00e1n los detalles del proyecto con mayor profundidad para que todos\/as aquellos\/as que est\u00e9n interesados\/as puedan encontrar un lugar desde el cual aportar.<\/p>\n\n\n\n<p><a href=\"https:\/\/www.quequen.unicen.edu.ar\/wp-content\/uploads\/2024\/04\/ProyectoCoopESS.pdf\" data-type=\"link\" data-id=\"https:\/\/webquequen.nuevo.unicen.edu.ar\/wp-content\/uploads\/2024\/04\/ProyectoCoopESS.pdf\">[Ver documentaci\u00f3n adjunta]<\/a><\/p>\n","protected":false},"excerpt":{"rendered":"<p>Estado del Proyecto de Extensi\u00f3n:&nbsp;EN CURSO Durante el a\u00f1o 2015, la&nbsp;Universidad Nacional del Centro de la Provincia de Buenos Aires&nbsp;estar\u00e1 impulsando en la regi\u00f3n un proyecto de investigaci\u00f3n aplicada sobre cooperativismo y econom\u00eda social y solidaria.El proyecto fue presentado y aprobado en la primera convocatoria nacional a proyectos de investigaci\u00f3n y constituci\u00f3n de redes lanzada &hellip;<\/p>\n<p class=\"read-more\"> <a class=\"\" href=\"https:\/\/www.quequen.unicen.edu.ar\/?page_id=3522\"> <span class=\"screen-reader-text\">Investigaci\u00f3n Aplicada en Cooperativismo y Econom\u00eda Social (2015)<\/span> Leer m\u00e1s &raquo;<\/a><\/p>\n","protected":false},"author":1,"featured_media":0,"parent":0,"menu_order":0,"comment_status":"closed","ping_status":"closed","template":"","meta":{"_uag_custom_page_level_css":"","site-sidebar-layout":"default","site-content-layout":"default","ast-global-header-display":"","ast-banner-title-visibility":"","ast-main-header-display":"","ast-hfb-above-header-display":"","ast-hfb-below-header-display":"","ast-hfb-mobile-header-display":"","site-post-title":"","ast-breadcrumbs-content":"","ast-featured-img":"","footer-sml-layout":"","theme-transparent-header-meta":"","adv-header-id-meta":"","stick-header-meta":"","header-above-stick-meta":"","header-main-stick-meta":"","header-below-stick-meta":"","footnotes":""},"class_list":["post-3522","page","type-page","status-publish","hentry"],"uagb_featured_image_src":{"full":false,"thumbnail":false,"medium":false,"medium_large":false,"large":false,"news_plugin_small":false,"1536x1536":false,"2048x2048":false},"uagb_author_info":{"display_name":"admin","author_link":"https:\/\/www.quequen.unicen.edu.ar\/?author=1"},"uagb_comment_info":0,"uagb_excerpt":"Estado del Proyecto de Extensi\u00f3n:&nbsp;EN CURSO Durante el a\u00f1o 2015, la&nbsp;Universidad Nacional del Centro de la Provincia de Buenos Aires&nbsp;estar\u00e1 impulsando en la regi\u00f3n un proyecto de investigaci\u00f3n aplicada sobre cooperativismo y econom\u00eda social y solidaria.El proyecto fue presentado y aprobado en la primera convocatoria nacional a proyectos de investigaci\u00f3n y constituci\u00f3n de redes lanzada&hellip;","_links":{"self":[{"href":"https:\/\/www.quequen.unicen.edu.ar\/index.php?rest_route=\/wp\/v2\/pages\/3522","targetHints":{"allow":["GET"]}}],"collection":[{"href":"https:\/\/www.quequen.unicen.edu.ar\/index.php?rest_route=\/wp\/v2\/pages"}],"about":[{"href":"https:\/\/www.quequen.unicen.edu.ar\/index.php?rest_route=\/wp\/v2\/types\/page"}],"author":[{"embeddable":true,"href":"https:\/\/www.quequen.unicen.edu.ar\/index.php?rest_route=\/wp\/v2\/users\/1"}],"replies":[{"embeddable":true,"href":"https:\/\/www.quequen.unicen.edu.ar\/index.php?rest_route=%2Fwp%2Fv2%2Fcomments&post=3522"}],"version-history":[{"count":5,"href":"https:\/\/www.quequen.unicen.edu.ar\/index.php?rest_route=\/wp\/v2\/pages\/3522\/revisions"}],"predecessor-version":[{"id":3966,"href":"https:\/\/www.quequen.unicen.edu.ar\/index.php?rest_route=\/wp\/v2\/pages\/3522\/revisions\/3966"}],"wp:attachment":[{"href":"https:\/\/www.quequen.unicen.edu.ar\/index.php?rest_route=%2Fwp%2Fv2%2Fmedia&parent=3522"}],"curies":[{"name":"wp","href":"https:\/\/api.w.org\/{rel}","templated":true}]}}