{"id":3527,"date":"2024-04-15T11:54:06","date_gmt":"2024-04-15T11:54:06","guid":{"rendered":"https:\/\/webquequen.nuevo.unicen.edu.ar\/?page_id=3527"},"modified":"2024-07-01T20:05:00","modified_gmt":"2024-07-01T20:05:00","slug":"banco-de-alimentos-2015","status":"publish","type":"page","link":"https:\/\/www.quequen.unicen.edu.ar\/?page_id=3527","title":{"rendered":"Banco de Alimentos (2015)"},"content":{"rendered":"\n<p><strong>Instituci\u00f3n Copart\u00edcipe:<\/strong>&nbsp;Agrupaci\u00f3n 3 de Agosto \u2013 520 bis N\u00b0708<\/p>\n\n\n\n<p><strong>Presupuesto:<\/strong>&nbsp;$8000.-<\/p>\n\n\n\n<p><strong>Duraci\u00f3n:<\/strong>&nbsp;12 meses.<\/p>\n\n\n\n<p><strong>Estado del Proyecto de Extensi\u00f3n:<\/strong>&nbsp;FINALIZADO (febrero 2015)<\/p>\n\n\n\n<h1 class=\"wp-block-heading has-medium-font-size\"><strong>1. Informaci\u00f3n General del Proyecto<\/strong><\/h1>\n\n\n\n<p><strong>1.1 Actividad<\/strong><\/p>\n\n\n\n<p>Extensi\u00f3n social<\/p>\n\n\n\n<p><strong>1.2. Denominaci\u00f3n del Proyecto<\/strong><br>BANCO DE ALIMENTOS QUEQU\u00c9N. Facilitando la tarea en la lucha contra la desnutrici\u00f3n.<\/p>\n\n\n\n<p><strong>1.3. Palabras claves<\/strong><br>Alimentaci\u00f3n, Responsabilidad Social Empresaria (RSE), Transparencia, Log\u00edstica, Formaci\u00f3n.<\/p>\n\n\n\n<p><strong>1.4. Unidad Ejecutora<\/strong><br>Unidad de Ense\u00f1anza Universitaria de Quequ\u00e9n \u2013 Carrera Licenciatura en Log\u00edstica Integral<\/p>\n\n\n\n<p><strong>1.5. Director del Proyecto<\/strong><\/p>\n\n\n\n<p>Apellido y Nombre: Galv\u00e1n Dante Tom\u00e1s<br>T\u00edtulo: Dr. \/ Ing. Civil<br>Categor\u00eda docente: Prof. Adjunto ordinario\/ exclusiva<br>Dedicaci\u00f3n al proyecto: 6 horas\/semana<br>Se adjunta CV<\/p>\n\n\n\n<p>Co-Director:<br>Apellido y Nombre: Terwissen, Ana Patricia<br>T\u00edtulo: Mag. en Agroeconom\u00eda \/ Lic. en Econom\u00eda<br>Categor\u00eda docente: Prof. adjunta\/semiexclusiva<br>Dedicaci\u00f3n al proyecto: 6 horas\/semana<\/p>\n\n\n\n<p><strong>1.7. Equipo de trabajo<\/strong><\/p>\n\n\n\n<p>El equipo de trabajo est\u00e1 conformado por un docente y director de la carrera Lic. en Log\u00edstica Integral y tres docentes que desarrollan su actividad en la Unidad de Ense\u00f1anza Universitaria de Quequ\u00e9n, 13 (trece) alumnos de la carrera Lic. en Log\u00edstica Integral de la misma Unidad y 3 (tres) integrantes de la Agrupaci\u00f3n 3 de Agosto. En el apartado.<\/p>\n\n\n\n<ul class=\"wp-block-list\">\n<li><em>Docente:<\/em>&nbsp;D\u00edaz Francisco Javier . Grosso Mariana. Garijo Gustavo Christian. Di Nardo Naela Magal\u00ed. Pedone Luis Ismael. Salin Silvana Alejandra. Go\u00f1i Emilio. Ulloa Maira. Gil Georgina. Rigonat Sergio Ariel. Llanos Pablo Luis. Cardozo Melisa Maira. Juan Manuel Magnaterra.<\/li>\n\n\n\n<li><em>Agente externo:<\/em>&nbsp;Brekle Gabriela. Sureda Figueroa Ivan Juan. Gavil\u00e1n Gabriela.<\/li>\n<\/ul>\n\n\n\n<p><strong>1.8. Relevancia y justificaci\u00f3n del Proyecto<\/strong><\/p>\n\n\n\n<p>Es de p\u00fablico conocimiento la importante labor que realizan las organizaciones de ayuda comunitaria, p\u00fablicas y\/o privadas, dedicadas a luchar contra el hambre y la desnutrici\u00f3n, principalmente infantil, a trav\u00e9s de los servicios de comedores y merenderos.<br>Actualmente, la ciudad de Quequ\u00e9n cuenta con m\u00e1s de once instituciones de ayuda comunitaria (comedores escolares, comedores barriales y merenderos). Representando aproximadamente 2000 personas que perciben su alimentaci\u00f3n cada d\u00eda, de las cuales el 95% est\u00e1 conformada por ni\u00f1os.<br>Una de las problem\u00e1ticas m\u00e1s serias que deben enfrentar estas instituciones en esta labor es el aprovisionamiento regular y peri\u00f3dico de los alimentos, ya que muchas de ellas se solventan a partir de donaciones voluntarias de car\u00e1cter informal e irregular, que deben gestionar las mismas personas encargadas del funcionamiento del comedor. Esto conlleva a que no siempre logran disponer de los recursos necesarios para brindar un plato de comida diario a los ni\u00f1os y adultos que asisten, debiendo, adem\u00e1s, dedicar buena parte del tiempo a dicha gesti\u00f3n sin poder garantizar \u00f3ptimos resultados. Y por otro lado, las empresas se encuentran con la necesidad de optimizar sus donaciones e incluso existen gran cantidad de empresas en la ciudad y la zona con alto nivel de responsabilidad empresarial, y otras potencialmente responsables socialmente, a las cuales se podr\u00eda asistir, una vez armado el programa de gesti\u00f3n, a los efectos de informarlos sobre la necesidad que tienen las empresas de devolver a la comunidad con la que interact\u00faan alguno de los beneficios que obtienen de ella; lo que genera a Largo Plazo un incremento en sus propias utilidades. En el af\u00e1n de lograr que dichas empresas colaboren con donaciones peri\u00f3dicas al Banco de Alimentos, y como contraprestaci\u00f3n incluyendo a dichas empresas en publicaciones en los diarios de mayor circulaci\u00f3n como colaboradores del proyecto ayud\u00e1ndolas de ese modo a generar una imagen responsable ante la sociedad, e incentivando a nuevas empresas a adherirse al proyecto. Como as\u00ed tambi\u00e9n ayudando a que la comunidad colabore con mayor cantidad de alimentos incentivados por la transparencia en la distribuci\u00f3n.<br>Ante esta situaci\u00f3n, la Agrupaci\u00f3n 3 de Agosto se propone crear un Banco de Alimentos en la localidad de Quequ\u00e9n cuya finalidad es la de contribuir a reducir el hambre y la desnutrici\u00f3n de los grupos m\u00e1s vulnerables de la comunidad de Quequ\u00e9n, solicitando la donaci\u00f3n de alimentos aptos para el consumo humano a fin de almacenarlos, clasificarlos y distribuirlos juiciosamente entre las instituciones de ayuda comunitaria de esta localidad (comedores, centros comunitarios, merenderos, entre otros), educando acerca de la naturaleza del hambre y sus posibles soluciones.<br>El Banco de Alimentos es una organizaci\u00f3n sin fines de lucro que, bas\u00e1ndose en los valores de solidaridad, equidad y transparencia, se propone organizar el proceso de donaci\u00f3n, almacenamiento y distribuci\u00f3n de los alimentos de manera equitativa, transparente y confiable. La organizaci\u00f3n del mismo requiere de un modelo de gesti\u00f3n que garantice el desarrollo eficiente de este proceso, raz\u00f3n por la cual, la Agrupaci\u00f3n 3 de Agosto solicita a la Unidad de Ense\u00f1anza Universitaria de Quequ\u00e9n el acompa\u00f1amiento en la construcci\u00f3n del Banco de Alimentos a trav\u00e9s del asesoramiento en el dise\u00f1o del sistema de gesti\u00f3n y la capacitaci\u00f3n de los actores involucrados.<br>Por otra parte, la participaci\u00f3n y compromiso de los alumnos de la Licenciatura en Log\u00edstica Integral es de suma importancia en el desarrollo de este proyecto, dado que se proponen brindar el apoyo necesario para el desarrollo e implementaci\u00f3n de dicho sistema. Lo cual, implica poner en pr\u00e1ctica los conocimientos adquiridos y experimentar una instancia de investigaci\u00f3n, y en definitiva, de vinculaci\u00f3n directa con su formaci\u00f3n profesional.<br>Asimismo, desde la Universidad se intervendr\u00e1 en la formaci\u00f3n a empresas locales en Responsabilidad Social Empresaria (RSE), para de esta forma lograr un incremento del caudal de donaciones, generando en las organizaciones la necesidad de hacerse de una imagen socialmente responsable ante la comunidad.<\/p>\n\n\n\n<p><strong>1.9. Identificaci\u00f3n de los problemas o necesidades a resolver<\/strong><\/p>\n\n\n\n<p>Desde la Agrupaci\u00f3n 3 de Agosto surge la necesidad de asesoramiento en el dise\u00f1o de un sistema de gesti\u00f3n para la recolecci\u00f3n, abastecimiento y distribuci\u00f3n de los alimentos que circulan en los procesos de donaci\u00f3n a los comedores y merenderos de la localidad de Quequ\u00e9n. Dado que se detectaron las siguientes problem\u00e1ticas:<\/p>\n\n\n\n<ul class=\"wp-block-list\">\n<li>Desperdicio de los alimentos por no existir una Organizaci\u00f3n que se dedique al rescate de alimentos, brind\u00e1ndole a las empresas la posibilidad de certificar la transparencia en la donaci\u00f3n y decomisaci\u00f3n (en algunos casos) de alimentos y la certeza de que ese alimento no ha de comercializarse.<\/li>\n\n\n\n<li>Carencia en el sistema de distribuci\u00f3n de alimentos, porque no hay una base de datos formalizada que permita conocer las Instituciones que trabajan contra este flagelo.<\/li>\n\n\n\n<li>Ausencia de planificaci\u00f3n sobre las necesidades alimentarias a cubrir por trabajar s\u00f3lo en el corto plazo, a causa de la necesidad apremiante.<\/li>\n<\/ul>\n\n\n\n<p>Por otra parte, de la Unidad de Ense\u00f1anza Universitaria de Quequ\u00e9n, se detect\u00f3 la necesidad de capacitaci\u00f3n en Responsabilidad Social Empresaria por parte del empresariado local, as\u00ed como la oportunidad de cumplir con el objetivo de incrementar las donaciones al banco de Alimentos, poner en pr\u00e1ctica la \u00c9tica y Responsabilidad Social por parte de los alumnos.<\/p>\n\n\n\n<p><strong>1.10. Interdisciplina.<\/strong><\/p>\n\n\n\n<p>El perfil del Egresado de Licenciado en Log\u00edstica Integral prev\u00e9 en su plan de estudios \u201cEstudiar, planificar, organizar, modificar, transformar y dirigir los procesos de definici\u00f3n, desarrollo, implementaci\u00f3n, mantenimiento y control de Sistemas y Redes Log\u00edsticas\u201d, el Banco de Alimentos es sin dudas un proyecto que permitir\u00e1 el uso de los aprendizajes obtenidos en el aula por parte del alumnado. Adem\u00e1s, en el desarrollo del mismo han de intervenir diversas disciplinas, a saber:<br>ADMINISTRACION: Organizaci\u00f3n y Gesti\u00f3n de Empresas. Es indispensable para la elaboraci\u00f3n de un sistema de Gesti\u00f3n conocer las funciones administrativas que se llevan a cabo en toda organizaci\u00f3n, ya sea con o sin fines de lucro, siendo la aplicaci\u00f3n de los conceptos administrativos tan beneficiosos en uno u otro tipo de organizaci\u00f3n.<br>GESTION DE LA CALIDAD: La utilizaci\u00f3n de Herramientas de Calidad permitir\u00e1n incrementar al m\u00e1ximo las utilidades del sistema, como as\u00ed tambi\u00e9n el c\u00e1lculo de costos de calidad y no calidad permitir\u00e1n la m\u00e1xima eficiencia en el proyecto.<br>GESTION DE LA CADENA DE SUMINISTROS: Los conceptos adquiridos en la cursada de esta materia, permiten entrelazar las funcionalidades de Sistemas de Gesti\u00f3n de Suministros estudiados durante la cursada con las necesidades a cubrir con el sistema de gesti\u00f3n del proyecto.<br>ECONOMIA: Desde Econom\u00eda de la Empresa se destacan en particular nociones de Econom\u00eda Social y la importancia de la RSE.<br>Asimismo, los conocimientos adquiridos en los espacios curriculares de CIENCIA DE LA COMPUTACI\u00d3N y TECNOLOG\u00cdA DE LA INFORMACI\u00d3N Y LAS COMUNICACIONES van a ser necesarios para el armado del sistema de gesti\u00f3n.<\/p>\n\n\n\n<p><strong>1.11. Duraci\u00f3n del proyecto.<\/strong><\/p>\n\n\n\n<p>La Implementaci\u00f3n del proyecto est\u00e1 prevista en un a\u00f1o, es decir, durante ese per\u00edodo se articular\u00e1n las diferentes organizaciones que de modo mancomunado han de seguir trabajando en el proyecto, capacit\u00e1ndoles y brind\u00e1ndoles un sistema de gesti\u00f3n que les permita la implementaci\u00f3n y el desarrollo del mismo.<\/p>\n\n\n\n<p><strong>2. Objetivos del Proyecto<\/strong><\/p>\n\n\n\n<ul class=\"wp-block-list\">\n<li>Dise\u00f1ar un sistema de gesti\u00f3n para la recolecci\u00f3n, abastecimiento y distribuci\u00f3n de los alimentos que circulan en los procesos de donaci\u00f3n a los comedores y merenderos de la localidad de Quequ\u00e9n<\/li>\n\n\n\n<li>Propiciar la interacci\u00f3n de las instituciones intervinientes, a trav\u00e9s del asesoramiento en las diferentes etapas de implementaci\u00f3n del sistema de gesti\u00f3n.<\/li>\n\n\n\n<li>Difundir la misi\u00f3n y actividades del Banco de Alimentos Quequ\u00e9n para involucrar la mayor cantidad posible de actores sociales interesados.<\/li>\n\n\n\n<li>Promover la formaci\u00f3n de los actores intervinientes en las pr\u00e1cticas de RSE.<\/li>\n\n\n\n<li>Asesorar a empresas de la comunidad sobre los beneficios de la implementaci\u00f3n de un Programa de RSE.<\/li>\n<\/ul>\n\n\n\n<p><strong>2.1. An\u00e1lisis de la actividad a realizar<\/strong><\/p>\n\n\n\n<ul class=\"wp-block-list\">\n<li>Se realizar\u00e1n reuniones con los organismos del estado y con organizaciones p\u00fablicas y\/o privadas a fin de recabar informaci\u00f3n relevante para el proyecto y articular acciones vinculadas a la problem\u00e1tica de la alimentaci\u00f3n.<\/li>\n\n\n\n<li>Se realizar\u00e1n encuestas y entrevistas para realizar un diagn\u00f3stico m\u00e1s preciso de las condiciones actuales de cada instituci\u00f3n de ayuda comunitaria.<\/li>\n\n\n\n<li>Aquellas actividades que est\u00e1n vinculadas con la capacitaci\u00f3n por parte de los alumnos y docentes a los integrantes de la Agrupaci\u00f3n y empresarios de la comunidad, as\u00ed como los encuentros y reuniones, han de realizarse en el \u00e1mbito de la Unidad de Ense\u00f1anza Universitaria Quequ\u00e9n.<\/li>\n\n\n\n<li>El trabajo de campo, es en los distintos comedores y merenderos de la ciudad de Quequ\u00e9n ser\u00e1 realizado por Integrantes de la Agrupaci\u00f3n 3 de Agosto.<\/li>\n\n\n\n<li>El informe de evaluaci\u00f3n de avance y final ser\u00e1 realizado en conjunto por el Director y Co-director del proyecto.<\/li>\n<\/ul>\n\n\n\n<p><strong>2.2. Impacto social directo e indirecto<\/strong><\/p>\n\n\n\n<p><strong>2.2.1. Identificaci\u00f3n del destinatario<\/strong><\/p>\n\n\n\n<p>Destinatarios directos: organizaciones de ayuda comunitaria (comedores, centros comunitarios, merenderos, entre otros).<br>Destinatarios indirectos: sector de la sociedad de m\u00e1s bajos recursos que asisten a los comedores como \u00fanico medio de obtenci\u00f3n de los alimentos b\u00e1sicos.<\/p>\n\n\n\n<p><strong>2.2.2. Caracterizaci\u00f3n de la situaci\u00f3n socioecon\u00f3mica y cultural de los destinatarios directos<\/strong><\/p>\n\n\n\n<p>Dado que el relevamiento que se ha realizado hasta el momento carece de exhaustividad, se desconocen datos concretos sobre el nivel socio-econ\u00f3mico de los destinatarios directos. No obstante, por el trabajo de campo realizado por la Agrupaci\u00f3n 3 de Agosto, se puede decir que m\u00e1s del 50% de la atenci\u00f3n de los merenderos y comedores la realizan Instituciones Educativas, con lo cual la direcci\u00f3n de dichas instituciones es realizada por personas con una formaci\u00f3n acad\u00e9mica con niveles de estudios terciarios o superiores.<br>Por otro lado, a modo de ant\u00edtesis, los merenderos barriales est\u00e1n a cargo de personas con escasos recursos cuya formaci\u00f3n acad\u00e9mica no supera el nivel secundario, siendo el origen de esta situaci\u00f3n el haber padecido las mismas carencias que intentan satisfacer.<\/p>\n\n\n\n<p><strong>3. Impacto sobre la situaci\u00f3n de referencia en caso de alcanzarse los objetivos propuestos. Transferencias formales y no formales de conocimientos<\/strong><\/p>\n\n\n\n<p><strong>3.1. Vinculaci\u00f3n con el medio socio-productivo<\/strong><\/p>\n\n\n\n<p><strong>3.1.1. Capacidad de autosustentaci\u00f3n del proyecto luego del financiamiento<\/strong><\/p>\n\n\n\n<p>Una vez creado el Banco de Alimentos, el funcionamiento del sistema de gesti\u00f3n quedar\u00e1 a cargo de la Agrupaci\u00f3n 3 de agosto. Se espera que desde el acompa\u00f1amiento, asesoramiento&nbsp; y capacitaci\u00f3n de docentes y alumnos a los integrantes de la Agrupacion, puedan continuar de forma aut\u00f3noma. Asimismo, se espera que a partir de ese momento el mismo tenga permanencia en el tiempo, dado que se contempla una instancia de apoyo y concientizaci\u00f3n a la comunidad a trav\u00e9s de la capacitaci\u00f3n y transferencia de saberes en relaci\u00f3n, principalmente a las pr\u00e1cticas de Responsabilidad Social.<\/p>\n\n\n\n<p><strong>3.1.2. Capacidad de reproducci\u00f3n en otros \u00e1mbitos<\/strong><\/p>\n\n\n\n<p>Circunscribiendo el proyecto al \u00e1mbito local, el mismo no puede reproducirse en los mismos t\u00e9rminos, dado que s\u00f3lo se permite un banco de alimentos por localidad, lo que se puede compartir es la carpeta de trabajo que contiene la informaci\u00f3n y el plan para llevar adelante la tarea, describiendo la necesidad del trabajo mancomunado de los distintos actores sociales, y los planes de acci\u00f3n para llevar adelante un trabajo de esta envergadura.<br>En cuanto al \u00e1mbito regional, se puede trasladar el sistema a otras localidades contando con el aporte que brinda el asesoramiento de profesionales (y alumnos) en el \u00e1rea de log\u00edstica. En la actualidad existen en Argentina 17 bancos de alimentos registrados en la \u201cAsociaci\u00f3n Civil: Red de Bancos de Alimentos\u201d, cuya finalidad es potenciar el trabajo conjunto y fortalecer las herramientas que cada uno posee. Hecho que permite capitalizar los conocimientos y trasladarlos a otras localidades de la provincia y de la Argentina, lo cual refleja que es reproducible dicho sistema en otras localidades.<\/p>\n\n\n\n<p><strong>3.1.3. Impacto sobre el medio ambiente<\/strong><\/p>\n\n\n\n<p>El rescate de alimentos, que se obtiene a trav\u00e9s de la recuperaci\u00f3n de aquellos alimentos que no pueden ser comercializados por diversos motivos, pero que s\u00ed son aptos para el consumo contribuye en el agregado de valor a los alimentos y en la disminuci\u00f3n de los alimentos decomisados, hecho que afecta directamente al medio ambiente. Con lo cual el desarrollo de un Banco de Alimentos, contribuye a la disminuci\u00f3n de la decomisaci\u00f3n de alimentos por permitir la distribuci\u00f3n de los mismos antes de que esta ocurra.<\/p>\n\n\n\n<p><strong>3.2. Otras Instituciones que participan<\/strong><\/p>\n\n\n\n<p>Agrupaci\u00f3n 3 de Agosto&nbsp;\u2013 520 bis N\u00b0708<\/p>\n\n\n\n<p><strong>4. Adoptantes de los Resultados<\/strong><\/p>\n\n\n\n<p><strong>4.1. Usuarios de los resultados<\/strong><\/p>\n\n\n\n<p>Se prev\u00e9 que los resultados del proyecto lo reciban las organizaciones de ayuda comunitaria (comedores, centros comunitarios, merenderos, entre otros) y principalmente el sector de la sociedad de m\u00e1s bajos recursos que asisten a dichas organizaciones como \u00fanico medio de obtenci\u00f3n de los alimentos b\u00e1sicos.<br>Es preciso destacar que las organizaciones de ayuda comunitaria que trabajan con este flagelo, en el mediano y largo plazo podr\u00e1n abocarse a trabajar sobre problem\u00e1ticas m\u00e1s profundas dado que no tendr\u00e1n que preocuparse por el abastecimiento m\u00ednimo de los alimentos para poder solventarse.<\/p>\n\n\n\n<p><strong>5. Metodolog\u00eda<\/strong><\/p>\n\n\n\n<p>Se realizar\u00e1n encuestas y entrevistas para realizar un diagn\u00f3stico m\u00e1s preciso de las condiciones actuales de cada instituci\u00f3n de ayuda comunitaria.<br>Se realizar\u00e1n reuniones con los organismos del estado y con organizaciones p\u00fablicas y\/o privadas a fin de recabar informaci\u00f3n relevante para el proyecto y articular acciones vinculadas a la problem\u00e1tica de la alimentaci\u00f3n.<br>Se generar\u00e1n grupos de trabajo sobre problem\u00e1ticas espec\u00edficas, los que a partir de reuniones peri\u00f3dicas, ir\u00e1n construyendo el dise\u00f1o de las diferentes etapas del sistema de gesti\u00f3n; y la planificaci\u00f3n de los talleres y charlas de capacitaci\u00f3n en la implementaci\u00f3n de dicho sistema.<br>Se realizar\u00e1 un informe de avance del proyecto para verificar el cumplimiento del cronograma de actividades previstas y la revisi\u00f3n de lo planificado.<br>Se llevar\u00e1n a cabo talleres y charlas orientados a la capacitaci\u00f3n, formaci\u00f3n y asesoramiento de los actores intervinientes en las distintas fases del proceso log\u00edstico de donaci\u00f3n, donde se resaltar\u00e1 la importancia de la Responsabilidad Social de cada uno de los actores del sistema productivo de la comunidad.<br>Se realizar\u00e1 un informe de evaluaci\u00f3n final elaborado colectivamente para verificar la concreci\u00f3n de las actividades previstas y el cumplimiento del proyecto de extensi\u00f3n presentado en la presente convocatoria, as\u00ed como llegar a una descripci\u00f3n de lo realizado a lo largo del mismo.<br>Se formular\u00e1n estrategias de comunicaci\u00f3n directa hacia las empresas donantes para as\u00ed poner en valor la participaci\u00f3n de las mismas, entre ellas se prev\u00e9 la comunicaci\u00f3n a&nbsp; empresas que apoyen este proyecto por medio de cartillas de informaci\u00f3n que se realicen al respecto.<\/p>\n\n\n\n<p><strong>6. Indicadores de evaluaci\u00f3n<\/strong><\/p>\n\n\n\n<ul class=\"wp-block-list\">\n<li>Cantidad de reuniones concretadas del equipo coordinador sobre las proyectadas<\/li>\n\n\n\n<li>Elaboraci\u00f3n de informe de diagn\u00f3stico en base al relevamiento de informaci\u00f3n<\/li>\n\n\n\n<li>Cantidad de gacetillas, folletos y otras herramientas comunicacionales<\/li>\n\n\n\n<li>Elaboraci\u00f3n de documento sobre sistema de gesti\u00f3n<\/li>\n\n\n\n<li>Programa de los talleres y charlas de capacitaci\u00f3n y asesoramiento<\/li>\n\n\n\n<li>Informe de evaluaci\u00f3n parcial del proyecto<\/li>\n\n\n\n<li>Cantidad de talleres de capacitaci\u00f3n realizados en relaci\u00f3n a los programados.<\/li>\n\n\n\n<li>Cantidad de talleres de asesoramiento para el desarrollo del sistema de gesti\u00f3n del<\/li>\n\n\n\n<li>Banco de alimentos realizados en relaci\u00f3n a los programados<\/li>\n\n\n\n<li>Incremento en los alimentos recibidos por comedor<\/li>\n\n\n\n<li>Cantidad de empresas que se convierten en donantes a partir de conocer el proyecto<\/li>\n\n\n\n<li>Informe de evaluaci\u00f3n final del proyecto<\/li>\n<\/ul>\n\n\n\n<p>Se espera con la evaluaci\u00f3n de avance y finalizaci\u00f3n del proyecto, revisar la situaci\u00f3n establecida como punto de partida, analizar la viabilidad de las acciones que se propusieron y si fue posible o no realizarlas, c\u00f3mo y porqu\u00e9, e indagar sobre los efectos esperados y los inesperados registrados a lo largo de la implementaci\u00f3n del proyecto.<br>Se plantea una evaluaci\u00f3n de proceso, donde se puede ir obteniendo informaci\u00f3n sobre las actividades programadas, incorporar elementos que no se consideraron originalmente al momento de planificar y, adem\u00e1s, una oportunidad para comprobar la capacidad de trabajo en equipo y c\u00f3mo se desenvuelven los alumnos en tanto futuros profesionales el compromiso con que asumen las tareas y con la realidad del entorno social en el que habitan. Por ello es preciso, desde el reconocimiento del compromiso asumido por los alumnos, evaluar el cumplimiento de las tareas contempladas. Se debe profundizar en el an\u00e1lisis de las actividades, su gesti\u00f3n, los procesos institucionales implicados, los resultados y su impacto.<br>Asimismo, se prev\u00e9 la consulta y an\u00e1lisis con todos los actores involucrados en el desarrollo del proyecto o que hayan participado a trav\u00e9s de entrevistas y encuestas o encuentros, y en particular a los participantes de los talleres de capacitaci\u00f3n y asesoramiento, dado que se espera verificar el impacto de los mismos en su proceso de comprensi\u00f3n y formaci\u00f3n.<br>De este modo construir una cultura institucional que revise sus pr\u00e1cticas y a partir de all\u00ed genere estrategias de mejora permanente de sus acciones y proyectos institucionales. Este proceso tendr\u00e1 como finalidad generar una sinergia institucional que permita entender que la evaluaci\u00f3n conseguida conforma un proceso de mejora en s\u00ed mismo.<\/p>\n","protected":false},"excerpt":{"rendered":"<p>Instituci\u00f3n Copart\u00edcipe:&nbsp;Agrupaci\u00f3n 3 de Agosto \u2013 520 bis N\u00b0708 Presupuesto:&nbsp;$8000.- Duraci\u00f3n:&nbsp;12 meses. Estado del Proyecto de Extensi\u00f3n:&nbsp;FINALIZADO (febrero 2015) 1. Informaci\u00f3n General del Proyecto 1.1 Actividad Extensi\u00f3n social 1.2. Denominaci\u00f3n del ProyectoBANCO DE ALIMENTOS QUEQU\u00c9N. Facilitando la tarea en la lucha contra la desnutrici\u00f3n. 1.3. Palabras clavesAlimentaci\u00f3n, Responsabilidad Social Empresaria (RSE), Transparencia, Log\u00edstica, Formaci\u00f3n. 1.4. &hellip;<\/p>\n<p class=\"read-more\"> <a class=\"\" href=\"https:\/\/www.quequen.unicen.edu.ar\/?page_id=3527\"> <span class=\"screen-reader-text\">Banco de Alimentos (2015)<\/span> Leer m\u00e1s &raquo;<\/a><\/p>\n","protected":false},"author":1,"featured_media":0,"parent":0,"menu_order":0,"comment_status":"closed","ping_status":"closed","template":"","meta":{"_uag_custom_page_level_css":"","site-sidebar-layout":"default","site-content-layout":"default","ast-global-header-display":"","ast-banner-title-visibility":"","ast-main-header-display":"","ast-hfb-above-header-display":"","ast-hfb-below-header-display":"","ast-hfb-mobile-header-display":"","site-post-title":"","ast-breadcrumbs-content":"","ast-featured-img":"","footer-sml-layout":"","theme-transparent-header-meta":"","adv-header-id-meta":"","stick-header-meta":"","header-above-stick-meta":"","header-main-stick-meta":"","header-below-stick-meta":"","footnotes":""},"class_list":["post-3527","page","type-page","status-publish","hentry"],"uagb_featured_image_src":{"full":false,"thumbnail":false,"medium":false,"medium_large":false,"large":false,"news_plugin_small":false,"1536x1536":false,"2048x2048":false},"uagb_author_info":{"display_name":"admin","author_link":"https:\/\/www.quequen.unicen.edu.ar\/?author=1"},"uagb_comment_info":0,"uagb_excerpt":"Instituci\u00f3n Copart\u00edcipe:&nbsp;Agrupaci\u00f3n 3 de Agosto \u2013 520 bis N\u00b0708 Presupuesto:&nbsp;$8000.- Duraci\u00f3n:&nbsp;12 meses. Estado del Proyecto de Extensi\u00f3n:&nbsp;FINALIZADO (febrero 2015) 1. Informaci\u00f3n General del Proyecto 1.1 Actividad Extensi\u00f3n social 1.2. Denominaci\u00f3n del ProyectoBANCO DE ALIMENTOS QUEQU\u00c9N. Facilitando la tarea en la lucha contra la desnutrici\u00f3n. 1.3. Palabras clavesAlimentaci\u00f3n, Responsabilidad Social Empresaria (RSE), Transparencia, Log\u00edstica, Formaci\u00f3n. 1.4.&hellip;","_links":{"self":[{"href":"https:\/\/www.quequen.unicen.edu.ar\/index.php?rest_route=\/wp\/v2\/pages\/3527","targetHints":{"allow":["GET"]}}],"collection":[{"href":"https:\/\/www.quequen.unicen.edu.ar\/index.php?rest_route=\/wp\/v2\/pages"}],"about":[{"href":"https:\/\/www.quequen.unicen.edu.ar\/index.php?rest_route=\/wp\/v2\/types\/page"}],"author":[{"embeddable":true,"href":"https:\/\/www.quequen.unicen.edu.ar\/index.php?rest_route=\/wp\/v2\/users\/1"}],"replies":[{"embeddable":true,"href":"https:\/\/www.quequen.unicen.edu.ar\/index.php?rest_route=%2Fwp%2Fv2%2Fcomments&post=3527"}],"version-history":[{"count":3,"href":"https:\/\/www.quequen.unicen.edu.ar\/index.php?rest_route=\/wp\/v2\/pages\/3527\/revisions"}],"predecessor-version":[{"id":3843,"href":"https:\/\/www.quequen.unicen.edu.ar\/index.php?rest_route=\/wp\/v2\/pages\/3527\/revisions\/3843"}],"wp:attachment":[{"href":"https:\/\/www.quequen.unicen.edu.ar\/index.php?rest_route=%2Fwp%2Fv2%2Fmedia&parent=3527"}],"curies":[{"name":"wp","href":"https:\/\/api.w.org\/{rel}","templated":true}]}}