{"id":3542,"date":"2024-04-15T11:52:16","date_gmt":"2024-04-15T11:52:16","guid":{"rendered":"https:\/\/webquequen.nuevo.unicen.edu.ar\/?page_id=3542"},"modified":"2024-07-08T22:56:29","modified_gmt":"2024-07-08T22:56:29","slug":"extension","status":"publish","type":"page","link":"https:\/\/www.quequen.unicen.edu.ar\/?page_id=3542","title":{"rendered":"Extensi\u00f3n"},"content":{"rendered":"\n<p>La Universidad desarrolla la extensi\u00f3n cultural con el objeto de difundir y promover los distintos aspectos de la cultura tendiendo a consolidar la relaci\u00f3n entre la Universidad y el resto de la comunidad, mediante su acci\u00f3n y con los recursos a su alcance.\u201d<br><em>Art\u00edculo 102\u00ba \u2013 Estatuto de la UNICEN<\/em><\/p>\n\n\n\n<p>\u201cLa Universidad coopera, con los medios a su alcance, al mejoramiento tanto de la colectividad como del individuo, estimulando todas aquellas actividades que contribuyan especialmente a ello.\u201d<br><em>Art\u00edculo 103\u00ba \u2013 Estatuto de la UNICEN<\/em><\/p>\n\n\n\n<div class=\"wp-block-uagb-container uagb-block-8fbcfe4b alignfull uagb-is-root-container\"><div class=\"uagb-container-inner-blocks-wrap\">\n<div class=\"wp-block-uagb-container uagb-block-9ab71a7f\">\n<div class=\"wp-block-columns are-vertically-aligned-top is-layout-flex wp-container-core-columns-is-layout-28f84493 wp-block-columns-is-layout-flex\">\n<div class=\"wp-block-column is-vertically-aligned-top is-layout-flow wp-block-column-is-layout-flow\" style=\"flex-basis:100%\">\n<div class=\"wp-block-uagb-info-box uagb-block-ea72eccf uagb-infobox__content-wrap  uagb-infobox_cta-type-all uagb-infobox-icon-above-title uagb-infobox-image-valign-top\"><a href=\"https:\/\/www.quequen.unicen.edu.ar\/?page_id=3514\" class=\"uagb-infobox-link-wrap uagb-infbox__link-to-all\" target=\"_self\" aria-label=\"Infobox Link\" rel=\"noopener noreferrer\" onclick=\"return true;\"><\/a><div class=\"uagb-ifb-content\"><div class=\"uagb-ifb-icon-wrap\"><svg xmlns=\"https:\/\/www.w3.org\/2000\/svg\" viewBox=\"0 0 640 512\"><path d=\"M128 96h384v256h64V80C576 53.63 554.4 32 528 32h-416C85.63 32 64 53.63 64 80V352h64V96zM624 384h-608C7.25 384 0 391.3 0 400V416c0 35.25 28.75 64 64 64h512c35.25 0 64-28.75 64-64v-16C640 391.3 632.8 384 624 384zM365.9 286.2C369.8 290.1 374.9 292 380 292s10.23-1.938 14.14-5.844l48-48c7.812-7.813 7.812-20.5 0-28.31l-48-48c-7.812-7.813-20.47-7.813-28.28 0c-7.812 7.813-7.812 20.5 0 28.31l33.86 33.84l-33.86 33.84C358 265.7 358 278.4 365.9 286.2zM274.1 161.9c-7.812-7.813-20.47-7.813-28.28 0l-48 48c-7.812 7.813-7.812 20.5 0 28.31l48 48C249.8 290.1 254.9 292 260 292s10.23-1.938 14.14-5.844c7.812-7.813 7.812-20.5 0-28.31L240.3 224l33.86-33.84C281.1 182.4 281.1 169.7 274.1 161.9z\"><\/path><\/svg><\/div><div class=\"uagb-ifb-title-wrap\"><h6 class=\"uagb-ifb-title\">PSE<br>Comisi\u00f3n de Evaluaci\u00f3n <br>Seguimiento<\/h6><\/div><div class=\"uagb-ifb-button-wrapper wp-block-button\"><\/div><\/div><\/div>\n<\/div>\n<\/div>\n<\/div>\n\n\n\n<div class=\"wp-block-uagb-container uagb-block-84189dbd\">\n<div class=\"wp-block-columns is-layout-flex wp-container-core-columns-is-layout-28f84493 wp-block-columns-is-layout-flex\">\n<div class=\"wp-block-column is-layout-flow wp-block-column-is-layout-flow\" style=\"flex-basis:100%\">\n<div class=\"wp-block-columns is-layout-flex wp-container-core-columns-is-layout-28f84493 wp-block-columns-is-layout-flex\">\n<div class=\"wp-block-column is-layout-flow wp-block-column-is-layout-flow\" style=\"flex-basis:100%\"><\/div>\n<\/div>\n<\/div>\n<\/div>\n<\/div>\n\n\n\n<div class=\"wp-block-uagb-container uagb-block-afc2922c\">\n<div class=\"wp-block-columns is-layout-flex wp-container-core-columns-is-layout-28f84493 wp-block-columns-is-layout-flex\">\n<div class=\"wp-block-column is-layout-flow wp-block-column-is-layout-flow\" style=\"flex-basis:100%\"><\/div>\n<\/div>\n<\/div>\n<\/div><\/div>\n","protected":false},"excerpt":{"rendered":"<p>La Universidad desarrolla la extensi\u00f3n cultural con el objeto de difundir y promover los distintos aspectos de la cultura tendiendo a consolidar la relaci\u00f3n entre la Universidad y el resto de la comunidad, mediante su acci\u00f3n y con los recursos a su alcance.\u201dArt\u00edculo 102\u00ba \u2013 Estatuto de la UNICEN \u201cLa Universidad coopera, con los medios &hellip;<\/p>\n<p class=\"read-more\"> <a class=\"\" href=\"https:\/\/www.quequen.unicen.edu.ar\/?page_id=3542\"> <span class=\"screen-reader-text\">Extensi\u00f3n<\/span> Leer m\u00e1s &raquo;<\/a><\/p>\n","protected":false},"author":1,"featured_media":0,"parent":0,"menu_order":0,"comment_status":"closed","ping_status":"closed","template":"","meta":{"_uag_custom_page_level_css":"","site-sidebar-layout":"default","site-content-layout":"default","ast-global-header-display":"","ast-banner-title-visibility":"","ast-main-header-display":"","ast-hfb-above-header-display":"","ast-hfb-below-header-display":"","ast-hfb-mobile-header-display":"","site-post-title":"","ast-breadcrumbs-content":"","ast-featured-img":"","footer-sml-layout":"","theme-transparent-header-meta":"","adv-header-id-meta":"","stick-header-meta":"","header-above-stick-meta":"","header-main-stick-meta":"","header-below-stick-meta":"","footnotes":""},"class_list":["post-3542","page","type-page","status-publish","hentry"],"uagb_featured_image_src":{"full":false,"thumbnail":false,"medium":false,"medium_large":false,"large":false,"news_plugin_small":false,"1536x1536":false,"2048x2048":false},"uagb_author_info":{"display_name":"admin","author_link":"https:\/\/www.quequen.unicen.edu.ar\/?author=1"},"uagb_comment_info":0,"uagb_excerpt":"La Universidad desarrolla la extensi\u00f3n cultural con el objeto de difundir y promover los distintos aspectos de la cultura tendiendo a consolidar la relaci\u00f3n entre la Universidad y el resto de la comunidad, mediante su acci\u00f3n y con los recursos a su alcance.\u201dArt\u00edculo 102\u00ba \u2013 Estatuto de la UNICEN \u201cLa Universidad coopera, con los medios&hellip;","_links":{"self":[{"href":"https:\/\/www.quequen.unicen.edu.ar\/index.php?rest_route=\/wp\/v2\/pages\/3542","targetHints":{"allow":["GET"]}}],"collection":[{"href":"https:\/\/www.quequen.unicen.edu.ar\/index.php?rest_route=\/wp\/v2\/pages"}],"about":[{"href":"https:\/\/www.quequen.unicen.edu.ar\/index.php?rest_route=\/wp\/v2\/types\/page"}],"author":[{"embeddable":true,"href":"https:\/\/www.quequen.unicen.edu.ar\/index.php?rest_route=\/wp\/v2\/users\/1"}],"replies":[{"embeddable":true,"href":"https:\/\/www.quequen.unicen.edu.ar\/index.php?rest_route=%2Fwp%2Fv2%2Fcomments&post=3542"}],"version-history":[{"count":4,"href":"https:\/\/www.quequen.unicen.edu.ar\/index.php?rest_route=\/wp\/v2\/pages\/3542\/revisions"}],"predecessor-version":[{"id":3995,"href":"https:\/\/www.quequen.unicen.edu.ar\/index.php?rest_route=\/wp\/v2\/pages\/3542\/revisions\/3995"}],"wp:attachment":[{"href":"https:\/\/www.quequen.unicen.edu.ar\/index.php?rest_route=%2Fwp%2Fv2%2Fmedia&parent=3542"}],"curies":[{"name":"wp","href":"https:\/\/api.w.org\/{rel}","templated":true}]}}