{"id":3711,"date":"2024-04-19T22:34:35","date_gmt":"2024-04-19T22:34:35","guid":{"rendered":"https:\/\/webquequen.nuevo.unicen.edu.ar\/?page_id=3711"},"modified":"2024-08-22T15:30:43","modified_gmt":"2024-08-22T15:30:43","slug":"taller-de-quimica","status":"publish","type":"page","link":"https:\/\/www.quequen.unicen.edu.ar\/?page_id=3711","title":{"rendered":"Taller Preuniversitario de Qu\u00edmica"},"content":{"rendered":"\n<figure class=\"wp-block-image aligncenter size-full is-resized\"><img loading=\"lazy\" decoding=\"async\" width=\"1414\" height=\"2000\" src=\"https:\/\/www.quequen.unicen.edu.ar\/wp-content\/uploads\/2024\/08\/Taller-de-Quimica-2024-1.png\" alt=\"\" class=\"wp-image-4174\" style=\"width:395px;height:auto\" srcset=\"https:\/\/www.quequen.unicen.edu.ar\/wp-content\/uploads\/2024\/08\/Taller-de-Quimica-2024-1.png 1414w, https:\/\/www.quequen.unicen.edu.ar\/wp-content\/uploads\/2024\/08\/Taller-de-Quimica-2024-1-212x300.png 212w, https:\/\/www.quequen.unicen.edu.ar\/wp-content\/uploads\/2024\/08\/Taller-de-Quimica-2024-1-724x1024.png 724w, https:\/\/www.quequen.unicen.edu.ar\/wp-content\/uploads\/2024\/08\/Taller-de-Quimica-2024-1-768x1086.png 768w, https:\/\/www.quequen.unicen.edu.ar\/wp-content\/uploads\/2024\/08\/Taller-de-Quimica-2024-1-1086x1536.png 1086w\" sizes=\"auto, (max-width: 1414px) 100vw, 1414px\" \/><\/figure>\n\n\n\n<p>\u00a1Descubre tu pasi\u00f3n por la ciencia en UNICEN!<\/p>\n\n\n\n<p>\u00bfEst\u00e1s listo para embarcarte en el fascinante mundo de la ingenier\u00eda o las ciencias de la salud? \u00a1Entonces este taller es para vos!<\/p>\n\n\n\n<p>\ud83d\udd2c Taller de Qu\u00edmica Gratuito<\/p>\n\n\n\n<p>\ud83d\udcc5 Inicio: 3 de Septiembre 2024<\/p>\n\n\n\n<p>\ud83d\udd53 Horario: Martes, 16:00 &#8211; 19:00<\/p>\n\n\n\n<p>\ud83c\udfeb Sede: UNICEN Quequ\u00e9n, 508 851<\/p>\n\n\n\n<p>\u00a1Aprend\u00e9 con nosotros y preparate para tus futuros desaf\u00edos acad\u00e9micos! Este taller es compatible con los ingresos a diversas universidades.<\/p>\n\n\n\n<p>\u00a1Inscr\u00edbete ahora! \ud83d\udce7 alumnos@quequen.unicen.edu.ar<\/p>\n\n\n\n<p>&nbsp;\u00a1Te esperamos !<\/p>\n","protected":false},"excerpt":{"rendered":"<p>\u00a1Descubre tu pasi\u00f3n por la ciencia en UNICEN! \u00bfEst\u00e1s listo para embarcarte en el fascinante mundo de la ingenier\u00eda o las ciencias de la salud? \u00a1Entonces este taller es para vos! \ud83d\udd2c Taller de Qu\u00edmica Gratuito \ud83d\udcc5 Inicio: 3 de Septiembre 2024 \ud83d\udd53 Horario: Martes, 16:00 &#8211; 19:00 \ud83c\udfeb Sede: UNICEN Quequ\u00e9n, 508 851 \u00a1Aprend\u00e9 &hellip;<\/p>\n<p class=\"read-more\"> <a class=\"\" href=\"https:\/\/www.quequen.unicen.edu.ar\/?page_id=3711\"> <span class=\"screen-reader-text\">Taller Preuniversitario de Qu\u00edmica<\/span> Leer m\u00e1s &raquo;<\/a><\/p>\n","protected":false},"author":1,"featured_media":0,"parent":0,"menu_order":0,"comment_status":"closed","ping_status":"closed","template":"","meta":{"_uag_custom_page_level_css":"","site-sidebar-layout":"default","site-content-layout":"default","ast-global-header-display":"","ast-banner-title-visibility":"","ast-main-header-display":"","ast-hfb-above-header-display":"","ast-hfb-below-header-display":"","ast-hfb-mobile-header-display":"","site-post-title":"","ast-breadcrumbs-content":"","ast-featured-img":"","footer-sml-layout":"","theme-transparent-header-meta":"","adv-header-id-meta":"","stick-header-meta":"","header-above-stick-meta":"","header-main-stick-meta":"","header-below-stick-meta":"","footnotes":""},"class_list":["post-3711","page","type-page","status-publish","hentry"],"uagb_featured_image_src":{"full":false,"thumbnail":false,"medium":false,"medium_large":false,"large":false,"news_plugin_small":false,"1536x1536":false,"2048x2048":false},"uagb_author_info":{"display_name":"admin","author_link":"https:\/\/www.quequen.unicen.edu.ar\/?author=1"},"uagb_comment_info":0,"uagb_excerpt":"\u00a1Descubre tu pasi\u00f3n por la ciencia en UNICEN! \u00bfEst\u00e1s listo para embarcarte en el fascinante mundo de la ingenier\u00eda o las ciencias de la salud? \u00a1Entonces este taller es para vos! \ud83d\udd2c Taller de Qu\u00edmica Gratuito \ud83d\udcc5 Inicio: 3 de Septiembre 2024 \ud83d\udd53 Horario: Martes, 16:00 &#8211; 19:00 \ud83c\udfeb Sede: UNICEN Quequ\u00e9n, 508 851 \u00a1Aprend\u00e9&hellip;","_links":{"self":[{"href":"https:\/\/www.quequen.unicen.edu.ar\/index.php?rest_route=\/wp\/v2\/pages\/3711","targetHints":{"allow":["GET"]}}],"collection":[{"href":"https:\/\/www.quequen.unicen.edu.ar\/index.php?rest_route=\/wp\/v2\/pages"}],"about":[{"href":"https:\/\/www.quequen.unicen.edu.ar\/index.php?rest_route=\/wp\/v2\/types\/page"}],"author":[{"embeddable":true,"href":"https:\/\/www.quequen.unicen.edu.ar\/index.php?rest_route=\/wp\/v2\/users\/1"}],"replies":[{"embeddable":true,"href":"https:\/\/www.quequen.unicen.edu.ar\/index.php?rest_route=%2Fwp%2Fv2%2Fcomments&post=3711"}],"version-history":[{"count":4,"href":"https:\/\/www.quequen.unicen.edu.ar\/index.php?rest_route=\/wp\/v2\/pages\/3711\/revisions"}],"predecessor-version":[{"id":4176,"href":"https:\/\/www.quequen.unicen.edu.ar\/index.php?rest_route=\/wp\/v2\/pages\/3711\/revisions\/4176"}],"wp:attachment":[{"href":"https:\/\/www.quequen.unicen.edu.ar\/index.php?rest_route=%2Fwp%2Fv2%2Fmedia&parent=3711"}],"curies":[{"name":"wp","href":"https:\/\/api.w.org\/{rel}","templated":true}]}}