{"id":3930,"date":"2024-07-05T10:37:49","date_gmt":"2024-07-05T10:37:49","guid":{"rendered":"https:\/\/www.quequen.unicen.edu.ar\/?page_id=3930"},"modified":"2024-07-08T22:44:43","modified_gmt":"2024-07-08T22:44:43","slug":"conversatorio-sobre-conflicto-ciudadania-y-convivencia-democratica","status":"publish","type":"page","link":"https:\/\/www.quequen.unicen.edu.ar\/?page_id=3930","title":{"rendered":"Conversatorio sobre conflicto, ciudadan\u00eda y convivencia democr\u00e1tica"},"content":{"rendered":"\n<p><strong>a realizarse el 11 de julio pr\u00f3ximo en el Centro Cultural de Necochea<\/strong><\/p>\n\n\n\n<figure class=\"wp-block-image aligncenter size-full is-resized\"><img loading=\"lazy\" decoding=\"async\" width=\"1000\" height=\"1002\" src=\"https:\/\/www.quequen.unicen.edu.ar\/wp-content\/uploads\/2024\/07\/Flyer-Conversatorio-Diplomatura-por-la-Paz.jpg\" alt=\"\" class=\"wp-image-3977\" style=\"width:633px;height:auto\" srcset=\"https:\/\/www.quequen.unicen.edu.ar\/wp-content\/uploads\/2024\/07\/Flyer-Conversatorio-Diplomatura-por-la-Paz.jpg 1000w, https:\/\/www.quequen.unicen.edu.ar\/wp-content\/uploads\/2024\/07\/Flyer-Conversatorio-Diplomatura-por-la-Paz-300x300.jpg 300w, https:\/\/www.quequen.unicen.edu.ar\/wp-content\/uploads\/2024\/07\/Flyer-Conversatorio-Diplomatura-por-la-Paz-150x150.jpg 150w, https:\/\/www.quequen.unicen.edu.ar\/wp-content\/uploads\/2024\/07\/Flyer-Conversatorio-Diplomatura-por-la-Paz-768x770.jpg 768w, https:\/\/www.quequen.unicen.edu.ar\/wp-content\/uploads\/2024\/07\/Flyer-Conversatorio-Diplomatura-por-la-Paz-700x700.jpg 700w\" sizes=\"auto, (max-width: 1000px) 100vw, 1000px\" \/><\/figure>\n\n\n\n<p>En el marco de los 10 a\u00f1os de la apertura de la <em>Diplomatura Universitaria en Educaci\u00f3n para la Paz y el Abordaje de la Conflictividad Social<\/em>y el lanzamiento de esta propuesta en modalidad virtual, que dictan en conjunto la Facultad de Ciencias Sociales y la Sede Quequ\u00e9n de la UNICEN, se realizar\u00e1 la semana entrante, el conversatorio \u201c<strong>Conflicto, ciudadan\u00eda y convivencia democr\u00e1tica en una sociedad convulsionada\u201d.<\/strong><\/p>\n\n\n\n<p>La charla estar\u00e1 a cargo del Dr. Alejandro Nato (DPN), especialista internacional en conflictos y el Dr. Juan Pablo Matta (UNICEN-CONICET), antrop\u00f3logo especializado en el estudio del conflicto. El evento es organizado por la Diplomatura, el Grupo de Estudios Socioculturales del Conflicto, la C\u00e1tedra Abierta Alfredo Marcenac, la Facultad de Ciencias Sociales y la Sede Quequ\u00e9n de la UNICEN.<\/p>\n\n\n\n<p>La conflictividad social que frecuentemente deriva en violencia, no s\u00f3lo preocupa a los funcionarios y pol\u00edticos encargados de garantizar la convivencia democr\u00e1tica, sino a toda la ciudadan\u00eda que vive atravesada por m\u00faltiples situaciones de confrontaci\u00f3n y disputa que no encuentran v\u00edas adecuadas para su tratamiento. La creciente debilidad de las instituciones para gestionar esta conflictividad y la naturalizaci\u00f3n de la violencia como forma culturalmente aceptada para dirimir los conflictos, tienen un fuerte impacto en las realidades socioculturales contempor\u00e1neas, generando malestar, impotencia, temor al otro e incapacidad para construir las relaciones de confianza y solidaridad colectivas que el mundo actual requiere.<\/p>\n\n\n\n<p>Entendemos que el conversatorio representa una excelente oportunidad para reflexionar y debatir comunitariamente sobre estos problemas.<\/p>\n\n\n\n<p><strong>Detalles del Evento<\/strong>:<\/p>\n\n\n\n<p>&#8211; Fecha y Hora: 11 de julio a las 18:00<\/p>\n\n\n\n<p>&#8211; Lugar: Centro Cultural de Necochea \u2013 Calle 54&nbsp; N\u00b0 3062<\/p>\n\n\n\n<p>&#8211; Modalidad: Conversatorio, en el que el Dr. Juan Pablo Matta entrevistar\u00e1 al Dr. Alejandro Nat\u00f3 frente al p\u00fablico. Tambi\u00e9n habr\u00e1 un espacio de preguntas para el p\u00fablico.<\/p>\n\n\n\n<p>Acceso: <strong>libre y gratuito<\/strong>. Se solicita a los concurrentes <strong>el aporte de un alimento no perecedero<\/strong> que se sumar\u00e1n a la colecta Actitud Solidaria, que organiza la Radio K2 de Necochea.<\/p>\n\n\n\n<h2 class=\"wp-block-heading has-medium-font-size\"><strong><a href=\"https:\/\/www.quequen.unicen.edu.ar\/?page_id=3165\" data-type=\"link\" data-id=\"https:\/\/www.quequen.unicen.edu.ar\/?page_id=3165\">Diplomatura Universitaria en Educaci\u00f3n para la Paz y el abordaje de la Conflictividad Social<\/a><\/strong><\/h2>\n","protected":false},"excerpt":{"rendered":"<p>a realizarse el 11 de julio pr\u00f3ximo en el Centro Cultural de Necochea En el marco de los 10 a\u00f1os de la apertura de la Diplomatura Universitaria en Educaci\u00f3n para la Paz y el Abordaje de la Conflictividad Socialy el lanzamiento de esta propuesta en modalidad virtual, que dictan en conjunto la Facultad de Ciencias &hellip;<\/p>\n<p class=\"read-more\"> <a class=\"\" href=\"https:\/\/www.quequen.unicen.edu.ar\/?page_id=3930\"> <span class=\"screen-reader-text\">Conversatorio sobre conflicto, ciudadan\u00eda y convivencia democr\u00e1tica<\/span> Leer m\u00e1s &raquo;<\/a><\/p>\n","protected":false},"author":1,"featured_media":0,"parent":0,"menu_order":0,"comment_status":"closed","ping_status":"closed","template":"","meta":{"_uag_custom_page_level_css":"","site-sidebar-layout":"default","site-content-layout":"default","ast-global-header-display":"","ast-banner-title-visibility":"","ast-main-header-display":"","ast-hfb-above-header-display":"","ast-hfb-below-header-display":"","ast-hfb-mobile-header-display":"","site-post-title":"","ast-breadcrumbs-content":"","ast-featured-img":"","footer-sml-layout":"","theme-transparent-header-meta":"","adv-header-id-meta":"","stick-header-meta":"","header-above-stick-meta":"","header-main-stick-meta":"","header-below-stick-meta":"","footnotes":""},"class_list":["post-3930","page","type-page","status-publish","hentry"],"uagb_featured_image_src":{"full":false,"thumbnail":false,"medium":false,"medium_large":false,"large":false,"news_plugin_small":false,"1536x1536":false,"2048x2048":false},"uagb_author_info":{"display_name":"admin","author_link":"https:\/\/www.quequen.unicen.edu.ar\/?author=1"},"uagb_comment_info":0,"uagb_excerpt":"a realizarse el 11 de julio pr\u00f3ximo en el Centro Cultural de Necochea En el marco de los 10 a\u00f1os de la apertura de la Diplomatura Universitaria en Educaci\u00f3n para la Paz y el Abordaje de la Conflictividad Socialy el lanzamiento de esta propuesta en modalidad virtual, que dictan en conjunto la Facultad de Ciencias&hellip;","_links":{"self":[{"href":"https:\/\/www.quequen.unicen.edu.ar\/index.php?rest_route=\/wp\/v2\/pages\/3930","targetHints":{"allow":["GET"]}}],"collection":[{"href":"https:\/\/www.quequen.unicen.edu.ar\/index.php?rest_route=\/wp\/v2\/pages"}],"about":[{"href":"https:\/\/www.quequen.unicen.edu.ar\/index.php?rest_route=\/wp\/v2\/types\/page"}],"author":[{"embeddable":true,"href":"https:\/\/www.quequen.unicen.edu.ar\/index.php?rest_route=\/wp\/v2\/users\/1"}],"replies":[{"embeddable":true,"href":"https:\/\/www.quequen.unicen.edu.ar\/index.php?rest_route=%2Fwp%2Fv2%2Fcomments&post=3930"}],"version-history":[{"count":6,"href":"https:\/\/www.quequen.unicen.edu.ar\/index.php?rest_route=\/wp\/v2\/pages\/3930\/revisions"}],"predecessor-version":[{"id":3979,"href":"https:\/\/www.quequen.unicen.edu.ar\/index.php?rest_route=\/wp\/v2\/pages\/3930\/revisions\/3979"}],"wp:attachment":[{"href":"https:\/\/www.quequen.unicen.edu.ar\/index.php?rest_route=%2Fwp%2Fv2%2Fmedia&parent=3930"}],"curies":[{"name":"wp","href":"https:\/\/api.w.org\/{rel}","templated":true}]}}