{"id":4293,"date":"2024-11-25T20:01:58","date_gmt":"2024-11-25T20:01:58","guid":{"rendered":"https:\/\/www.quequen.unicen.edu.ar\/?page_id=4293"},"modified":"2026-02-25T18:57:03","modified_gmt":"2026-02-25T18:57:03","slug":"tecnicatura-universitaria-en-equipamiento-agroindustrial","status":"publish","type":"page","link":"https:\/\/www.quequen.unicen.edu.ar\/?page_id=4293","title":{"rendered":"Tecnicatura Universitaria en Equipamiento Agroindustrial"},"content":{"rendered":"\n<div class=\"wp-block-uagb-tabs uagb-block-8633fa72 uagb-tabs__wrap uagb-tabs__hstyle1-desktop uagb-tabs__vstyle6-tablet uagb-tabs__stack1-mobile\" data-tab-active=\"0\"><ul class=\"uagb-tabs__panel uagb-tabs__align-left\" role=\"tablist\"><li class=\"uagb-tab uagb-tabs__active\" role=\"none\"><a href=\"#uagb-tabs__tab0\" class=\"uagb-tabs-list uagb-tabs__icon-position-left\" data-tab=\"0\" role=\"tab\"><div>Descripci\u00f3n<\/div><\/a><\/li><li class=\"uagb-tab \" role=\"none\"><a href=\"#uagb-tabs__tab1\" class=\"uagb-tabs-list uagb-tabs__icon-position-left\" data-tab=\"1\" role=\"tab\"><div>Perfil<\/div><\/a><\/li><li class=\"uagb-tab \" role=\"none\"><a href=\"#uagb-tabs__tab2\" class=\"uagb-tabs-list uagb-tabs__icon-position-left\" data-tab=\"2\" role=\"tab\"><div>Alcance del T\u00edtulo<\/div><\/a><\/li><li class=\"uagb-tab \" role=\"none\"><a href=\"#uagb-tabs__tab3\" class=\"uagb-tabs-list uagb-tabs__icon-position-left\" data-tab=\"3\" role=\"tab\"><div>Plan de Estudios<\/div><\/a><\/li><li class=\"uagb-tab \" role=\"none\"><a href=\"#uagb-tabs__tab4\" class=\"uagb-tabs-list uagb-tabs__icon-position-left\" data-tab=\"4\" role=\"tab\"><div>Contenidos M\u00ednimos<\/div><\/a><\/li><\/ul><div class=\"uagb-tabs__body-wrap\">\n<div class=\"wp-block-uagb-tabs-child uagb-tabs__body-container uagb-inner-tab-0\" aria-labelledby=\"uagb-tabs__tab0\">\n<div class=\"wp-block-columns is-layout-flex wp-container-core-columns-is-layout-28f84493 wp-block-columns-is-layout-flex\">\n<div class=\"wp-block-column is-vertically-aligned-center is-layout-flow wp-block-column-is-layout-flow\" style=\"flex-basis:70%\">\n<div class=\"inherit-container-width wp-block-group alignfull is-layout-constrained wp-block-group-is-layout-constrained\">\n<h4 class=\"wp-block-heading alignwide\">Modalidad: Presencial<\/h4>\n\n\n\n<h4 class=\"wp-block-heading\">Nivel: Pregrado<\/h4>\n\n\n\n<h4 class=\"wp-block-heading\">Duraci\u00f3n: 3 a\u00f1os<\/h4>\n<\/div>\n<\/div>\n\n\n\n<div class=\"wp-block-column is-layout-flow wp-block-column-is-layout-flow\" style=\"flex-basis:30%\"><\/div>\n<\/div>\n\n\n\n<div class=\"wp-block-uagb-separator uagb-block-3199f7c3\"><div class=\"wp-block-uagb-separator__inner\" style=\"--my-background-image:\"><\/div><\/div>\n\n\n\n<h4 class=\"wp-block-heading alignfull has-ast-global-color-0-color has-text-color has-link-color wp-elements-f9fe93d7a95d34580128719761ba08d0\">\u00bfPor qu\u00e9 TUEA?<\/h4>\n\n\n\n<p>Los avances producidos en el mundo de la ciencia y de la tecnolog\u00eda se han reflejado en al \u00e1mbito de la econom\u00eda y el trabajo. El montaje, la operaci\u00f3n, al mantenimiento y la reparaci\u00f3n de equipamiento agroindustrial son actividades multidisciplinarias y de alto contenido tecnol\u00f3gico.<\/p>\n\n\n\n<p>En nuestra zona se ubican terminales portuarias dedicadas a la manipulaci\u00f3n y almacenamiento de productos primarios, numerosas plantas de acopio y acondicionamiento, as\u00ed como empresas dedicadas a la comercializaci\u00f3n asistencia t\u00e9cnica, montaje, mantenimiento y reparaci\u00f3n de equipamiento agroindustrial, conformando una importante fuente de empleo especializado.  <\/p>\n\n\n\n<p>El impacto de la transfromaci\u00f3n digital en los negocios y en la producci\u00f3n ha configurado nuevos perfiles en los puestos de trabajo para los que se requiere contar con el desarrollo de competencias especializadas. <\/p>\n\n\n\n<p>La cadena agroexportadora comprende m\u00faltiples actividades que se entrelazan en forma intrincada, estableciendo v\u00ednculos complejos.<\/p>\n\n\n\n<p>Esta tecnicatura busca dar respuestas a esta demanda del sector agroexportador considerando las caracter\u00edsticas y la din\u00e1mica que las actividades del sector presentan en estos tiempos. <\/p>\n\n\n\n<h2 class=\"wp-block-heading has-medium-font-size\">Ciclo Introductor<\/h2>\n\n\n\n<p>El ciclo introductor debe ser aprobado para cursar las materias de la tecnicatura. Para m\u00e1s detalle de correlatividades ver Plan de Estudios.<br><a href=\"https:\/\/www.quequen.unicen.edu.ar\/wp-content\/uploads\/2025\/01\/Cronograma-Curso-Introductorio-Feb-Mar-2025.pdf\" target=\"_blank\" rel=\"noreferrer noopener\">Cronograma y condiciones de acreditaci\u00f3n del Curso Introductor<\/a><\/p>\n\n\n\n<div class=\"wp-block-columns is-layout-flex wp-container-core-columns-is-layout-28f84493 wp-block-columns-is-layout-flex\">\n<div class=\"wp-block-column is-vertically-aligned-center is-layout-flow wp-block-column-is-layout-flow\" style=\"flex-basis:50%\">\n<div class=\"wp-block-uagb-image uagb-block-8116c3c4 wp-block-uagb-image--layout-default wp-block-uagb-image--effect-static wp-block-uagb-image--align-none\"><figure class=\"wp-block-uagb-image__figure\"><img decoding=\"async\"  sizes=\"auto, (max-width: 480px) 150px\" src=\"https:\/\/www.quequen.unicen.edu.ar\/wp-content\/uploads\/2025\/06\/tec-equipamiento-agroindustrial.png\" alt=\"\" width=\"1131\" height=\"1600\" title=\"Flyer TUEA\" loading=\"lazy\" role=\"img\"\/><\/figure><\/div>\n<\/div>\n\n\n\n<div class=\"wp-block-column is-vertically-aligned-center is-layout-flow wp-block-column-is-layout-flow\" style=\"flex-basis:50%\">\n<p class=\"has-text-align-left has-ast-global-color-0-color has-text-color has-link-color has-medium-font-size wp-elements-8ab964f3606607e139f957383ad8571e\"><a href=\"https:\/\/www.quequen.unicen.edu.ar\/?page_id=3017\" data-type=\"link\" data-id=\"https:\/\/www.quequen.unicen.edu.ar\/?page_id=3017\">Requisitos para Inscripci\u00f3n<\/a><\/p>\n\n\n\n<p>Inicio de Ciclo Introductor 9 de Febrero de 2026 <br>Lunes a Viernes de 16:30 a 20:00 PRESENCIAL<br><\/p>\n<\/div>\n<\/div>\n<\/div>\n\n\n\n<div class=\"wp-block-uagb-tabs-child uagb-tabs__body-container uagb-inner-tab-1\" aria-labelledby=\"uagb-tabs__tab1\">\n<div class=\"wp-block-columns is-layout-flex wp-container-core-columns-is-layout-28f84493 wp-block-columns-is-layout-flex\">\n<div class=\"wp-block-column is-layout-flow wp-block-column-is-layout-flow\" style=\"flex-basis:70%\">\n<p>El T\u00e9cnico Universitario en Equipamientos Agroindustriales tendr\u00e1 una formaci\u00f3n acad\u00e9mica y t\u00e9cnica que le permitir\u00e1, asumiendo un compromiso \u00e9tico y de responsabilidad social en el ejercicio de su profesi\u00f3n, desarrollarse en un entorno din\u00e1mico, donde herramientas como los sistemas digitales y las tecnolog\u00edas son piezas fundamentales para la aplicaci\u00f3n de las competencias y capacidades adquiridas durante el proceso formativo.&nbsp;<\/p>\n<\/div>\n\n\n\n<div class=\"wp-block-column is-layout-flow wp-block-column-is-layout-flow\" style=\"flex-basis:30%\"><\/div>\n<\/div>\n\n\n\n<p>El t\u00edtulo lo habilita para desempe\u00f1arse en \u00e1mbitos de producci\u00f3n, mantenimiento, desarrollo y gesti\u00f3n asociados a la agroindustria. Ser\u00e1 capaz de interpretar las estrategias surgidas de estamentos t\u00e9cnicos y jer\u00e1rquicos, de gestionar actividades espec\u00edficas, de ejecutarlas y controlarlas, teniendo en cuenta criterios de seguridad, impacto ambiental, relaciones humanas, calidad y productividad.<\/p>\n\n\n\n<p>Con una fuerte formaci\u00f3n b\u00e1sica el T\u00e9cnico Universitario en Equipamientos Agroindustriales estar\u00e1 s\u00f3lidamente formado y dotado de capacidades y aptitudes para desempe\u00f1arse en forma aut\u00f3noma y\/o en mandos medios de organizaciones empresariales.&nbsp;<\/p>\n\n\n\n<p>El T\u00e9cnico Universitario en Equipamientos Agroindustriales tiene competencia para desarrollarse en el campo de:<\/p>\n\n\n\n<ul class=\"wp-block-list\">\n<li>Supervisi\u00f3n de montaje de instalaciones agroindustriales&nbsp;<\/li>\n\n\n\n<li>Operaci\u00f3n de equipamientos agroindustriales.<\/li>\n\n\n\n<li>Mantenimiento de sistemas y equipos mec\u00e1nicos, hidr\u00e1ulicos, neum\u00e1ticos y el\u00e9ctricos.&nbsp;<\/li>\n\n\n\n<li>Selecci\u00f3n, presupuesto y adquisici\u00f3n de equipos en la ampliaci\u00f3n o reparaci\u00f3n de instalaciones.&nbsp;<\/li>\n\n\n\n<li>Gesti\u00f3n de la adquisici\u00f3n de materiales, insumos y servicios.<\/li>\n<\/ul>\n<\/div>\n\n\n\n<div class=\"wp-block-uagb-tabs-child uagb-tabs__body-container uagb-inner-tab-2\" aria-labelledby=\"uagb-tabs__tab2\">\n<div class=\"wp-block-columns is-layout-flex wp-container-core-columns-is-layout-28f84493 wp-block-columns-is-layout-flex\">\n<div class=\"wp-block-column is-vertically-aligned-center is-layout-flow wp-block-column-is-layout-flow\" style=\"flex-basis:70%\">\n<p>El T\u00e9cnico Universitario en Equipamientos Agroindustriales est\u00e1 capacitado para:&nbsp;<\/p>\n<\/div>\n\n\n\n<div class=\"wp-block-column is-layout-flow wp-block-column-is-layout-flow\" style=\"flex-basis:30%\"><\/div>\n<\/div>\n\n\n\n<ul class=\"wp-block-list\">\n<li>Identificar, operar y evaluar equipamientos, instalaciones y\/o tecnolog\u00edas asociadas a los procesos agroindustriales.<\/li>\n\n\n\n<li>Gestionar y ejecutar tareas para la concreci\u00f3n efectiva de proyectos de montaje, mantenimiento, calibraci\u00f3n y reparaci\u00f3n de equipamientos, instalaciones y\/o tecnolog\u00edas asociadas a los procesos agroindustriales.<\/li>\n\n\n\n<li>Controlar y gestionar la calidad de materiales, productos y servicios intervinientes en las tareas de operaci\u00f3n, montaje, mantenimiento y reparaci\u00f3n de equipamientos, instalaciones y\/o tecnolog\u00edas asociadas a los procesos agroindustriales.<\/li>\n\n\n\n<li>Facilitar la comunicaci\u00f3n interna de la organizaci\u00f3n propiciando la cooperaci\u00f3n y el trabajo en equipo, desarrollando su actividad t\u00e9cnico profesional de manera \u00e9tica y con compromiso social.<\/li>\n\n\n\n<li>Propiciar y velar por las condiciones de higiene, seguridad y cuidado del planeta establecidos en el marco del cumplimiento de los objetivos de desarrollo sostenible (ODS).<\/li>\n<\/ul>\n<\/div>\n\n\n\n<div class=\"wp-block-uagb-tabs-child uagb-tabs__body-container uagb-inner-tab-3\" aria-labelledby=\"uagb-tabs__tab3\">\n<div class=\"wp-block-columns is-layout-flex wp-container-core-columns-is-layout-28f84493 wp-block-columns-is-layout-flex\">\n<div class=\"wp-block-column is-vertically-aligned-center has-border-color has-ast-global-color-0-border-color is-layout-flow wp-block-column-is-layout-flow\" style=\"padding-top:var(--wp--preset--spacing--30);padding-right:var(--wp--preset--spacing--30);padding-bottom:var(--wp--preset--spacing--30);padding-left:var(--wp--preset--spacing--30);flex-basis:70%\">\n<div class=\"wp-block-file\"><a id=\"wp-block-file--media-c1612610-fc63-4779-bc34-810666dbf6fd\" href=\"https:\/\/www.quequen.unicen.edu.ar\/wp-content\/uploads\/2024\/11\/TECNICATURA-UNIVERSITARIA-EN-EQUIPAMIENTO-AGROINDUSTRIAL_Mapa-Curricular-1.pdf\">TECNICATURA UNIVERSITARIA EN EQUIPAMIENTO AGROINDUSTRIAL_Mapa Curricular<\/a><a href=\"https:\/\/www.quequen.unicen.edu.ar\/wp-content\/uploads\/2024\/11\/TECNICATURA-UNIVERSITARIA-EN-EQUIPAMIENTO-AGROINDUSTRIAL_Mapa-Curricular-1.pdf\" class=\"wp-block-file__button wp-element-button\" download aria-describedby=\"wp-block-file--media-c1612610-fc63-4779-bc34-810666dbf6fd\">Descarga<\/a><\/div>\n<\/div>\n\n\n\n<div class=\"wp-block-column is-layout-flow wp-block-column-is-layout-flow\" style=\"flex-basis:30%\"><\/div>\n<\/div>\n<\/div>\n\n\n\n<div class=\"wp-block-uagb-tabs-child uagb-tabs__body-container uagb-inner-tab-4\" aria-labelledby=\"uagb-tabs__tab4\">\n<div class=\"wp-block-file\"><a id=\"wp-block-file--media-d8153926-f52f-46ab-a502-3d2daed24162\" href=\"https:\/\/www.quequen.unicen.edu.ar\/wp-content\/uploads\/2025\/03\/RESF_RESFI_No_392_23-1.pdf\">TECNICATURA UNIVERSITARIA EN EQUIPAMIENTO AGROINDUSTRIAL_Resoluci\u00f3n Completa Contenidos M\u00ednimos<\/a><a href=\"https:\/\/www.quequen.unicen.edu.ar\/wp-content\/uploads\/2025\/03\/RESF_RESFI_No_392_23-1.pdf\" class=\"wp-block-file__button wp-element-button\" download aria-describedby=\"wp-block-file--media-d8153926-f52f-46ab-a502-3d2daed24162\">Descarga<\/a><\/div>\n<\/div>\n<\/div><\/div>\n\n\n\n<p><\/p>\n","protected":false},"excerpt":{"rendered":"","protected":false},"author":1,"featured_media":0,"parent":0,"menu_order":0,"comment_status":"closed","ping_status":"closed","template":"","meta":{"_uag_custom_page_level_css":"","site-sidebar-layout":"default","site-content-layout":"default","ast-global-header-display":"","ast-banner-title-visibility":"","ast-main-header-display":"","ast-hfb-above-header-display":"","ast-hfb-below-header-display":"","ast-hfb-mobile-header-display":"","site-post-title":"","ast-breadcrumbs-content":"","ast-featured-img":"","footer-sml-layout":"","theme-transparent-header-meta":"","adv-header-id-meta":"","stick-header-meta":"","header-above-stick-meta":"","header-main-stick-meta":"","header-below-stick-meta":"","footnotes":""},"class_list":["post-4293","page","type-page","status-publish","hentry"],"uagb_featured_image_src":{"full":false,"thumbnail":false,"medium":false,"medium_large":false,"large":false,"news_plugin_small":false,"1536x1536":false,"2048x2048":false},"uagb_author_info":{"display_name":"admin","author_link":"https:\/\/www.quequen.unicen.edu.ar\/?author=1"},"uagb_comment_info":0,"uagb_excerpt":null,"_links":{"self":[{"href":"https:\/\/www.quequen.unicen.edu.ar\/index.php?rest_route=\/wp\/v2\/pages\/4293","targetHints":{"allow":["GET"]}}],"collection":[{"href":"https:\/\/www.quequen.unicen.edu.ar\/index.php?rest_route=\/wp\/v2\/pages"}],"about":[{"href":"https:\/\/www.quequen.unicen.edu.ar\/index.php?rest_route=\/wp\/v2\/types\/page"}],"author":[{"embeddable":true,"href":"https:\/\/www.quequen.unicen.edu.ar\/index.php?rest_route=\/wp\/v2\/users\/1"}],"replies":[{"embeddable":true,"href":"https:\/\/www.quequen.unicen.edu.ar\/index.php?rest_route=%2Fwp%2Fv2%2Fcomments&post=4293"}],"version-history":[{"count":44,"href":"https:\/\/www.quequen.unicen.edu.ar\/index.php?rest_route=\/wp\/v2\/pages\/4293\/revisions"}],"predecessor-version":[{"id":5004,"href":"https:\/\/www.quequen.unicen.edu.ar\/index.php?rest_route=\/wp\/v2\/pages\/4293\/revisions\/5004"}],"wp:attachment":[{"href":"https:\/\/www.quequen.unicen.edu.ar\/index.php?rest_route=%2Fwp%2Fv2%2Fmedia&parent=4293"}],"curies":[{"name":"wp","href":"https:\/\/api.w.org\/{rel}","templated":true}]}}